{"id":100,"date":"2024-07-30T09:35:28","date_gmt":"2024-07-30T09:35:28","guid":{"rendered":"https:\/\/muc2025.mensch-und-computer.de\/?page_id=100"},"modified":"2025-09-01T07:39:00","modified_gmt":"2025-09-01T07:39:00","slug":"chemnitz","status":"publish","type":"page","link":"https:\/\/muc2025.mensch-und-computer.de\/de\/participation\/chemnitz\/","title":{"rendered":"Chemnitz \u2013 Kulturhauptstadt Europas 2025"},"content":{"rendered":"<div class=\"wp-block-buttons is-content-justification-center is-layout-flex wp-container-core-buttons-is-layout-a89b3969 wp-block-buttons-is-layout-flex\">\n<div class=\"wp-block-button has-custom-width wp-block-button__width-75\"><a class=\"wp-block-button__link has-white-color has-text-color has-background has-link-color has-medium-font-size has-custom-font-size wp-element-button\" href=\"https:\/\/chemnitz2025.de\/veranstaltungen\/\" style=\"background-color:#6f42c1\"><strong>Find out more about the Programme<\/strong><\/a><\/div>\n<\/div>\n\n\n\n<div class=\"wp-block-media-text is-stacked-on-mobile is-image-fill-element\"><figure class=\"wp-block-media-text__media\"><img loading=\"lazy\" decoding=\"async\" width=\"543\" height=\"800\" src=\"https:\/\/muc2025.mensch-und-computer.de\/wp-content\/uploads\/2024\/11\/RS831_1107845828-scr.jpg\" alt=\"Side profile from the &quot;Nischel&quot;, a big sculpture of the head of Karl Marx\" class=\"wp-image-417 size-full\" style=\"object-position:50% 50%\" srcset=\"https:\/\/muc2025.mensch-und-computer.de\/wp-content\/uploads\/2024\/11\/RS831_1107845828-scr.jpg 543w, https:\/\/muc2025.mensch-und-computer.de\/wp-content\/uploads\/2024\/11\/RS831_1107845828-scr-204x300.jpg 204w, https:\/\/muc2025.mensch-und-computer.de\/wp-content\/uploads\/2024\/11\/RS831_1107845828-scr-8x12.jpg 8w, https:\/\/muc2025.mensch-und-computer.de\/wp-content\/uploads\/2024\/11\/RS831_1107845828-scr-230x339.jpg 230w, https:\/\/muc2025.mensch-und-computer.de\/wp-content\/uploads\/2024\/11\/RS831_1107845828-scr-350x516.jpg 350w, https:\/\/muc2025.mensch-und-computer.de\/wp-content\/uploads\/2024\/11\/RS831_1107845828-scr-480x707.jpg 480w\" sizes=\"auto, (max-width: 543px) 100vw, 543px\" \/><\/figure><div class=\"wp-block-media-text__content\">\n<p class=\"translation-block\">Chemnitz ist eine 800 Jahre alte Stadt mitten im Herzen von Sachsen, am Tor zum wundersch\u00f6nen Erzgebirge und nahe der Grenze zur Tschechischen Republik. Der Name r\u00fchrt vom sorbischen Wort <em>kamje<\/em> (der Stein) her und bedeutet so viel wie Steinbach oder steiniger Bach. Wer<em> die<\/em> Chemnitz, den durch die Stadt flie\u00dfenden gleichnamigen Fluss, au\u00dferhalb des Stadtgebietes sieht, wei\u00df, dass \u201eSteine\u201c hier durchaus mal die Gr\u00f6\u00dfe von Lieferwagen haben k\u00f6nnen.<\/p>\n\n\n\n<p>Knapp 250.000 Menschen leben hier. Davon studieren etwa 9.000 an der Technischen Universit\u00e4t Chemnitz. Chemnitz blickt auf eine aufregende, durch H\u00f6hen und Tiefen gekennzeichnete Geschichte.<\/p>\n\n\n\n<p class=\"translation-block\">Chemnitz gilt als das Tor zum Erzgebirge. Von dort kam auch der urspr\u00fcngliche Wohlstand: Eisen- und Silbererze und sp\u00e4ter Uran wurden entweder in Chemnitz verarbeitet oder \u00fcber Chemnitz in die Welt transportiert. Im 19. Jahrhundert florierte hier vor allem die Textilindustrie, sp\u00e4ter kam der Automobilbau hinzu. So wurde Chemnitz einst wohlhabend. Und obwohl der Zweite Weltkrieg und der sozialistische St\u00e4dtebau einiges von der alten Sch\u00f6nheit genommen haben, gibt es doch noch so manches zu sehen.<\/p>\n<\/div><\/div>\n\n\n\n<p><\/p>\n\n\n\n<h1 class=\"wp-block-heading\">Chemnitz ist Kulturhauptstadt Europas 2025!<\/h1>\n\n\n\n<figure class=\"wp-block-image size-large\"><img loading=\"lazy\" decoding=\"async\" width=\"1024\" height=\"576\" src=\"https:\/\/muc2025.mensch-und-computer.de\/wp-content\/uploads\/2024\/11\/RS793_Rathaus-scr-1024x576.jpg\" alt=\"Photo of the city hall Chemnitz.\" class=\"wp-image-418\" srcset=\"https:\/\/muc2025.mensch-und-computer.de\/wp-content\/uploads\/2024\/11\/RS793_Rathaus-scr-1024x576.jpg 1024w, https:\/\/muc2025.mensch-und-computer.de\/wp-content\/uploads\/2024\/11\/RS793_Rathaus-scr-300x169.jpg 300w, https:\/\/muc2025.mensch-und-computer.de\/wp-content\/uploads\/2024\/11\/RS793_Rathaus-scr-768x432.jpg 768w, https:\/\/muc2025.mensch-und-computer.de\/wp-content\/uploads\/2024\/11\/RS793_Rathaus-scr-18x10.jpg 18w, https:\/\/muc2025.mensch-und-computer.de\/wp-content\/uploads\/2024\/11\/RS793_Rathaus-scr-1000x563.jpg 1000w, https:\/\/muc2025.mensch-und-computer.de\/wp-content\/uploads\/2024\/11\/RS793_Rathaus-scr-230x129.jpg 230w, https:\/\/muc2025.mensch-und-computer.de\/wp-content\/uploads\/2024\/11\/RS793_Rathaus-scr-350x197.jpg 350w, https:\/\/muc2025.mensch-und-computer.de\/wp-content\/uploads\/2024\/11\/RS793_Rathaus-scr-480x270.jpg 480w, https:\/\/muc2025.mensch-und-computer.de\/wp-content\/uploads\/2024\/11\/RS793_Rathaus-scr.jpg 1400w\" sizes=\"auto, (max-width: 1024px) 100vw, 1024px\" \/><\/figure>\n\n\n\n<p>Erbl\u00fcht in der Zeit der Industrialisierung und dadurch bekannt als \u201eS\u00e4chsisches Manchester\u201c, wuchs Chemnitz schnell zur Gro\u00dfstadt und war Anfang des 20. Jahrhunderts reichste Stadt Deutschlands. Unternehmergeist, gepaart mit Chemnitzer Machermentalit\u00e4t, f\u00fchrte zu innovativen Erfindungen und modernen Errungenschaften. Gleichzeitig sorgten die Unternehmer auch f\u00fcr die kulturelle Bl\u00fcte der Stadt. So entstanden in diesen Zeiten Kultursch\u00e4tze, wie die Kunstsammlungen Chemnitz, beeindruckende Gr\u00fcnderzeitviertel und Villen, die die Stadt bis heute pr\u00e4gen.<\/p>\n\n\n\n<p>Im Verlauf der Jahre erfand sich die Stadt einige Male neu: Aus Chemnitz wurde Karl-Marx-Stadt, die DDR-Zeit pr\u00e4gte die Stadt mit Plattenbauten, Garagen und Kleing\u00e4rten, tausende Menschen verlie\u00dfen die Stadt in der Wendezeit, aus Karl-Marx-Stadt wurde wieder Chemnitz und eines blieb: eine ganz eigene Kultur. Eine Kultur, gepr\u00e4gt vom Machertum.<\/p>\n\n\n\n<p>Die Macherinnen und Macher stehen auch im Rahmen der Kulturhauptstadt Europas 2025 im Fokus und werden ausgehend von der Geschichte den Faden in die Zukunft spinnen. Unter dem Motto \u201eC the Unseen\u201c werden dann unentdeckte Orte erlebbar und das Unsichtbare sichtbar gemacht.<\/p>\n\n\n\n<p>Entdecken Sie diese Orte in Chemnitz genauso wie die renommierten Kunsth\u00e4user, das F\u00fcnf-Sparten-Theater, die Industriekultur, die Schl\u00f6sser und Burgen der Region sowie erste Kunstwerke des Purple Path und lernen Sie die Macherinnen und Macher pers\u00f6nlich kennen.<\/p>\n\n\n\n<figure class=\"wp-block-embed is-type-video is-provider-youtube wp-block-embed-youtube wp-embed-aspect-16-9 wp-has-aspect-ratio\"><div class=\"wp-block-embed__wrapper\">\n<iframe loading=\"lazy\" title=\"CHEMNITZ 2025\" width=\"1170\" height=\"658\" src=\"https:\/\/www.youtube.com\/embed\/l-OnSjbCmtE?feature=oembed\" frameborder=\"0\" allow=\"accelerometer; autoplay; clipboard-write; encrypted-media; gyroscope; picture-in-picture; web-share\" referrerpolicy=\"strict-origin-when-cross-origin\" allowfullscreen><\/iframe>\n<\/div><\/figure>","protected":false},"excerpt":{"rendered":"<p>Chemnitz is an 800-year-old city in the heart of Saxony, at the gateway to the beautiful Ore Mountains and close to the [&hellip;]<\/p>","protected":false},"author":6,"featured_media":0,"parent":94,"menu_order":0,"comment_status":"closed","ping_status":"closed","template":"","meta":{"footnotes":""},"class_list":["post-100","page","type-page","status-publish","hentry"],"_links":{"self":[{"href":"https:\/\/muc2025.mensch-und-computer.de\/de\/wp-json\/wp\/v2\/pages\/100","targetHints":{"allow":["GET"]}}],"collection":[{"href":"https:\/\/muc2025.mensch-und-computer.de\/de\/wp-json\/wp\/v2\/pages"}],"about":[{"href":"https:\/\/muc2025.mensch-und-computer.de\/de\/wp-json\/wp\/v2\/types\/page"}],"author":[{"embeddable":true,"href":"https:\/\/muc2025.mensch-und-computer.de\/de\/wp-json\/wp\/v2\/users\/6"}],"replies":[{"embeddable":true,"href":"https:\/\/muc2025.mensch-und-computer.de\/de\/wp-json\/wp\/v2\/comments?post=100"}],"version-history":[{"count":13,"href":"https:\/\/muc2025.mensch-und-computer.de\/de\/wp-json\/wp\/v2\/pages\/100\/revisions"}],"predecessor-version":[{"id":1785,"href":"https:\/\/muc2025.mensch-und-computer.de\/de\/wp-json\/wp\/v2\/pages\/100\/revisions\/1785"}],"up":[{"embeddable":true,"href":"https:\/\/muc2025.mensch-und-computer.de\/de\/wp-json\/wp\/v2\/pages\/94"}],"wp:attachment":[{"href":"https:\/\/muc2025.mensch-und-computer.de\/de\/wp-json\/wp\/v2\/media?parent=100"}],"curies":[{"name":"wp","href":"https:\/\/api.w.org\/{rel}","templated":true}]}}