{"id":109,"date":"2024-07-30T09:34:28","date_gmt":"2024-07-30T09:34:28","guid":{"rendered":"https:\/\/muc2025.mensch-und-computer.de\/?page_id=109"},"modified":"2025-08-30T12:21:00","modified_gmt":"2025-08-30T12:21:00","slug":"registration","status":"publish","type":"page","link":"https:\/\/muc2025.mensch-und-computer.de\/de\/registration\/","title":{"rendered":"Anmeldung"},"content":{"rendered":"<div class=\"wp-block-buttons is-content-justification-center is-layout-flex wp-container-core-buttons-is-layout-a89b3969 wp-block-buttons-is-layout-flex\">\n<div class=\"wp-block-button has-custom-width wp-block-button__width-50\"><a class=\"wp-block-button__link has-white-color has-text-color has-background has-link-color has-medium-font-size has-custom-font-size wp-element-button\" href=\"https:\/\/www.conftool.pro\/muc2025\/index.php?page=participate\" style=\"background-color:#6f42c1;padding-top:var(--wp--preset--spacing--30);padding-right:0;padding-bottom:var(--wp--preset--spacing--30);padding-left:0\"><strong>Register Here in ConfTool<\/strong><\/a><\/div>\n<\/div>\n\n\n\n<p>Registration on-site:<br><strong>Son &#8211; Tue<\/strong> from <strong>8 am &#8211; 6 pm<\/strong><br><strong>Wed<\/strong> from <strong>8 am &#8211; 10:45 am<\/strong><\/p>\n\n\n\n<p class=\"highlight-box\"><strong>The keynotes and panels are free for the public to watch!<\/strong><\/p>\n\n\n\n<h2 class=\"wp-block-heading\">Teilnahmegeb\u00fchren<\/h2>\n\n\n\n<figure class=\"wp-block-table table-new\"><table><thead><tr><th class=\"has-text-align-left\" data-align=\"left\"><\/th><th class=\"has-text-align-center\" data-align=\"center\">Early (until 31.07.)<\/th><th class=\"has-text-align-center\" data-align=\"center\">Regul\u00e4r<\/th><\/tr><\/thead><tbody><tr><td class=\"has-text-align-left\" data-align=\"left\">Nicht-Mitglieder<\/td><td class=\"has-text-align-center\" data-align=\"center\">580 \u20ac<\/td><td class=\"has-text-align-center\" data-align=\"center\">680 \u20ac<\/td><\/tr><tr><td class=\"has-text-align-left\" data-align=\"left\">Mitglieder (GI, German UPA und ACM)<\/td><td class=\"has-text-align-center\" data-align=\"center\">480 \u20ac<\/td><td class=\"has-text-align-center\" data-align=\"center\">580 \u20ac<\/td><\/tr><tr><td class=\"has-text-align-left\" data-align=\"left\">Studierende* (Nicht-Mitglieder)<\/td><td class=\"has-text-align-center\" data-align=\"center\">180 \u20ac<\/td><td class=\"has-text-align-center\" data-align=\"center\">230 \u20ac<\/td><\/tr><tr><td class=\"has-text-align-left\" data-align=\"left\">Studierende (Mitglieder GI, German UPA und ACM)<\/td><td class=\"has-text-align-center\" data-align=\"center\">120 \u20ac<\/td><td class=\"has-text-align-center\" data-align=\"center\">170 \u20ac<\/td><\/tr><tr><td class=\"has-text-align-left\" data-align=\"left\">Tagesticket<sup>\u2020<\/sup><\/td><td class=\"has-text-align-center\" data-align=\"center\">290 \u20ac<\/td><td class=\"has-text-align-center\" data-align=\"center\">340 \u20ac<\/td><\/tr><tr><td class=\"has-text-align-left\" data-align=\"left\">Tagesticket Studierende<sup>\u2020<\/sup><\/td><td class=\"has-text-align-center\" data-align=\"center\">60 \u20ac<\/td><td class=\"has-text-align-center\" data-align=\"center\">90 \u20ac<\/td><\/tr><tr><td class=\"has-text-align-left\" data-align=\"left\">Dinner ticket (same price for all)<\/td><td class=\"has-text-align-center\" data-align=\"center\"><s>135 \u20ac<\/s> 85 \u20ac<\/td><td class=\"has-text-align-center\" data-align=\"center\"><s>135 \u20ac<\/s> 85 \u20ac<\/td><\/tr><\/tbody><\/table><figcaption class=\"wp-element-caption\"><em>In den Anmeldegeb\u00fchren sind enthalten: Kaffeepausen (31. August bis 3. September), Mittagsverpflegung (31. August bis 2. September), Networking-Dinner (2. September)<\/em><\/figcaption><\/figure>\n\n\n\n<p class=\"highlight-box\"><strong>Studierende*<\/strong><br>die erm\u00e4\u00dfigte Konferenzgeb\u00fchr gilt f\u00fcr eingeschriebene Studierende ohne Arbeitsvertrag, mit nur geringf\u00fcgiger Besch\u00e4ftigung oder einem vergleichbar geringen Stipendium.<\/p>\n\n\n\n<p class=\"highlight-box\"><strong>Tagesticket<sup>\u2020<\/sup><\/strong><br>Das Tagesticket beinhaltet alle Konferenzveranstaltungen, einschlie\u00dflich des Begr\u00fc\u00dfungsempfangs und der Poster-\/Demo-Sessions. Leider umfasst sie <strong>nicht<\/strong> include the networking dinner on September 2nd.<\/p>\n\n\n\n<p>The registration rate includes participation in the entire conference programme \u2013 whether HCI or UPA events. Each participant can thus freely define their own programme from all offered lectures, workshops, and tutorials. The registration rate also includes participation in the demo and poster session and, for most registration types, the evening event.<\/p>\n\n\n\n<p><\/p>","protected":false},"excerpt":{"rendered":"<p>Registration on-site:Son &#8211; Tue from 8 am &#8211; 6 pmWed from 8 am &#8211; 10:45 am The keynotes and panels are free [&hellip;]<\/p>","protected":false},"author":6,"featured_media":0,"parent":0,"menu_order":0,"comment_status":"closed","ping_status":"closed","template":"","meta":{"footnotes":""},"class_list":["post-109","page","type-page","status-publish","hentry"],"_links":{"self":[{"href":"https:\/\/muc2025.mensch-und-computer.de\/de\/wp-json\/wp\/v2\/pages\/109","targetHints":{"allow":["GET"]}}],"collection":[{"href":"https:\/\/muc2025.mensch-und-computer.de\/de\/wp-json\/wp\/v2\/pages"}],"about":[{"href":"https:\/\/muc2025.mensch-und-computer.de\/de\/wp-json\/wp\/v2\/types\/page"}],"author":[{"embeddable":true,"href":"https:\/\/muc2025.mensch-und-computer.de\/de\/wp-json\/wp\/v2\/users\/6"}],"replies":[{"embeddable":true,"href":"https:\/\/muc2025.mensch-und-computer.de\/de\/wp-json\/wp\/v2\/comments?post=109"}],"version-history":[{"count":44,"href":"https:\/\/muc2025.mensch-und-computer.de\/de\/wp-json\/wp\/v2\/pages\/109\/revisions"}],"predecessor-version":[{"id":2054,"href":"https:\/\/muc2025.mensch-und-computer.de\/de\/wp-json\/wp\/v2\/pages\/109\/revisions\/2054"}],"wp:attachment":[{"href":"https:\/\/muc2025.mensch-und-computer.de\/de\/wp-json\/wp\/v2\/media?parent=109"}],"curies":[{"name":"wp","href":"https:\/\/api.w.org\/{rel}","templated":true}]}}