{"id":1122,"date":"2025-07-03T08:52:12","date_gmt":"2025-07-03T08:52:12","guid":{"rendered":"https:\/\/muc2025.mensch-und-computer.de\/?page_id=1122"},"modified":"2025-08-27T14:15:03","modified_gmt":"2025-08-27T14:15:03","slug":"cpux-f-quiz-and-discounted-cpux-f-certification","status":"publish","type":"page","link":"https:\/\/muc2025.mensch-und-computer.de\/de\/programme\/cpux-f-quiz-and-discounted-cpux-f-certification\/","title":{"rendered":"CPUX-F Quiz und verg\u00fcnstigte Zertifizierung zum CPUX-F"},"content":{"rendered":"<p class=\"highlight-box\"><strong>Time:<\/strong> Sunday, 31.08.2025, 09:00am \u2013 12:30pm<br><strong>Room:<\/strong> 2\/W020<\/p>\n\n\n\n<p><strong>Nutzen Sie Ihre Chance auf der MuC 2025 \u2013 CPUX-F Quiz und Zertifikat<\/strong><\/p>\n\n\n\n<p>Mit dem CPUX-F Quiz bereiten wir, Matthias Reisemann und Guido Tesch, Sie unterhaltsam auf die Zertifizierungspr\u00fcfung zum UXQB\u00ae Certified Professional for Usability and User Experience \u2013 Foundation (CPUX-F) vor. Wir sind zwei erfahrene Trainer der CPUX-Trainings und in der Entwicklung der Lehrpl\u00e4ne involviert.<\/p>\n\n\n\n<p>Zus\u00e4tzlich zum Quiz k\u00f6nnen sich Teilnehmende der Mensch und Computer 2025 verg\u00fcnstigt zur CPUX-F Zertifizierung anmelden. Wie und wo ihr euch zur Zertifizierung anmeldet, erfahrt Ihr weiter unten im Abschnitt \"Anmeldung zur CPUX-F Zertifizierung\u201c.<\/p>\n\n\n\n<p><strong>CPUX-F Quiz zur Vorbereitung auf die Zertifizierung<\/strong><\/p>\n\n\n\n<p>Am Sonntag, den 31.8.2025, gibt es im Programm der UP Tutorials\/Workshops ein CPUX-F Quiz. Hier gehen wir jede Menge beispielhafte Pr\u00fcfungsfragen durch, diskutieren die Antworten und geben Tipps, wie ihr am besten die Multiple-Choice Pr\u00fcfung angeht. Dabei streifen wir die meisten Inhalte des CPUX-F Lehrplans.<\/p>\n\n\n\n<p>Bitte \u00fcber das ConfTool zum CPUX-F Quiz anmelden.<\/p>\n\n\n\n<p><strong>Was sind die CPUX-Zertifizierungen? Was sagt das CPUX-F Zertifikat aus?<\/strong><\/p>\n\n\n\n<p>Die Zertifizierungen \u201eUXQB\u00ae Certified Professional for Usability and User Experience\u201c (CPUX) sind der europ\u00e4ische, au\u00dferuniversit\u00e4re Standard f\u00fcr berufliche Weiterbildung in den Themen Nutzer- und Kundenzentrierung, Usability, User Experience und Menschzentrierte Gestaltung (Human-centred Design, HCD).<\/p>\n\n\n\n<p>Inzwischen gibt es mehr als 10.000 CPUX-Zertifizierungen, Tendenz kontinuierlich steigend. Die Zertifikate sind in der Community bei Arbeit- und Auftraggebern bekannt und werden nachgefragt.<\/p>\n\n\n\n<p class=\"translation-block\">Die Zertifizierung zum CPUX-F ist das Foundation Level und legt eine solide Basis des Vorgehens, der Denkweisen, der Begrifflichkeiten und Perspektiven der menschzentrierten Gestaltung. Dar\u00fcber hinaus gibt es Advanced Level Zertifizierungen und Essentials Zertifizierungen, alle Infos dazu findet ihr auf der Website des <a href=\"https:\/\/www.uxqb.org\/\" target=\"_self\">UXQB<\/a>.<\/p>\n\n\n\n<p><strong>Inhalte des Quiz und des CPUX-F<\/strong><\/p>\n\n\n\n<p class=\"translation-block\">Den Lehrplan zum CPUX-F k\u00f6nnt ihr auf der Seite des <a href=\"https:\/\/www.uxqb.org\/\" data-type=\"link\" data-id=\"https:\/\/www.uxqb.org\/\" target=\"_self\">UXQB<\/a> runterladen. Dieser ist die Grundlagen des Quiz, es geht um folgende Themen:<\/p>\n\n\n\n<ul class=\"wp-block-list\">\n<li>Die Menschzentrierte Gestaltung (Human-Centred Design, HCD)<\/li>\n<\/ul>\n\n\n\n<ul class=\"wp-block-list\">\n<li>Grundlegende Begriffe, Konzepte und Richtlinien zu den Themen Usability, User Experience und HCD<\/li>\n\n\n\n<li>Die 5 Aktivit\u00e4ten der Menschzentrierten Gestaltung:\n<ul class=\"wp-block-list\">\n<li>Planung eines menschzentrierten Projektes<\/li>\n\n\n\n<li>Verstehen und Festlegen des Nutzungskontextes<\/li>\n\n\n\n<li>Ableitung der Nutzungsanforderungen&nbsp;<\/li>\n\n\n\n<li>Konzeptbildung und Erstellen von Gestaltungsl\u00f6sungen<\/li>\n\n\n\n<li>Usability-Evaluierung sobald es was zum Testen gibt<\/li>\n<\/ul>\n<\/li>\n<\/ul>\n\n\n\n<p class=\"translation-block\">Alle Dokumente zu den Trainings und Zertifizierungen findet ihr auf der Website des <a href=\"https:\/\/www.uxqb.org\/\" data-type=\"link\" data-id=\"https:\/\/www.uxqb.org\/\" target=\"_self\">UXQB<\/a>.<\/p>\n\n\n\n<p><strong>Welche Vorteile bietet das Quiz, das CPUX-F Zertifikat und weitere CPUX-Zertifizierungen?<\/strong><\/p>\n\n\n\n<ul class=\"wp-block-list\">\n<li>Das Quiz vermittelt Inhalte des Lehrplans und ihr profitiert von unserer Erfahrung, wie ihr am besten die Multiple-Choice Pr\u00fcfung angeht. Wir diskutieren beispielhafte Pr\u00fcfungsfragen, vertiefen das Verst\u00e4ndnis und bereiten euch auf die Pr\u00fcfung vor.<\/li>\n\n\n\n<li>Mit der CPUX-F Zertifizierung besitzt ihr eine unabh\u00e4ngige, international anerkannte Zertifizierung im Bereich HCD, Usability und User Experience. Ihr weist damit nach, dass ihr die Grundlagen des HCD verstanden habt und gut vorbereitet seid, die Nutzerperspektive in Entwicklungsprozessen zu vertreten.<\/li>\n\n\n\n<li>Mit dem CPUX-M gibt es ein Essential, das sich mit der Thematik befasst: Wie bringe ich mehr Nutzer- und Kundenperspektive in Organisationen hinein und st\u00e4rke die Menschzentrierte Gestaltung in meinem Team, Abteilung oder Firma.<\/li>\n\n\n\n<li>Die Advanced Levels vermitteln und \u00fcben ein Best Practice Vorgehen der Nutzerzentrierung im Requirements Engineering, der Konzept- und Prototypenbildung und der Evaluierung. Ihr nehmt ein Vorgehen, die grundlegenden Aktivit\u00e4ten und Perspektiven mit nach Hause und k\u00f6nnt diese dann Schritt f\u00fcr Schritt und St\u00fcck f\u00fcr St\u00fcck im allt\u00e4glichen Arbeiten einbringen.<\/li>\n<\/ul>\n\n\n\n<p><strong>Anmeldung zur CPUX-F Zertifizierung?<\/strong><\/p>\n\n\n\n<ol class=\"wp-block-list\">\n<li>F\u00fcr die Konferenz registrieren und idealerweise am CPUX-F Quiz teilnehmen.&nbsp;<\/li>\n\n\n\n<li>F\u00fcr die verg\u00fcnstigte Zertifizierung zum CPUX-F k\u00f6nnt ihr einen Voucher zur Anmeldung von uns beim Quiz oder am Stand des UXQBs auf der Konferenz bekommen.&nbsp;<\/li>\n\n\n\n<li class=\"translation-block\">Mit dem Voucher meldet Ihr Euch sp\u00e4testens zum 19.10.2025 bei <a href=\"https:\/\/www.certible.com\/de\/Anmeldung\/?cert=CPUXF&amp;country=de&amp;lang=de\" target=\"_self\">Certible<\/a> an. Die Anmeldung ist selbsterkl\u00e4rend, dennoch lasst es euch gerne von uns erkl\u00e4ren, wenn ihr den Voucher abholt. Ihr m\u00fcsst die Pr\u00fcfung bis Ende des Jahres 2025 abgelegt haben.<\/li>\n\n\n\n<li class=\"translation-block\">Uns bleibt somit nur noch euch ganz fest die Daumen zu dr\u00fccken <img width=\"20\" height=\"20\" src=\"https:\/\/lh7-rt.googleusercontent.com\/docsz\/AD_4nXfR82gOyzrvlQUi1rADp7bxSkt-b85bRIHD3u6EORRzGgsY_qF9pZr6CtdFNqBbb5IX378zQKIH2lkmmfPOqH_5D3yn6aw4y2DO36W5GmiRkFQQQrS4PDOIPXcxAI16aCH9JN5z?key=NUusnjYIihyHl-zR23st0A\" alt=\"Gekreuzte Finger\"> \u00fcbrigens eines der wenigen Emojis, das nicht lokalisiert ist.<\/li>\n<\/ol>\n\n\n\n<p><\/p>","protected":false},"excerpt":{"rendered":"<p>Time: Sunday, 31.08.2025, 09:00am \u2013 12:30pmRoom: 2\/W020 Take advantage of this opportunity at MuC 2025 with the CPUX-F quiz and certificate. Matthias [&hellip;]<\/p>","protected":false},"author":6,"featured_media":0,"parent":927,"menu_order":0,"comment_status":"closed","ping_status":"closed","template":"","meta":{"footnotes":""},"class_list":["post-1122","page","type-page","status-publish","hentry"],"_links":{"self":[{"href":"https:\/\/muc2025.mensch-und-computer.de\/de\/wp-json\/wp\/v2\/pages\/1122","targetHints":{"allow":["GET"]}}],"collection":[{"href":"https:\/\/muc2025.mensch-und-computer.de\/de\/wp-json\/wp\/v2\/pages"}],"about":[{"href":"https:\/\/muc2025.mensch-und-computer.de\/de\/wp-json\/wp\/v2\/types\/page"}],"author":[{"embeddable":true,"href":"https:\/\/muc2025.mensch-und-computer.de\/de\/wp-json\/wp\/v2\/users\/6"}],"replies":[{"embeddable":true,"href":"https:\/\/muc2025.mensch-und-computer.de\/de\/wp-json\/wp\/v2\/comments?post=1122"}],"version-history":[{"count":5,"href":"https:\/\/muc2025.mensch-und-computer.de\/de\/wp-json\/wp\/v2\/pages\/1122\/revisions"}],"predecessor-version":[{"id":1575,"href":"https:\/\/muc2025.mensch-und-computer.de\/de\/wp-json\/wp\/v2\/pages\/1122\/revisions\/1575"}],"up":[{"embeddable":true,"href":"https:\/\/muc2025.mensch-und-computer.de\/de\/wp-json\/wp\/v2\/pages\/927"}],"wp:attachment":[{"href":"https:\/\/muc2025.mensch-und-computer.de\/de\/wp-json\/wp\/v2\/media?parent=1122"}],"curies":[{"name":"wp","href":"https:\/\/api.w.org\/{rel}","templated":true}]}}