{"id":13,"date":"2023-12-28T10:30:52","date_gmt":"2023-12-28T10:30:52","guid":{"rendered":"https:\/\/muc2025.mensch-und-computer.de\/?page_id=13"},"modified":"2025-06-06T07:25:06","modified_gmt":"2025-06-06T07:25:06","slug":"full-paper","status":"publish","type":"page","link":"https:\/\/muc2025.mensch-und-computer.de\/de\/hci\/full-paper\/","title":{"rendered":"Langbeitr\u00e4ge \/ Full Paper"},"content":{"rendered":"<div class=\"wp-block-ideabox-toc ib-block-toc\" data-anchors='h2,h3,h4,h5,h6' data-collapsable='true' ><div class=\"ib-toc-container ib-toc-list-style-numbers ib-toc-hierarchical ib-toc-expanded\"><div class=\"ib-toc-header\"><div class=\"ib-toc-header-title\">Inhaltsverzeichnis<\/div><div class=\"ib-toc-header-right\"><span class=\"ib-toc-icon-collapse\"><span class=\"dashicon dashicons dashicons-minus\"><\/span><\/span><span class=\"ib-toc-icon-expand\"><span class=\"dashicon dashicons dashicons-plus\"><\/span><\/span><\/div><\/div><div class=\"ib-toc-separator\" style=\"background-color:#aaaaaa;height:2px\"><\/div><div class=\"ib-toc-body\"><ol class=\"ib-toc-anchors\"><\/ol><\/div><\/div><\/div>\n\n\n\n<h2 class=\"wp-block-heading\">Infos auf einen Blick<\/h2>\n\n\n\n<p>Kontakt f\u00fcr alle Fragen: <a href=\"mailto:papers@mensch-und-computer.de\">papers@mensch-und-computer.de<\/a><\/p>\n\n\n\n<ul class=\"wp-block-list\">\n<li>Die Frist f\u00fcr die Einreichung von Beitr\u00e4gen endet am Donnerstag, 10. April 2025, <a href=\"https:\/\/time.is\/Anywhere_on_Earth\">AoE<\/a> <em>(Freitag, 11. April 2025, 14:00 Uhr MESZ)<\/em> (<strong>KEINE VERL\u00c4NGERUNGEN<\/strong>).<\/li>\n\n\n\n<li>Die L\u00e4nge der Beitr\u00e4ge sollte dem Thema entsprechen und in der Regel zwischen 4.000 und 9.000 W\u00f6rtern liegen. \u00dcberm\u00e4\u00dfig lange Beitr\u00e4ge (mehr als 12.000 W\u00f6rter) k\u00f6nnen abgelehnt werden.<\/li>\n\n\n\n<li>Die Einreichungen werden doppelt anonymisiert begutachtet.<\/li>\n\n\n\n<li>Die Langbeitr\u00e4ge k\u00f6nnen auf Englisch oder Deutsch eingereicht werden.<\/li>\n\n\n\n<li>Die Abwicklung der Einreichungen erfolgt durch <a href=\"https:\/\/new.precisionconference.com\/\" target=\"_blank\" rel=\"noreferrer noopener\">Precision Conference<\/a>.<\/li>\n<\/ul>\n\n\n\n<h2 class=\"wp-block-heading\">Aufruf f\u00fcr Langbeitr\u00e4ge \/ Full Papers \u2013 Thema \"Digital Diversity\"<\/h2>\n\n\n\n<p>The \u201cMensch und Computer\u201d (MuC) conference, launched in 2001, is the largest conference series on human-computer interaction in the EU. It will take place in Chemnitz, a European Capital of Culture in 2025.<\/p>\n\n\n\n<p>Our theme for 2025 is \u201cDigital Diversity\u201d, exemplifying the myriad cultures, languages and regional practices that not only define us but continue to evolve and take shape in the digital age. This resonates with the explicit and active position of the Chemnitz University of Technology (<a href=\"https:\/\/www.tu-chemnitz.de\/tu\/diversity\/index.html\">https:\/\/www.tu-chemnitz.de\/tu\/diversity\/index.html<\/a>).<\/p>\n\n\n\n<p>The word <em>Diversity<\/em> has Latin roots, namely <em>Dis-<\/em> und <em>Vertere<\/em>, which, when taken together, means &#8220;to turn in different directions&#8221;. In other words, <em>Diversity<\/em> is an active initiative to turn away from conformity and uniformity. While adherence to norms and the pursuit of common goals can strengthen and mobilize communities, we remain and will always be inherently diverse as individuals. At MuC 2025, we seek an open discussion on whether and how digitalization has created a fertile environment for fostering and supporting diverse needs and requirements, providing equal access to opportunities for all.<\/p>\n\n\n\n<p>Digitalization has drastically lowered the costs and raised the accessibility of many services that, previously, had only physically existed in-real-life. From online shopping to filling out tax forms, it has granted those with limited physical mobility access to services. Nonetheless, this has greatly streamlined our behavior in the digital world. For the sake of convenience, we are often willing to accept the loss of choice so long as it is in the name of \u201cbest\u201d practices\u2014rarely pausing to consider \u201cbest for whom\u201d. Increasingly, we rely on digital agents to provide us with the truth, rarely questioning &#8220;Whose truth?&#8221;.<\/p>\n\n\n\n<p>Digitalization could work for us as well as against us, individuals with diverse dreams and preferences, needs and requirements.<\/p>\n\n\n\n<p>Although it is not required for contributions to relate to this theme, we welcome work on under-served and marginalized communities (e.g., through participatory design approaches), work on how digital technology has been appropriated for purposes that they were not designed for, implications for design and implementation, and recommendations and good practices (e.g., reporting).<\/p>\n\n\n\n<h3 class=\"wp-block-heading\">Beitragsarten<\/h3>\n\n\n\n<ul class=\"wp-block-list\">\n<li>Empirisch-Qualitativ, z.B. Ethnographie, qualitative Nutzerstudien.<\/li>\n\n\n\n<li>Empirisch-Quantitativ, z. B. quantitative Nutzerstudien, statistische Methoden, Datenmodellierung.<\/li>\n\n\n\n<li>Empirisch-Mixed Methods, z.B. kombinierte qualitative und quantitative empirische Forschung.<\/li>\n\n\n\n<li>Technisch,\n z.B. Entwicklung neuartiger Systeme, Algorithmen, Visualisierungen, \nArchitekturen und die Implementierung neuer Funktionen in bestehende Systeme.<\/li>\n\n\n\n<li>Artefakt-Design, z.B. Forschung durch Design, Visionen, Richtlinien, Methoden und Techniken.<\/li>\n\n\n\n<li>Theoretisch, z. B. konzeptionelle Frameworks, theoretische Analysen und Aufs\u00e4tze.<\/li>\n\n\n\n<li>Meta-Forschung, z. B. Meta-Analysen, systematische Reviews.<\/li>\n<\/ul>\n\n\n\n<h3 class=\"wp-block-heading\">Wichtige Termine<\/h3>\n\n\n\n<p>Alle Fristen sind festgelegt auf <a href=\"https:\/\/time.is\/Anywhere_on_Earth\">Anywhere on Earth (AoE)<\/a>. Im Gegensatz zu den vergangenen Jahren wird die Frist zu einem sp\u00e4teren Zeitpunkt nicht verl\u00e4ngert. Bitte betrachten Sie alle Termine und Zeiten als endg\u00fcltig.&nbsp;<\/p>\n\n\n\n<p><strong>Einreichung der Beitr\u00e4ge: <\/strong>Do, 10. April 2025 <a href=\"https:\/\/time.is\/Anywhere_on_Earth\">AoE<\/a> <em>(Fr, 11. April 2025, 14:00 MESZ)<\/em> <strong>(KEINE VERL\u00c4NGERUNGEN)<\/strong><\/p>\n\n\n\n<p><strong>Benachrichtigung \u00fcber die Auswahl: <\/strong>Di, 27. Mai 2025 <a href=\"https:\/\/time.is\/Anywhere_on_Earth\">AoE<\/a> <em>(Mi, 28. Mai 2025, 14:00 Uhr MESZ)<\/em> <\/p>\n\n\n\n<p><strong>Frist zur finalen Einreichung (camera-ready):<\/strong>Di, 10. Juni 2025 <a href=\"https:\/\/time.is\/Anywhere_on_Earth\">AoE<\/a> <em>(Mi, 11. Juni 2025, 14:00 Uhr MESZ)<\/em> <\/p>\n\n\n\n<h2 class=\"wp-block-heading\">Vorbereitung Ihres Langbeitrags zur Einreichung<\/h2>\n\n\n\n<p>We recommend that submitted papers range between 4,000 and 9,000 words; however, the contribution should reflect the length, and excessively long papers (more than 12,000 words) may be desk rejected. If a paper is less than 4,000 words, we strongly recommend that you submit your work to the <a href=\"https:\/\/muc2025.mensch-und-computer.de\/de\/call-for-papers\/hci\/short-paper\/\">Track f\u00fcr Kurzbeitr\u00e4ge<\/a>. Regardless, text length is expected to match the contribution made. Papers can be submitted either in English or in German. Papers in German require an English translation of the title and abstract to be added to the submission (as a subtitle and second abstract; this does not count towards the word count).<\/p>\n\n\n\n<h3 class=\"wp-block-heading\">Formatierung<\/h3>\n\n\n\n<p>Die Einreichung muss mit den<a href=\"https:\/\/www.acm.org\/publications\/authors\/submissions\"> LaTeX or Word templates from ACM<\/a>erstellt werden. Die korrekte Vorlage f\u00fcr die Einreichung ist entweder die einspaltige Word-Submission-Vorlage oder die einspaltige LaTeX-Vorlage mit <code>\\documentclass[manuscript,review,anonymous]{acmart}.<\/code><\/p>\n\n\n\n<h3 class=\"wp-block-heading\">Erg\u00e4nzende Materialien<\/h3>\n\n\n\n<p>All videos and supplementary material must be anonymized. Videos should include closed captions as well as audio descriptions; see <a href=\"https:\/\/www.sigaccess.org\/welcome-to-sigaccess\/resources\/accessible-presentation-guide\/\">Accessible Presentation Guide<\/a>). Weitere erg\u00e4nzende Materialien (z. B. Umfragetexte, Versuchsprotokolle, Quellcode, Daten) sollten als einzelne .zip-Datei eingereicht werden, die eine README-Datei mit einer Beschreibung der Inhalte enth\u00e4lt. Das Haupt-PDF der Einreichung muss unabh\u00e4ngig verst\u00e4ndlich sein \u2013 erg\u00e4nzende Materialien dienen nur zur zus\u00e4tzlichen Kontextualisierung.<\/p>\n\n\n\n<h3 class=\"wp-block-heading\">Einreichung<\/h3>\n\n\n\n<p>Die Einreichung erfolgt \u00fcber das <a href=\"https:\/\/new.precisionconference.com\/\" target=\"_blank\" rel=\"noreferrer noopener\"><a href=\"https:\/\/new.precisionconference.com\/\">Precision Conference<\/a><\/a>verwendet. Die Autoren k\u00f6nnen ihre Beitr\u00e4ge bis zur Einreichungsfrist einreichen und bearbeiten. Sollten Sie Schwierigkeiten oder technische Probleme haben oder Fragen zu diesem Verfahren, wenden Sie sich bitte an die Vortragsvorsitzenden unter <a href=\"mailto:papers@mensch-und-computer.de\">papers@mensch-und-computer.de<\/a>.\u00a0<\/p>\n\n\n\n<h3 class=\"wp-block-heading\">Integrit\u00e4t der Metadaten<\/h3>\n\n\n\n<p>All submission metadata, including required fields in <a href=\"https:\/\/new.precisionconference.com\/\"><a href=\"https:\/\/new.precisionconference.com\/\">Precision Conference<\/a><\/a> like author names, affiliations, and order, must be complete and correct by the submission deadline. This information is crucial to the integrity of the review process and author representation. No changes to metadata after this deadline will be allowed.<\/p>\n\n\n\n<h3 class=\"wp-block-heading\">Barrierefreiheit&nbsp;<\/h3>\n\n\n\n<p>Von den Autor*innen wird erwartet, dass sie den SIGCHI-Leitfaden f\u00fcr eine barrierefreie Einreichung befolgen - <a href=\"https:\/\/sigchi.org\/conferences\/author-resources\/accessibility-guide\/\">SIGCHI Guide to an Accessible Submission<\/a>. Wenn Sie Fragen oder Bedenken bez\u00fcglich der Erstellung barrierefreier Beitr\u00e4ge haben, wenden Sie sich bitte fr\u00fchzeitig an die DEI &amp; Accessibility Chairs unter <a href=\"mailto:accessibility@mensch-und-computer.de\">accessibility@mensch-und-computer.de<\/a> (je n\u00e4her der Abgabetermin r\u00fcckt, desto weniger Zeit hat das Team, um auf individuelle Anfragen zu reagieren). Beitr\u00e4ge, die von einem*einer Gutachter*in als nicht  barrierefrei werden, m\u00fcssen neu zugewiesen werden. Bitte beachten Sie, dass wir uns zwar bem\u00fchen, jeden Beitrag den besten Gutachter*innen zuzuordnen, dass aber die besten Gutachter*innen f\u00fcr eine Arbeit m\u00f6glicherweise nicht in der Lage sind, einen nicht barrierefreien Beitrag zu begutachten.<\/p>\n\n\n\n<h3 class=\"wp-block-heading\">Inklusivit\u00e4t<\/h3>\n\n\n\n<p>Bei der Erstellung von Beitr\u00e4gen sollte auf einen respektvollen Sprachgebrauch geachtet werden, insbesondere im Hinblick auf Randgruppen, vor allem in Bezug auf <a href=\"https:\/\/www.morgan-klaus.com\/gender-guidelines.html\">Geschlecht<\/a> und <a href=\"https:\/\/www.sigaccess.org\/welcome-to-sigaccess\/resources\/accessible-writing-guide\/\">Behinderungen<\/a>.<\/p>\n\n\n\n<h3 class=\"wp-block-heading\">Anonymit\u00e4t<\/h3>\n\n\n\n<p>All submissions need to be fully anonymized. This includes any appendices or supplemental material as well as a potential acknowledgements section. Relevant prior works of the authors must be cited explicitly, but we recommend using neutral phrasings (e.g., \u2018As previously shown by\u2026\u2019 as opposed to \u2018As we have shown previously\u2026\u2019).&nbsp; Reviewing will be conducted in a double-anonymous fashion, i.e., reviewers and authors are anonymous to each other. Papers that violate the anonymization policy, including supplemental materials or external links to datasets, code repositories, etc., will be desk rejected.<\/p>\n\n\n\n<h3 class=\"wp-block-heading\">Forschung mit menschlichen Teilnehmer*innen<\/h3>\n\n\n\n<p>Als Forscher*in haben Sie die vorrangige Verpflichtung, das Wohlergehen und die Sicherheit der Teilnehmer*innen zu sch\u00fctzen und sicherzustellen, dass sie fair und mit Respekt behandelt werden. F\u00fcr ein breiteres und tieferes Verst\u00e4ndnis der zugrunde liegenden ethischen Prinzipien empfehlen wir die folgenden Dokumente der Europ\u00e4ischen Kommission zu<a href=\"https:\/\/ec.europa.eu\/info\/funding-tenders\/opportunities\/docs\/2021-2027\/horizon\/guidance\/ethics-in-social-science-and-humanities_he_en.pdf\">\u201eEthics in Social Science and Humanities\u201c<\/a>und<a href=\"https:\/\/ec.europa.eu\/info\/funding-tenders\/opportunities\/docs\/2021-2027\/horizon\/guidance\/research-ethics-in-ethnography-anthropology_he_en.pdf\">\u201eResearch Ethics in Ethnography\/Anthropology\"<\/a>. Dazu geh\u00f6rt, Gutes zu tun (beneficence), Schaden zu vermeiden (non-malificence) und die Autonomie, das Wohlbefinden, die Sicherheit und die W\u00fcrde aller Forschungsteilnehmer*innen zu sch\u00fctzen. Dar\u00fcber hinaus m\u00fcssen alle Forscher*innen, die mit Teilnehmer*innen forschen, angemessene ethische und rechtliche Standards einhalten, wie im folgenden Dokument dargelegt: <a href=\"https:\/\/www.acm.org\/publications\/policies\/research-involving-human-participants-and-subjects\">ACM Publications Policy on Research Involving Human Participants and Subjects dargelegt.<\/a>.<\/p>\n\n\n\n<h3 class=\"wp-block-heading\">Verwendung generativer KI-Werkzeuge<\/h3>\n\n\n\n<p>Alle Autor*innen sollten sich der <a href=\"https:\/\/www.acm.org\/publications\/policies\/new-acm-policy-on-authorship\">ACM-Richtlinie zur Autorenschaft<\/a>, which articulates the authorised use of generative AI in submitted works. Text generated from a large-scale language model (LLM), such as GPT, must be clearly marked where such tools are used for purposes beyond editing the author\u2019s text. All authors are responsible for the content created by these tools, the use of the tools must be disclosed (e.g., in the acknowledgements), and the tool cannot be listed as an author. As such, authors are responsible for plagiarism, misrepresentation, fabrication, or falsification of content and\/or references generated through the use of generative AI tools and could be sanctioned with penalties, such as a publication ban. We will investigate submissions brought to our attention and will reject papers where LLM use is not clearly marked.<\/p>\n\n\n\n<h2 class=\"wp-block-heading\">Auswahlverfahren<\/h2>\n\n\n\n<p>Die eingereichten Langbeitr\u00e4ge \/ Full Paper werden im Rahmen eines Begutachtungsverfahrens <a href=\"https:\/\/www.acm.org\/publications\/policies\/pre-publication-evaluation\">formell gepr\u00fcft<\/a> by international peer HCI researchers and practitioners. Papers can be either Accepted with minor revisions or Rejected; there will be no rebuttal or revision phase. The criteria for evaluation are as follows:<\/p>\n\n\n\n<ul class=\"wp-block-list\">\n<li>Beitrag\/Bedeutung des Beitrags f\u00fcr Mensch und Computer: Pr\u00e4sentiert diese Arbeit Forschungsbeitr\u00e4ge oder Ideen, die interessante Gespr\u00e4che unter den Konferenzteilnehmern anregen werden?<\/li>\n\n\n\n<li>Signifikanz: Wie wichtig ist das Problem oder die Frage, die in diesem Beitrag behandelt wird? Gibt es ein Publikum auf der Konferenz, das diese Arbeit einflussreich und\/oder \u00fcberzeugend finden w\u00fcrde?<\/li>\n\n\n\n<li>Originality\/Novelty: How does the work build on or speak to existing work in the area? Does it make a novel contribution?<\/li>\n\n\n\n<li>Korrektheit\/Validit\u00e4t: Wie gut sind die gew\u00e4hlten Methoden in der Arbeit beschrieben und begr\u00fcndet?<\/li>\n\n\n\n<li>Klarheit: Wie klar, verst\u00e4ndlich und zielgerichtet ist die Arbeit geschrieben? Inwieweit entspricht der Beitrag allen Anforderungen?<\/li>\n<\/ul>\n\n\n\n<p>Der Beitrag sollte keine sensiblen, privaten oder gesch\u00fctzten Informationen enthalten, die zum Zeitpunkt der Ver\u00f6ffentlichung nicht offengelegt werden k\u00f6nnen. Alle Einreichungen werden w\u00e4hrend der Pr\u00fcfung als vertraulich betrachtet. Alle abgelehnten Einsendungen werden auf unbegrenzte Dauer vertraulich behandelt.<\/p>\n\n\n\n<p>For a sustainable reviewing process, all authors are required to volunteer as reviewers for at least two papers via <a href=\"https:\/\/new.precisionconference.com\/\"><\/a><a href=\"https:\/\/new.precisionconference.com\/\" target=\"_blank\" rel=\"noreferrer noopener\">Precision Conference<\/a>.<\/p>\n\n\n\n<h2 class=\"wp-block-heading\">Nach Annahme Ihres Langbeitrags \/ Full Paper<\/h2>\n\n\n\n<h3 class=\"wp-block-heading\">Fertigstellung der Publikation \/ Camera Ready<\/h3>\n\n\n\n<p>Information on this process is published <a href=\"https:\/\/muc2025.mensch-und-computer.de\/de\/publication-ready-author-instructions\/papers\/\" data-type=\"page\" data-id=\"855\">hier<\/a>.<\/p>\n\n\n\n<h3 class=\"wp-block-heading\">Auf der Konferenz<\/h3>\n\n\n\n<p>F\u00fcr jede akzeptierte Einreichung muss sich mindestens ein Autor f\u00fcr die <strong>gesamte<\/strong> Konferenz anmelden und die eigene Arbeit synchron pers\u00f6nlich oder per Video pr\u00e4sentieren. Die Autoren k\u00f6nnen auf Englisch und Deutsch pr\u00e4sentieren, wir empfehlen jedoch, englische Folien zu verwenden.<\/p>\n\n\n\n<h3 class=\"wp-block-heading\">Nach der Konferenz<\/h3>\n\n\n\n<p>Informationen zum Ablauf werden ver\u00f6ffentlicht, sobald die Benachrichtigungen zur Annahme an die einreichenden Autoren versandt worden sind.<\/p>","protected":false},"excerpt":{"rendered":"<p>Info at a Glance Contact for any questions: papers@mensch-und-computer.de Call for Full Papers \u2013 Theme \u201cDigital Diversity\u201d The \u201cMensch und Computer\u201d (MuC) [&hellip;]<\/p>","protected":false},"author":3,"featured_media":0,"parent":745,"menu_order":0,"comment_status":"closed","ping_status":"closed","template":"","meta":{"footnotes":""},"class_list":["post-13","page","type-page","status-publish","hentry"],"_links":{"self":[{"href":"https:\/\/muc2025.mensch-und-computer.de\/de\/wp-json\/wp\/v2\/pages\/13","targetHints":{"allow":["GET"]}}],"collection":[{"href":"https:\/\/muc2025.mensch-und-computer.de\/de\/wp-json\/wp\/v2\/pages"}],"about":[{"href":"https:\/\/muc2025.mensch-und-computer.de\/de\/wp-json\/wp\/v2\/types\/page"}],"author":[{"embeddable":true,"href":"https:\/\/muc2025.mensch-und-computer.de\/de\/wp-json\/wp\/v2\/users\/3"}],"replies":[{"embeddable":true,"href":"https:\/\/muc2025.mensch-und-computer.de\/de\/wp-json\/wp\/v2\/comments?post=13"}],"version-history":[{"count":16,"href":"https:\/\/muc2025.mensch-und-computer.de\/de\/wp-json\/wp\/v2\/pages\/13\/revisions"}],"predecessor-version":[{"id":1080,"href":"https:\/\/muc2025.mensch-und-computer.de\/de\/wp-json\/wp\/v2\/pages\/13\/revisions\/1080"}],"up":[{"embeddable":true,"href":"https:\/\/muc2025.mensch-und-computer.de\/de\/wp-json\/wp\/v2\/pages\/745"}],"wp:attachment":[{"href":"https:\/\/muc2025.mensch-und-computer.de\/de\/wp-json\/wp\/v2\/media?parent=13"}],"curies":[{"name":"wp","href":"https:\/\/api.w.org\/{rel}","templated":true}]}}