{"id":15,"date":"2023-12-28T10:59:14","date_gmt":"2023-12-28T10:59:14","guid":{"rendered":"https:\/\/muc2025.mensch-und-computer.de\/?page_id=15"},"modified":"2025-07-31T10:24:19","modified_gmt":"2025-07-31T10:24:19","slug":"short-paper","status":"publish","type":"page","link":"https:\/\/muc2025.mensch-und-computer.de\/de\/hci\/short-paper\/","title":{"rendered":"Kurzbeitr\u00e4ge \/ Short Paper"},"content":{"rendered":"<div class=\"wp-block-ideabox-toc ib-block-toc\" data-anchors='h2,h3,h4,h5,h6' data-collapsable='true' ><div class=\"ib-toc-container ib-toc-list-style-numbers ib-toc-hierarchical ib-toc-expanded\"><div class=\"ib-toc-header\"><div class=\"ib-toc-header-title\">Inhaltsverzeichnis<\/div><div class=\"ib-toc-header-right\"><span class=\"ib-toc-icon-collapse\"><span class=\"dashicon dashicons dashicons-minus\"><\/span><\/span><span class=\"ib-toc-icon-expand\"><span class=\"dashicon dashicons dashicons-plus\"><\/span><\/span><\/div><\/div><div class=\"ib-toc-separator\" style=\"background-color:#aaaaaa;height:2px\"><\/div><div class=\"ib-toc-body\"><ol class=\"ib-toc-anchors\"><\/ol><\/div><\/div><\/div>\n\n\n\n<h2 class=\"wp-block-heading\"><strong>Infos auf einen Blick<\/strong><\/h2>\n\n\n\n<h3 class=\"wp-block-heading\"><strong>Wichtige Termine<\/strong><\/h3>\n\n\n\n<p class=\"translation-block\">Alle Zeiten sind in der Zeitzone Anywhere on Earth (AoE) angegeben. Wenn die Frist am Tag D endet, ist der letztm\u00f6gliche Zeitpunkt f\u00fcr die Einreichung der Tag, an dem D AoE endet. \u00dcberpr\u00fcfen Sie Ihre Ortszeit in AoE - <a href=\"https:\/\/time.is\/Anywhere_on_Earth\" target=\"_self\">Anywhere on Earth (AoE) time zone.<\/a><\/p>\n\n\n\n<ul class=\"wp-block-list\">\n<li><strong>Einreichungsfrist: <\/strong>10. Juni 2025, <a href=\"https:\/\/time.is\/Anywhere_on_Earth\">AoE<\/a> (11. Juni 2025, 14:00 CEST).<\/li>\n\n\n\n<li><strong>Benachrichtigung: <\/strong>8. Juli 2025, <a href=\"https:\/\/time.is\/Anywhere_on_Earth\">AoE<\/a> (09. Juli 2025, 14:00 CEST)<\/li>\n\n\n\n<li class=\"translation-block\">Im Falle der Annahme: <strong>Abgabetermin f\u00fcr druckfertige Version:<\/strong> July 30th, 2025, <a href=\"https:\/\/time.is\/Anywhere_on_Earth\" target=\"_self\">AoE<\/a> (31. Juli 2025, 14:00 CEST)<\/li>\n\n\n\n<li class=\"translation-block\">Im Falle der Ablehnung des Beitrags \u2013 detaillierte Erkl\u00e4rung unten: ggf. <strong>erneute Einreichung als Work-in-Progress<\/strong>: 14. Juli 2025, <a href=\"https:\/\/time.is\/Anywhere_on_Earth\" target=\"_self\">AoE<\/a> (15. Juli 2025, 14:00 CEST)<\/li>\n<\/ul>\n\n\n\n<h3 class=\"wp-block-heading\"><strong>Einreichungsdetails<\/strong><\/h3>\n\n\n\n<ul class=\"wp-block-list\">\n<li>Die Abwicklung der Einreichungen erfolgt durch<a href=\"https:\/\/new.precisionconference.com\/\"> Precision Conference<\/a> (PCS)<\/li>\n\n\n\n<li>Einreichungen und druckfertige Versionen m\u00fcssen den entsprechenden <a href=\"https:\/\/www.acm.org\/publications\/proceedings-template\">ACM-Vorlagen<\/a> und dem <a href=\"https:\/\/sigchi.org\/conferences\/author-resources\/accessibility-guide\/\">sowie den SIGCHI-Zug\u00e4nglichkeitsrichtlinien.<\/a><\/li>\n<\/ul>\n\n\n\n<h3 class=\"wp-block-heading\"><strong>Einreichungsformat<\/strong><\/h3>\n\n\n\n<ul class=\"wp-block-list\">\n<li>Die Beitr\u00e4ge k\u00f6nnen bis zu 6 Seiten lang sein (ohne Referenzen).<\/li>\n\n\n\n<li>inreichungen sind anonym zu halten und d\u00fcrfen keine Autor*innennamen, Institutionen oder Kontaktinformationen enthalten.<\/li>\n\n\n\n<li>Die Langbeitr\u00e4ge k\u00f6nnen auf Englisch oder Deutsch eingereicht werden.<\/li>\n<\/ul>\n\n\n\n<h2 class=\"wp-block-heading\"><strong>Nachricht der Short Paper Chairs<\/strong><\/h2>\n\n\n\n<p>Der Short Paper Track bietet der Mensch und Computer Gemeinschaft die M\u00f6glichkeit, neue und aufregende Beitr\u00e4ge zu pr\u00e4sentieren, die innovative Technologien vorstellen, fr\u00fchere Forschungsdiskussionen erweitern, kurze und in sich abgeschlossene Studien beschreiben oder neue Forschungsarbeiten und Ideen anregen. Wir begr\u00fc\u00dfen Einreichungen zu einer Vielzahl von Themen und Methoden. Beispiele k\u00f6nnten sein:<\/p>\n\n\n\n<ul class=\"wp-block-list\">\n<li>Eine originelle und innovative Technologie, Methode oder ein Prototyp mit oder ohne begleitende Evaluierung<\/li>\n\n\n\n<li>Eine kurze qualitative oder quantitative Studie mit einer vollst\u00e4ndigen Analyse<\/li>\n\n\n\n<li>Eine \u201eFortsetzung\u201c eines fr\u00fcheren Forschungsbeitrags<\/li>\n\n\n\n<li>Ein \u201ePrequel\u201c, das zu neuen Gespr\u00e4chen oder zuk\u00fcnftiger Arbeit anregt oder provoziert<\/li>\n\n\n\n<li>Ein theoretischer oder methodologischer Beitrag, der neue Diskussionen f\u00fcr die Disziplin anregt<\/li>\n<\/ul>\n\n\n\n<p>Wir ermutigen alle Mitglieder der Mensch und Computer Gemeinschaft und Neueinsteiger, Kurzbeitr\u00e4ge einzureichen, um n\u00fctzliches Feedback zu erhalten, Diskussionen zu f\u00f6rdern und wertvolle und originelle Ideen auf der Konferenz zu teilen.<\/p>\n\n\n\n<p>Angesichts des diesj\u00e4hrigen Konferenz-Themas  laden wir insbesondere Arbeiten ein, die sich kritisch und reflektiert mit \u201eDigitaler Vielfalt\u201c auseinandersetzen.&nbsp;<\/p>\n\n\n\n<p>Alle Kurzbeitr\u00e4ge werden formell begutachtet und ver\u00f6ffentlicht und stellen somit Archiv-Ver\u00f6ffentlichungen dar.<\/p>\n\n\n\n<h2 class=\"wp-block-heading\"><strong>Vorbereitung und Einreichung Ihres Kurzbeitrags<\/strong><\/h2>\n\n\n\n<p>Die Kurzbeitr\u00e4ge m\u00fcssen \u00fcber das <a href=\"https:\/\/new.precisionconference.com\/\">PCS Submission System<\/a>Die Einreichung sollte den Beitrag selbst und s\u00e4mtliche zugeh\u00f6rigen Metadaten enthalten. Sie kann auch einen optionalen Anhang und\/oder zus\u00e4tzliches Material beinhalten. F\u00fcr die Einreichung gelten die folgenden Kriterien:&nbsp;<\/p>\n\n\n\n<ul class=\"wp-block-list\">\n<li><strong>Paper<\/strong>: Das Hauptmaterial der Einreichung besteht aus einem erweiterten Abstract gem\u00e4\u00df der \u201cACM Master Article Submission Template\u201d-Vorlage (einspaltig; bis zu 6 Seiten, ohne Literaturverzeichnis).<\/li>\n\n\n\n<li>Informationen, die f\u00fcr das Verst\u00e4ndnis des Papiers wesentlich sind (z. B. Studienprotokoll, statistische Analyse usw.), m\u00fcssen in den Hauptteil des Papiers aufgenommen werden und werden auf das Seitenlimit angerechnet.<\/li>\n\n\n\n<li>Ein optionaler Anhang in der Paperdatei kann weitere Informationen zu Illustrationszwecken enthalten.<\/li>\n\n\n\n<li>Erg\u00e4nzende Materialdateien k\u00f6nnen per ZIP-Upload bereitgestellt werden. Die Materialien sind nicht Teil des Haupttextes und werden zum Verst\u00e4ndnis nicht ben\u00f6tigt, k\u00f6nnen aber zus\u00e4tzliche Details enthalten, z. B. f\u00fcr die Replikation, und k\u00f6nnen in den erg\u00e4nzenden Materialteil aufgenommen werden (nicht in den Hauptteil der Arbeit). Diese werden nicht auf das Seitenlimit angerechnet.<\/li>\n\n\n\n<li>Die Beitr\u00e4ge k\u00f6nnen entweder auf Englisch oder auf Deutsch eingereicht werden.&nbsp;<\/li>\n<\/ul>\n\n\n\n<p>Bitte beachten Sie, dass Gutachter*innen nicht verpflichtet sind, den Anhang oder erg\u00e4nzendes Material zu pr\u00fcfen, um ein gutes Verst\u00e4ndnis der pr\u00e4sentierten Studie, Analyse oder Ergebnisse zu erhalten.<\/p>\n\n\n\n<h3 class=\"wp-block-heading\"><strong>Formatierung<\/strong><\/h3>\n\n\n\n<p class=\"translation-block\">Autor*innen m\u00fcssen die einspaltige ACM-Manuskript-Vorlage verwenden. Die Vorbereitung der Einreichung wird auf der <a href=\"https:\/\/www.acm.org\/publications\/proceedings-template\" target=\"_self\">ACM Primary-Template-Website<\/a> beschrieben. Der TAPS-Workflow wird hier beschrieben: <a href=\"https:\/\/authors.acm.org\/proceedings\/production-information\/taps-production-workflow\" target=\"_self\">ACM\u2019s TAPS workflow page<\/a>.<\/p>\n\n\n\n<p class=\"translation-block\"><strong>F\u00fcr LaTex<\/strong> sind die aktuellen Vorlagen (Overleaf oder LaTeX-Vorlagen) auf der Seite \u201c<a href=\"https:\/\/authors.acm.org\/proceedings\/production-information\/preparing-your-article-with-latex\" target=\"_self\">Preparing your article with LaTeX<\/a>\u201d der ACM zu finden. Die Vorlagen sind unter Verwendung von <em>\\documentclass[manuscript,review,anonymous]{acmart}<\/em> zu nutzen.<\/p>\n\n\n\n<p class=\"translation-block\"><strong>F\u00fcr Word<\/strong> kann die richtige Vorlage auf der folgenden Seite gefunden werden: <a href=\"https:\/\/authors.acm.org\/proceedings\/production-information\/preparing-your-article-with-microsoft-word\" target=\"_self\">Preparing your article with Word<\/a><\/p>\n\n\n\n<h3 class=\"wp-block-heading\"><strong>Integrit\u00e4t der Metadaten<\/strong><\/h3>\n\n\n\n<p>S\u00e4mtliche Einreichungsmetadaten, einschlie\u00dflich der erforderlichen Felder im PCS, wie die Namen der Autor*innen, Institutionen und die Reihenfolge dieser, m\u00fcssen bis zur Einreichungsfrist vollst\u00e4ndig und korrekt sein. Diese Informationen sind entscheidend f\u00fcr die Integrit\u00e4t des Begutachtungsprozesses und die Darstellung der Autoren. \u00c4nderungen an den Metadaten nach dieser Frist sind nicht mehr m\u00f6glich.<\/p>\n\n\n\n<h3 class=\"wp-block-heading\"><strong>Barrierefreiheit&nbsp;<\/strong><\/h3>\n\n\n\n<p>Von den Autor*innen wird erwartet, dass sie den SIGCHI-Leitfaden f\u00fcr eine barrierefreie Einreichung befolgen - <a href=\"https:\/\/sigchi.org\/conferences\/author-resources\/accessibility-guide\/\">SIGCHI Guide to an Accessible Submission<\/a>befolgen. Sollten Sie Fragen oder Bedenken zur Erstellung barrierefreier Einreichungen haben, wenden Sie sich bitte fr\u00fchzeitig im Schreibprozess an die DEI &amp; Accessibility Chairs unter <a href=\"mailto:accessibility@mensch-und-computer.de\">accessibility@mensch-und-computer.de<\/a> (je n\u00e4her der Abgabetermin r\u00fcckt, desto weniger Zeit hat das Team, um auf individuelle Anfragen zu reagieren). Beitr\u00e4ge, die von einem*einer Gutachter*in als nicht  barrierefrei werden, m\u00fcssen neu zugewiesen werden. Bitte beachten Sie, dass wir uns zwar bem\u00fchen, jeden Beitrag den besten Gutachter*innen zuzuordnen, dass aber die besten Gutachter*innen f\u00fcr eine Arbeit m\u00f6glicherweise nicht in der Lage sind, einen nicht barrierefreien Beitrag zu begutachten.<\/p>\n\n\n\n<h3 class=\"wp-block-heading\"><strong>Inklusivit\u00e4t<\/strong><\/h3>\n\n\n\n<p class=\"translation-block\">Bei der Vorbereitung der Beitr\u00e4ge sollte aktiv auf einen respektvollen Sprachgebrauch geachtet werden, insbesondere gegen\u00fcber Randgruppen, vor allem in Bezug auf <a href=\"https:\/\/www.morgan-klaus.com\/gender-guidelines.html\" target=\"_self\">Geschlecht<\/a> oder <a href=\"https:\/\/www.sigaccess.org\/welcome-to-sigaccess\/resources\/accessible-writing-guide\/\" target=\"_self\">Behinderung<\/a>.<\/p>\n\n\n\n<h3 class=\"wp-block-heading\"><strong>Anonymit\u00e4t<\/strong><\/h3>\n\n\n\n<p>Alle Einreichungen m\u00fcssen vollst\u00e4ndig anonymisiert werden. Dies umfasst auch Anh\u00e4nge oder erg\u00e4nzende Materialien sowie eine m\u00f6gliche Danksagung. Im Hinblick auf fr\u00fchere eigene Arbeiten der Autor*innen empfehlen wir eine explizite Zitierung, jedoch die Vermeidung von Formulierungen wie \u201eWie wir zuvor gezeigt haben\u2026\u201c zugunsten neutraler Formulierungen (z.B. \u201eWie zuvor gezeigt von\u2026\u201c). Die Begutachtung erfolgt in einem doppel-anonymisierten Verfahren, d.h. Gutachter*innen und Autor*innen verbleiben f\u00fcr einander anonym. Kurzbeitr\u00e4ge, die gegen die Anonymisierungsrichtlinien versto\u00dfen, werden abgelehnt. Dies gilt auch einschlie\u00dflich s\u00e4mtlicher Angaben innerhalb von erg\u00e4nzenden Materialien oder externen Links zu Datens\u00e4tzen, Code-Repositories usw.<\/p>\n\n\n\n<h3 class=\"wp-block-heading\"><strong>Forschung mit menschlichen Teilnehmer*innen<\/strong><\/h3>\n\n\n\n<p class=\"translation-block\">Als Forscher*in haben Sie die vorrangige Verpflichtung, das Wohlergehen und die Sicherheit der Teilnehmer*innen zu sch\u00fctzen und sicherzustellen, dass sie fair und mit Respekt behandelt werden. F\u00fcr ein breiteres und tieferes Verst\u00e4ndnis der zugrunde liegenden ethischen Prinzipien empfehlen wir die folgenden Dokumente der Europ\u00e4ischen Kommission zu \u201e<a href=\"https:\/\/ec.europa.eu\/info\/funding-tenders\/opportunities\/docs\/2021-2027\/horizon\/guidance\/ethics-in-social-science-and-humanities_he_en.pdf\" target=\"_self\">Ethik in Sozialwissenschaften und Geisteswissenschaften<\/a>\u201c und \"<a href=\"https:\/\/ec.europa.eu\/info\/funding-tenders\/opportunities\/docs\/2021-2027\/horizon\/guidance\/research-ethics-in-ethnography-anthropology_he_en.pdf\" target=\"_self\">Forschungsethik in der Ethnographie\/Anthropologie<\/a>\". Diese beinhalten Gutes tun (Wohlt\u00e4tigkeit), Schaden vermeiden (Nicht-Sch\u00e4digung) und den Schutz der Autonomie, des Wohlbefindens, der Sicherheit und W\u00fcrde aller Forschungsteilnehmenden. Zudem m\u00fcssen alle Forscher*Innen, die Teilnehmende einbeziehen, die entsprechenden ethischen und rechtlichen Standards erf\u00fcllen, wie sie im folgenden Dokument aufgef\u00fchrt sind: <a href=\"https:\/\/www.acm.org\/publications\/policies\/research-involving-human-participants-and-subjects\" target=\"_self\">ACM-Publikationsrichtlinien f\u00fcr Forschung mit menschlichen Teilnehmer*innen<\/a>.<\/p>\n\n\n\n<h3 class=\"wp-block-heading\"><strong>Verwendung generativer KI-Werkzeuge<\/strong><\/h3>\n\n\n\n<p class=\"translation-block\">Alle Autor*innen sollten sich der  <a href=\"https:\/\/www.acm.org\/publications\/policies\/new-acm-policy-on-authorship\" target=\"_self\">ACM-Richtlinie zur Autorenschaft<\/a> bewusst sein, die den autorisierten Einsatz von generativer KI in eingereichten Arbeiten darlegt. Text, der von einem gro\u00dfen Sprachmodell (LLM) wie ChatGPT generiert wurde, muss deutlich gekennzeichnet werden, wenn solche Werkzeuge f\u00fcr Zwecke verwendet werden, die \u00fcber das Bearbeiten des eigenen Textes hinausgehen. Alle Autor*innen sind f\u00fcr den Inhalt verantwortlich, der von solchen Werkzeugen erstellt wurde. Der Einsatz der Werkzeuge muss offengelegt werden (z.B. in der Danksagung), und das Werkzeug kann nicht als Autor*in genannt werden. Autor*innen sind somit verantwortlich f\u00fcr Plagiate, Falschdarstellungen, Fabrikation oder F\u00e4lschung von Inhalten und\/oder Referenzen, die durch die Verwendung von generativen KI-Werkzeugen erstellt wurden, und k\u00f6nnten mit Sanktionen, wie einem Ver\u00f6ffentlichungsverbot, belegt werden. Wir werden Einreichungen untersuchen, die uns gemeldet werden, und Kurzbeitr\u00e4ge ablehnen, bei denen die Verwendung von LLM nicht deutlich gekennzeichnet ist.<\/p>\n\n\n\n<h2 class=\"wp-block-heading\"><strong>Auswahlverfahren<\/strong><\/h2>\n\n\n\n<p>Die eingereichten Kurzbeitr\u00e4ge \/ Short Paper werden im Rahmen eines Begutachtungsverfahrens <a href=\"https:\/\/www.acm.org\/publications\/policies\/pre-publication-evaluation\">formell gepr\u00fcft<\/a> und Sie erhalten ein Feedback von den Gutachtern. Die Kriterien f\u00fcr die Bewertung sind wie folgt:<\/p>\n\n\n\n<ul class=\"wp-block-list\">\n<li>Beitrag\/Bedeutung des Kurzbeitrags f\u00fcr Mensch und Computer: Pr\u00e4sentiert diese Arbeit Forschungsbeitr\u00e4ge oder Ideen, die interessante Gespr\u00e4che unter den Konferenzteilnehmern anregen werden?<\/li>\n\n\n\n<li>Signifikanz: Wie wichtig ist das Problem oder die Frage, die in diesem Beitrag behandelt wird? Gibt es ein Publikum auf der Konferenz, das diese Arbeit einflussreich und\/oder \u00fcberzeugend finden w\u00fcrde?<\/li>\n\n\n\n<li>Originalit\u00e4t\/Neuheit: Wie baut die Arbeit auf bestehende Arbeiten in diesem Bereich auf? Leistet sie einen neuen Beitrag?<\/li>\n\n\n\n<li>Korrektheit\/Validit\u00e4t: Wie gut sind die gew\u00e4hlten Methoden in der Arbeit beschrieben und begr\u00fcndet?<\/li>\n\n\n\n<li>Klarheit: Wie klar, verst\u00e4ndlich und zielgerichtet ist die Arbeit geschrieben? Inwieweit entspricht der Beitrag allen Anforderungen?<\/li>\n<\/ul>\n\n\n\n<p>Die Einreichung darf keine sensiblen, privaten oder propriet\u00e4ren Informationen enthalten, die zum Zeitpunkt der Ver\u00f6ffentlichung nicht offengelegt werden d\u00fcrfen. Alle Einreichungen werden w\u00e4hrend der Begutachtung vertraulich behandelt. Alle abgelehnten und nicht-ver\u00f6ffentlichten Einreichungen werden dauerhaft vertraulich behandelt.<\/p>\n\n\n\n<p class=\"translation-block\">F\u00fcr einen nachhaltigen Begutachtungsprozess ermutigen wir alle Autor*innen, sich als Gutachter*innen \u00fcber <a href=\"https:\/\/new.precisionconference.com\/\" target=\"_self\">Precision Conference<\/a> freiwillig zu melden.<\/p>\n\n\n\n<h2 class=\"wp-block-heading\"><strong>Nach Annahme Ihres Kurzbeitrags<\/strong><\/h2>\n\n\n\n<p>Die publikationsfertige Version muss den <a href=\"https:\/\/www.acm.org\/publications\/proceedings-template\">latest LaTeX and Word templates from ACM<\/a> und dem <a href=\"https:\/\/authors.acm.org\/proceedings\/production-information\/taps-production-workflow\">TAPS-Workflow<\/a>folgen. Sollten Sie technische Unterst\u00fctzung ben\u00f6tigen, wenden Sie sich bitte an die Proceedings Chairs unter <a href=\"mailto:publications@mensch-und-computer.de\" target=\"_blank\" rel=\"noreferrer noopener\">publications@mensch-und-computer.de<\/a>. Authors whose paper is written in German are required to provide an English abstract and title that accompanies the German one. Papers will be published in the <a href=\"https:\/\/dl.acm.org\">ACM Digital Library<\/a>.<\/p>\n\n\n\n<p>Autor*innen von angenommenen Beitr\u00e4gen erhalten eine R\u00fcckmeldung \u00fcber \u00c4nderungen, die an ihren Kurzbeitr\u00e4gen bis zur Ver\u00f6ffentlichungsfrist vorgenommen werden m\u00fcssen&nbsp;<\/p>\n\n\n\n<h2 class=\"wp-block-heading\"><strong>Nach Ablehnung Ihres Kurzbeitrags<\/strong><\/h2>\n\n\n\n<p class=\"translation-block\">Beitr\u00e4ge, die in der formalen Begutachtung abgelehnt werden, aber methodisch, formal und ethisch einwandfrei sind und zu interessanten Diskussionen in der Community f\u00fchren k\u00f6nnen, erhalten eine Einladung zur Pr\u00e4sentation der Arbeit auf der Mensch und Computer als Work-In-Progress. In diesem Fall werden die Autor*innen gefragt, ob sie ihre Arbeiten als Poster auf der Konferenz pr\u00e4sentieren und den Beitrag in der <a href=\"https:\/\/dl.gi.de\/\" target=\"_self\">GI Library<\/a> ver\u00f6ffentlichen wollen. Eine Ver\u00f6ffentlichung in der ACM Digital Library erfolgt hierbei <strong>nicht<\/strong>. Nach Erhalt dieser Einladung per E-Mail und um dieses Angebot anzunehmen, m\u00fcssen die Autor*innen den Beitrag erneut bis zum 14. Juli AoE als Work-In-Progress einreichen (Details hierzu in der Einladung).<\/p>\n\n\n\n<h2 class=\"wp-block-heading\"><strong>Auf der Konferenz<\/strong><\/h2>\n\n\n\n<p>F\u00fcr jeden angenommenen Kurzbeitrag und jeden Work-In-Progress-Beitrag muss mindestens ein*e Autor*in pers\u00f6nlich an der Konferenz teilnehmen und ein Poster pr\u00e4sentieren, damit der Beitrag in den Tagungsband aufgenommen werden kann. Den Autor*innen wird ein Tag und eine Uhrzeit zugewiesen, an dem ihr Poster auf der Konferenz vorzustellen ist. Die Poster sollten (1) den Titel des Kurzbeitrags oder Work-In-Progress, die Namen der Autor*innen und ihre Organisationszugeh\u00f6rigkeit, (2) einen pr\u00e4gnanten \u00dcberblick \u00fcber die Forschungsarbeit, (3) klare Illustrationen der wichtigsten Aspekte des Kurzbeitrags oder Work-In-Progress und (4) eine ansprechende visuelle Gestaltung beinhalten. Die Poster k\u00f6nnen auch QR-Codes enthalten, die auf Online-Materialien (z. B. Szenario-Videos und interaktive Prototypen) verweisen. Auf der Konferenz werden f\u00fcr die Posterpr\u00e4sentationen keine Steckdosen oder audiovisuelle\/konkurrierende Ger\u00e4te zur Verf\u00fcgung gestellt.<\/p>\n\n\n\n<h2 class=\"wp-block-heading\"><strong>Nach der Konferenz<\/strong><\/h2>\n\n\n\n<p class=\"translation-block\">Nach der Konferenz werden die angenommenen Kurzbeitr\u00e4ge in den Mensch und Computer Conference Proceedings ver\u00f6ffentlicht, die in der <a href=\"https:\/\/dl.acm.org\/\" class=\"broken_link\" target=\"_self\">ACM Digital Library<\/a> verf\u00fcgbar sind, wo sie f\u00fcr Tausende von Forschern und Praktikern weltweit zug\u00e4nglich bleiben. Abgelehnte Kurzbeitr\u00e4ge, die eine Einladung erhalten haben und auf der MuC'25 als Work-In-Progress pr\u00e4sentiert wurden, werden in der <a href=\"https:\/\/dl.gi.de\/\" target=\"_self\">GI Library<\/a> ver\u00f6ffentlicht.<\/p>\n\n\n\n<p><\/p>","protected":false},"excerpt":{"rendered":"<p>Info at a Glance Important Dates All times are in Anywhere on Earth (AoE) time zone. When the deadline is day D, [&hellip;]<\/p>","protected":false},"author":3,"featured_media":0,"parent":745,"menu_order":0,"comment_status":"closed","ping_status":"closed","template":"","meta":{"footnotes":""},"class_list":["post-15","page","type-page","status-publish","hentry"],"_links":{"self":[{"href":"https:\/\/muc2025.mensch-und-computer.de\/de\/wp-json\/wp\/v2\/pages\/15","targetHints":{"allow":["GET"]}}],"collection":[{"href":"https:\/\/muc2025.mensch-und-computer.de\/de\/wp-json\/wp\/v2\/pages"}],"about":[{"href":"https:\/\/muc2025.mensch-und-computer.de\/de\/wp-json\/wp\/v2\/types\/page"}],"author":[{"embeddable":true,"href":"https:\/\/muc2025.mensch-und-computer.de\/de\/wp-json\/wp\/v2\/users\/3"}],"replies":[{"embeddable":true,"href":"https:\/\/muc2025.mensch-und-computer.de\/de\/wp-json\/wp\/v2\/comments?post=15"}],"version-history":[{"count":11,"href":"https:\/\/muc2025.mensch-und-computer.de\/de\/wp-json\/wp\/v2\/pages\/15\/revisions"}],"predecessor-version":[{"id":1376,"href":"https:\/\/muc2025.mensch-und-computer.de\/de\/wp-json\/wp\/v2\/pages\/15\/revisions\/1376"}],"up":[{"embeddable":true,"href":"https:\/\/muc2025.mensch-und-computer.de\/de\/wp-json\/wp\/v2\/pages\/745"}],"wp:attachment":[{"href":"https:\/\/muc2025.mensch-und-computer.de\/de\/wp-json\/wp\/v2\/media?parent=15"}],"curies":[{"name":"wp","href":"https:\/\/api.w.org\/{rel}","templated":true}]}}