{"id":603,"date":"2025-02-03T13:59:13","date_gmt":"2025-02-03T13:59:13","guid":{"rendered":"https:\/\/muc2025.mensch-und-computer.de\/?page_id=603"},"modified":"2025-08-27T14:34:30","modified_gmt":"2025-08-27T14:34:30","slug":"workshops","status":"publish","type":"page","link":"https:\/\/muc2025.mensch-und-computer.de\/de\/hci\/workshops\/","title":{"rendered":"Workshops"},"content":{"rendered":"<div class=\"wp-block-ideabox-toc ib-block-toc\" data-anchors='h2,h3,h4,h5,h6' data-collapsable='true' ><div class=\"ib-toc-container ib-toc-list-style-numbers ib-toc-hierarchical ib-toc-expanded\"><div class=\"ib-toc-header\"><div class=\"ib-toc-header-title\">Inhaltsverzeichnis<\/div><div class=\"ib-toc-header-right\"><span class=\"ib-toc-icon-collapse\"><span class=\"dashicon dashicons dashicons-minus\"><\/span><\/span><span class=\"ib-toc-icon-expand\"><span class=\"dashicon dashicons dashicons-plus\"><\/span><\/span><\/div><\/div><div class=\"ib-toc-separator\" style=\"height:2px\"><\/div><div class=\"ib-toc-body\"><ol class=\"ib-toc-anchors\"><\/ol><\/div><\/div><\/div>\n\n\n\n<h2 class=\"wp-block-heading\">Infos auf einen Blick<\/h2>\n\n\n\n<p>Kontakt f\u00fcr alle Fragen: <a href=\"mailto:workshops@mensch-und-computer.de\">workshops@mensch-und-computer.de<\/a><\/p>\n\n\n\n<p class=\"translation-block\">Alle Zeiten sind in der Zeitzone Anywhere on Earth (AoE) angegeben. Wenn die Frist am Tag D endet, ist der letztm\u00f6gliche Zeitpunkt f\u00fcr die Einreichung der Tag, an dem D AoE endet. \u00dcberpr\u00fcfen Sie Ihre Ortszeit in AoE - <a href=\"https:\/\/time.is\/Anywhere_on_Earth\" target=\"_self\">Anywhere on Earth (AoE) time zone.<\/a><\/p>\n\n\n\n<ul class=\"wp-block-list\">\n<li class=\"translation-block\"><strong>Einsendeschluss f\u00fcr Organisatoren:<\/strong> 14. M\u00e4rz 2025 <strong>(verl\u00e4ngert)<\/strong><\/li>\n\n\n\n<li class=\"translation-block\"><strong>Benachrichtigung an Organisatoren:<\/strong> 19. M\u00e4rz 2025<\/li>\n\n\n\n<li class=\"translation-block\"><strong>Aufruf zur Teilnahme ver\u00f6ffentlicht von den Workshop-Organisatoren und jeweilige Workshop-Website aktiv:<\/strong> am oder vor dem 23. April 2025<\/li>\n\n\n\n<li class=\"translation-block\"><strong>Einsendeschluss f\u00fcr druckreife Beitr\u00e4ge der Organisatoren:<\/strong> 30. Juli 2025<\/li>\n<\/ul>\n\n\n\n<p>Workshops k\u00f6nnen bei Bedarf eine spezifische Einreichungsfrist festlegen, um den jeweiligen Auswahlprozess zu erf\u00fcllen. Dabei m\u00fcssen sie jedoch die Fristen f\u00fcr die druckreife Version sowie f\u00fcr die Fr\u00fchregistrierung ber\u00fccksichtigen.<\/p>\n\n\n\n<h2 class=\"wp-block-heading\">Nachricht der Workshop-Chairs<\/h2>\n\n\n\n<p>We invite you to submit proposals for workshops at Mensch und Computer. Workshops are a gathering place for attendees with shared interests to meet in the context of a focused and interactive discussion. Workshops are an opportunity to move a field forward and build community: a chance to find people who care about the same issues, questions, and research agendas as you. Workshops may address any topic relevant to the HCI community, e.g., questions of basic research and applied research, HCI practice, HCI education, new methodologies, emerging application areas, ethics, sustainability, or design innovations. <s>Most workshops (half or full-day) take place on Sunday before the start of the technical program, but workshops can also be run on Monday or Tuesday.&nbsp;<\/s><\/p>\n\n\n\n<p>Workshops k\u00f6nnen jedes Thema behandeln, das f\u00fcr die HCI-Gemeinschaft relevant ist, z.\u202fB. Fragestellungen der Grundlagen- und angewandten Forschung, HCI-Praxis, HCI-Ausbildung, neue Methoden, aufkommende Anwendungsbereiche, Ethik, Nachhaltigkeit oder Design-Innovationen. Die meisten Workshops (Halb- oder Ganztagesveranstaltungen) finden am Sonntag vor Beginn des technischen Programms statt, jedoch k\u00f6nnen Workshops auch am Montag oder Dienstag abgehalten werden.<\/p>\n\n\n\n<p>Als Workshop-Vorsitzende werden wir eine sorgf\u00e4ltig kuratierte Liste von Workshops erstellen, die den Bed\u00fcrfnissen und W\u00fcnschen der Gemeinschaft entspricht. Bitte beachten Sie, dass wir \u00c4nderungen und Erg\u00e4nzungen vorschlagen k\u00f6nnen, beispielsweise die Zusammenlegung von Workshops, wo dies angebracht ist.\n<br><br>\nDer Workshop sollte aktuelle Themen und Ph\u00e4nomene behandeln \u2013 dies h\u00e4ngt auch vom jeweiligen Jahr ab, in dem bestimmte Themen als besonders relevant und interessant erachtet werden. Auch r\u00e4umliche und technische Einschr\u00e4nkungen werden Einfluss auf die Anzahl und Form der ausgew\u00e4hlten Workshops haben.<\/p>\n\n\n\n<h2 class=\"wp-block-heading\">Was ist ein Mensch und Computer Workshop?<\/h2>\n\n\n\n<p><strong>Mensch und Computer Workshops<\/strong> bieten ein offenes Forum f\u00fcr Kurzpr\u00e4sentationen, Diskussionen oder kollaboratives Arbeiten zu einem bestimmten Thema. Die Organisation der Beitr\u00e4ge zu einem Workshop \u2013 von der Einladung bis zur Auswahl (z.\u202fB. basierend auf eingereichten Positionspapieren) \u2013 liegt in der Verantwortung der Workshop-Organisatoren. Ein schriftlicher Beitrag zu den Konferenzbeitr\u00e4gen ist m\u00f6glich, aber keine Voraussetzung f\u00fcr die Durchf\u00fchrung. Bitte entnehmen Sie erg\u00e4nzende Informationen zur Ver\u00f6ffentlichung dem nachfolgenden Text.<\/p>\n\n\n\n<p>Bei einem Workshop sind zwei Gruppen von Personen beteiligt: die Organisatoren und die Teilnehmer. Die Organisatoren sind verantwortlich f\u00fcr das Thema des Workshops, die Logistik und das Endergebnis, w\u00e4hrend die Teilnehmer f\u00fcr den Inhalt und die Diskussion zust\u00e4ndig sind. Im Folgenden finden Sie eine \u00dcbersicht \u00fcber den Einreichungs- und Organisationsprozess:<\/p>\n\n\n\n<ul class=\"wp-block-list\">\n<li><strong>Einreichung:<\/strong> Die Workshop-Organisatoren reichen einen Workshop-Vorschlag bei der Konferenz ein (siehe unten zu Inhalt und Format).<\/li>\n\n\n\n<li><strong>Auswahl:<\/strong> Die Workshop-Vorsitzenden entscheiden, welche Workshops f\u00fcr die Konferenz angenommen werden.<\/li>\n\n\n\n<li><strong>Bewerbung:<\/strong> Sobald ein Workshop angenommen wurde, sind die Organisatoren daf\u00fcr verantwortlich, den Workshop zu bewerben und potenzielle Teilnehmer zu werben.<\/li>\n\n\n\n<li><strong>Aufruf zur Teilnahme:<\/strong> Die Organisatoren werben Teilnehmer f\u00fcr ihren Workshop \u00fcber einen Aufruf zur Teilnahme, der auf der Konferenz-Website ver\u00f6ffentlicht wird und einen Link zur \u00f6ffentlichen Workshop-Website enth\u00e4lt. Dabei legen die Organisatoren auch das Format der Einreichungen fest \u2013 in der Regel handelt es sich dabei um ein Positionspapier.<\/li>\n\n\n\n<li><strong>Begutachtung:<\/strong>Die Organisatoren \u00fcberpr\u00fcfen die Einreichungen anhand ihrer eigenen Kriterien und stellen die endg\u00fcltige Liste der akzeptierten Beitr\u00e4ge zusammen.<\/li>\n<\/ul>\n\n\n\n<h2 class=\"wp-block-heading\">Vorbereitung und Einreichung Ihres Workshop-Vorschlags<\/h2>\n\n\n\n<h3 class=\"wp-block-heading\">Einreichungsdetails<\/h3>\n\n\n\n<ul class=\"wp-block-list\">\n<li>Ein Workshop-Vorschlag besteht aus zwei Teilen:\n<ul class=\"wp-block-list\">\n<li><strong>Der eigentliche Workshop-Vorschlag<\/strong>&nbsp;<\/li>\n\n\n\n<li><strong>Das Workshop-Informationsblatt<\/strong><\/li>\n<\/ul>\n<\/li>\n\n\n\n<li>Einreichung \u00fcber: <a href=\"https:\/\/www.conftool.pro\/muc2025\/\">https:\/\/www.conftool.pro\/muc2025\/<\/a><\/li>\n\n\n\n<li>Workshop-Vorschl\u00e4ge k\u00f6nnen auf Englisch oder Deutsch eingereicht werden. Ebenso kann die Hauptsprache des Workshops Englisch oder Deutsch sein. Bitte geben Sie die Sprache im Voraus klar an.<\/li>\n\n\n\n<li class=\"translation-block\">Einreichungen und finale Versionen m\u00fcssen den jeweiligen ACM-Vorlagen und den SIGCHI-Richtlinien zur Barrierefreiheit entsprechen.<\/li>\n<\/ul>\n\n\n\n<h3 class=\"wp-block-heading\">Einreichungsformat<\/h3>\n\n\n\n<ul class=\"wp-block-list\">\n<li>Workshop-Vorschl\u00e4ge sollten maximal 4 Seiten im einspaltigen Format umfassen (ohne Referenzen; in LaTeX: <code>documentclass[manuscript,review]{acmart})<\/code>. Der Vorschlag sollte folgende Elemente enthalten: \n<ul>\n<li>Abstract<\/li>\n<li>Motivation<\/li>\n<li>Workshop-Modus<\/li>\n<li>Workshop-Aktivit\u00e4ten<\/li>\n<li>Einen 250-W\u00f6rter-Entwurf des Aufrufs zur Teuilnahme<\/li>\n<li>Organisatoren<\/li>\n<li>Referenzen<\/li>\n<\/ul><\/li>\n\n\n\n<li>Einreichungen sind nicht anonym und m\u00fcssen alle Namen der Autor*innen, Zugeh\u00f6rigkeiten und Kontaktinformationen enthalten.<\/li>\n<\/ul>\n\n\n\n<h3 class=\"wp-block-heading\">Workshop-Vorschlag<\/h3>\n\n\n\n<p class=\"translation-block\">Ihre Einreichung muss gem\u00e4\u00df den <a href=\"https:\/\/chi2025.acm.org\/submission-guides\/chi-publication-formats\/\" target=\"_self\">ACM Master Article Submission Templates<\/a> (einspaltig) vorbereitet und \u00fcber ConfTool eingereicht werden. Er darf nicht l\u00e4nger als 4 Seiten (ohne Referenzen) sein und sollte folgende Struktur aufweisen:<\/p>\n\n\n\n<ul class=\"wp-block-list\">\n<li><strong>Abstract:<\/strong> Geben Sie ein 150-W\u00f6rter-Abstract an, das die Absichten und Ergebnisse des Workshops hervorhebt. Dieses wird auch auf der Konferenz-Website ver\u00f6ffentlicht.<\/li>\n\n\n\n<li><strong>Motivation:<\/strong> Legen Sie eine \u00fcberzeugende Begr\u00fcndung f\u00fcr den Workshop dar, beschreiben Sie die zu behandelnden Fragestellungen und nennen Sie konkrete Ziele.<\/li>\n\n\n\n<li><strong>Workshop-Modus<\/strong> Da Mensch und Computer haupts\u00e4chlich als Pr\u00e4senzveranstaltung stattfindet, wird erwartet, dass alle Workshops vor Ort durchgef\u00fchrt werden. Organisatoren k\u00f6nnen jedoch entscheiden, einzelne Sitzungen oder den gesamten Workshop als hybrides, synchrones Ereignis abzuhalten \u2013 z.\u202fB. f\u00fcr Teilnehmer, die nicht pers\u00f6nlich anwesend sein k\u00f6nnen. Bitte beachten Sie, dass wir von den Workshop-Organisatoren erwarten, dass sie eigene Vorkehrungen zur Unterst\u00fctzung ihres hybriden Setups treffen. Sollten Sie hierzu Fragen haben, besprechen wir spezifische F\u00e4lle gerne individuell.&nbsp;<\/li>\n\n\n\n<li class=\"translation-block\"><strong>Workshop Aktivit\u00e4ten<\/strong> Beschreiben Sie die Aktivit\u00e4ten, die Sie w\u00e4hrend des Workshops planen (z.\u202fB. Keynote, Pr\u00e4sentationen von Workshop-Beitr\u00e4gen). Beachten Sie, dass bestimmte Aktivit\u00e4ten voraussetzen k\u00f6nnen, dass Ihre Teilnehmer \u00fcber spezielle F\u00e4higkeiten verf\u00fcgen (z.\u202fB. Stehen, Herumlaufen, \u00fcber l\u00e4ngere Zeit fokussiert bleiben). Erw\u00e4gen Sie im Vorfeld Alternativen oder L\u00f6sungen. Es kann hilfreich sein, die detaillierte Agenda und eine Bitte um Feedback mit Ihren Teilnehmern zu teilen, damit Sie sich gemeinsam vorbereiten k\u00f6nnen. Sollten Sie fr\u00fchzeitig Unterst\u00fctzung ben\u00f6tigen, k\u00f6nnen Sie sich an die DEI &amp; Accessibility Chairs unter <a href=\"mailto:accessibility@mensch-und-computer.de\" target=\"_self\">accessibility@mensch-und-computer.de <\/a> wenden.<\/li>\n\n\n\n<li><strong>Aufruf zur Teilnahme:<\/strong> Verfassen Sie einen 250-W\u00f6rter-Aufruf zur Teilnahme, der auf der Workshop-Website und in relevanten Mailinglisten ver\u00f6ffentlicht wird, um Teilnehmer zu gewinnen. Dieser sollte enthalten:\n<ul class=\"wp-block-list\">\n<li>Das Format und die Ziele des Workshops<\/li>\n\n\n\n<li>Die Auswahlkriterien f\u00fcr Teilnehmer<\/li>\n\n\n\n<li>Anforderungen an die Einreichungen der Teilnehmer (z.\u202fB. zu behandelnde Themen, Seitenumfang, Format)<\/li>\n\n\n\n<li>Die Verwendung von ConfTool als Einreichungssystem<\/li>\n\n\n\n<li>Ob die akzeptierten Workshop-Beitr\u00e4ge in der GI Digital Library ver\u00f6ffentlicht werden (zusammen mit allen anderen Workshop-Beitr\u00e4gen)<\/li>\n\n\n\n<li>Es wird vorausgesetzt, dass mindestens ein Autor jedes akzeptierten Beitrags am Workshop teilnimmt und sich f\u00fcr mindestens einen Konferenztag registriert.\nAu\u00dferdem sollte ein Link zur Workshop-Website enthalten sein.<\/li>\n\n\n\n<li>Ein Link zur Workshop Webseite.<\/li>\n<\/ul>\n<\/li>\n\n\n\n<li><strong>Organisatoren: <\/strong>Stellen Sie die Hintergr\u00fcnde der Organisatoren und deren Relevanz f\u00fcr das Workshop-Thema kurz dar. Der Erstautor wird als Hauptkontaktperson fungieren.<\/li>\n\n\n\n<li><strong>Referenzen:<\/strong> Geben Sie eine Liste relevanter Quellen an.&nbsp;<\/li>\n<\/ul>\n\n\n\n<p>Die Mensch und Computer Extended Abstracts Proceedings werden die finale Workshop-Einreichung enthalten. Die Ver\u00f6ffentlichung von Positionspapieren ist optional.<\/p>\n\n\n\n<h3 class=\"wp-block-heading\">Workshop-Informationsblatt<\/h3>\n\n\n\n<p>In addition to the workshop proposal, please fill out and submit the workshop information sheet, which provides us with organizational details essential for scheduling the workshops<\/p>\n\n\n\n<div class=\"wp-block-file\" style=\"border-style:none;border-width:0px;border-radius:0px;padding-top:0;padding-bottom:0\"><a id=\"wp-block-file--media-44317257-d2c6-47db-8cc8-a54f03f0867c\" href=\"https:\/\/muc2025.mensch-und-computer.de\/wp-content\/uploads\/2025\/02\/WorkshopInformationSheet.docx\" target=\"_blank\" rel=\"noreferrer noopener\">\u2192 Workshop information sheet<\/a><\/div>\n\n\n\n<h3 class=\"wp-block-heading\">Integrit\u00e4t der Metadaten<\/h3>\n\n\n\n<p>All submission metadata, including required fields in <a href=\"https:\/\/www.conftool.pro\/muc2025\/\">ConfTool<\/a> like author names, affiliations, and order, must be complete and correct by the submission deadline. This information is crucial to the integrity of the review process and <a href=\"https:\/\/www.acm.org\/publications\/policies\/authorship-policy#author%20representations\">author representation<\/a>. No changes to metadata after this deadline will be allowed.<\/p>\n\n\n\n<h3 class=\"wp-block-heading\">Barrierefreiheit&nbsp;<\/h3>\n\n\n\n<p>Von den Autor*innen wird erwartet, dass sie den SIGCHI-Leitfaden f\u00fcr eine barrierefreie Einreichung befolgen - <a href=\"https:\/\/sigchi.org\/conferences\/author-resources\/accessibility-guide\/\">SIGCHI Guide to an Accessible Submission<\/a>. Wenn Sie Fragen oder Bedenken bez\u00fcglich der Erstellung barrierefreier Beitr\u00e4ge haben, wenden Sie sich bitte fr\u00fchzeitig an die DEI &amp; Accessibility Chairs unter <a href=\"mailto:accessibility@mensch-und-computer.de\">accessibility@mensch-und-computer.de<\/a> early in the writing process (the closer to the deadline, the less time the team will have to respond to individual requests). Submissions flagged as inaccessible by a reviewer will have to be reassigned. Note that while we strive to match the best reviewer to each paper \u2013 the best reviewers for the work may not be able to review an inaccessible submission.<\/p>\n\n\n\n<h3 class=\"wp-block-heading\">Inklusivit\u00e4t<\/h3>\n\n\n\n<p class=\"translation-block\">Bei der Vorbereitung der Beitr\u00e4ge sollte aktiv auf einen respektvollen Sprachgebrauch geachtet werden, insbesondere gegen\u00fcber Randgruppen, vor allem in Bezug auf <a href=\"https:\/\/www.morgan-klaus.com\/gender-guidelines.html\" target=\"_self\">Geschlecht<\/a> oder <a href=\"https:\/\/www.sigaccess.org\/welcome-to-sigaccess\/resources\/accessible-writing-guide\/\" target=\"_self\">Behinderung<\/a>.<\/p>\n\n\n\n<h3 class=\"wp-block-heading\">Verwendung generativer KI-Werkzeuge<\/h3>\n\n\n\n<p class=\"translation-block\">Alle Autoren sollten sich der  <a href=\"https:\/\/www.acm.org\/publications\/policies\/new-acm-policy-on-authorship\" target=\"_self\">ACM Richtlinie zur Urheberschaft<\/a> bewusst sein, die den zul\u00e4ssigen Einsatz generativer KI in eingereichten Arbeiten regelt. Text, der von einem gro\u00df angelegten Sprachmodell (LLM) wie ChatGPT erzeugt wurde, muss deutlich gekennzeichnet werden, sofern solche Tools \u00fcber die reine Bearbeitung des eigenen Textes hinaus genutzt werden. Alle Autoren sind f\u00fcr den von diesen Tools erstellten Inhalt verantwortlich. Die Nutzung der Tools muss offengelegt werden (z.\u202fB. in den Danksagungen) und das Tool darf nicht als Autor aufgef\u00fchrt werden. Somit haften die Autoren f\u00fcr Plagiate, Falschdarstellungen, Erfindungen oder F\u00e4lschungen von Inhalten und\/oder Referenzen, die durch den Einsatz generativer KI-Tools entstehen, und k\u00f6nnen mit Sanktionen belegt werden, beispielsweise einem Publikationsverbot. Wir werden eingereichte Arbeiten, bei denen der Einsatz von LLM nicht deutlich gekennzeichnet ist, untersuchen und diese ablehnen.<\/p>\n\n\n\n<h2 class=\"wp-block-heading\">Auswahlverfahren<\/h2>\n\n\n\n<p class=\"translation-block\">Die Workshops werden mittels eines Begutachtungsverfahrens ausgew\u00e4hlt. Da Workshops eine jurierte Rubrik darstellen, w\u00e4hlen die Workshop-Vorsitzenden die Workshop-Einreichungen aus. Sobald best\u00e4tigt wurde, dass die Workshops einen grundlegenden Qualit\u00e4tsstandard erf\u00fcllen, basieren die Annahmeentscheidungen darauf, wie ansprechend der Workshop f\u00fcr die Konferenzteilnehmer voraussichtlich sein wird und wie das Gesamtportfolio der vorgeschlagenen Workshops ausbalanciert ist.<\/p>\n\n\n\n<p>Die Workshop-Chairs ber\u00fccksichtigen dabei verschiedene Faktoren, darunter:<\/p>\n\n\n\n<ul class=\"wp-block-list\">\n<li><strong>Neuer Erkenntnisgewinn:<\/strong>\nDas Potenzial des Workshop-Themas, zu neuen Einsichten zu f\u00fchren \u2013 etwa durch eine neue, organisierte Denkweise oder vielversprechende Ans\u00e4tze f\u00fcr zuk\u00fcnftige Arbeiten.<\/li>\n\n\n\n<li><strong>Anregende Diskussionen:<\/strong>\nDas Potenzial des Themas, interessante und stimulierende Diskussionen zu erzeugen.<\/li>\n\n\n\n<li><strong>Struktur:<\/strong>\nDie F\u00e4higkeit der Organisatoren, einen gut strukturierten Workshop vorzulegen.<\/li>\n\n\n\n<li><strong>Interaktivit\u00e4t:<\/strong>\nDie F\u00e4higkeit der Organisatoren, darzulegen, wie der Workshop Interaktivit\u00e4t f\u00f6rdert.<\/li>\n\n\n\n<li><strong>Themenausgewogenheit:<\/strong>\nDas Gesamtverh\u00e4ltnis der Themen im Workshop-Programm und deren Relevanz zum Hauptkonferenzthema.<\/li>\n\n\n\n<li><strong>Workshop-Gr\u00f6\u00dfe:<\/strong>\nDie vorgeschlagene Teilnehmerzahl des Workshops und ob ein klarer, umsetzbarer Plan vorliegt, um f\u00fcr alle Teilnehmer \u2013 insbesondere bei gr\u00f6\u00dferen Workshops \u2013 ein lebendiges Diskussionsumfeld zu schaffen.<\/li>\n\n\n\n<li>Sollten mehrere Einreichungen zu demselben oder \u00e4hnlichen Themen eingehen, werden die beteiligten Organisatoren ermutigt, zusammenzuarbeiten, um die Einreichungen entweder zu fusionieren oder voneinander abzugrenzen.<\/li>\n<\/ul>\n\n\n\n<h2 class=\"wp-block-heading\">Nach Annahme Ihres Workshops<\/h2>\n\n\n\n<p class=\"translation-block\">Der korrespondierende Autor eines bedingt angenommenen Beitrags muss den Anweisungen zur Vorbereitung und Einreichung einer finalen Version bis zum Einsendeschluss f\u00fcr druckreife Beitr\u00e4ge folgen. Sollten die Autoren diese Anforderungen bis zur Frist nicht erf\u00fcllen k\u00f6nnen, werden die Verantwortlichen der Veranstaltung informiert, und es kann erforderlich sein, Ihren Beitrag aus dem Programm zu entfernen. Die druckreife Version muss dem ACM-Template entsprechen. Bei technischem Unterst\u00fctzungsbedarf wenden Sie sich bitte an  <a href=\"mailto:publications@mensch-und-computer.de\" target=\"_self\">publications@mensch-und-computer.de<\/a>..<\/p>\n\n\n\n<p>Wie die Workshop-Teilnehmer m\u00fcssen sich auch die Workshop-Organisatoren f\u00fcr die Konferenz registrieren, um an ihrem Workshop teilzunehmen.<\/p>\n\n\n\n<h3 class=\"wp-block-heading\">Vor der Konferenz<\/h3>\n\n\n\n<p>Die Workshop-Organisatoren sind in der Zeit vor der Konferenz f\u00fcr folgende Aufgaben verantwortlich:<\/p>\n\n\n\n<ul class=\"wp-block-list\">\n<li><strong><strong>\u00dcberpr\u00fcfung der Workshop-Ver\u00f6ffentlichung auf der Konferenz-Website:<\/strong>\nWir verwenden die Angaben aus dem Informationsblatt (Titel, Organisatorenliste, Aufruf zur Teilnahme und Link zur Workshop-Website), um vor der Konferenz einen \u00dcberblick \u00fcber alle Workshops auf der Konferenz-Website zu erstellen. Alle weiteren eingereichten Materialien zu akzeptierten Workshop-Einreichungen werden vertraulich behandelt, bis die Mensch und Computer Extended Abstracts Proceedings ver\u00f6ffentlicht werden. <\/strong>we use the data from the information sheet (title, organizer list, call for participation, and link to the workshop website) to create an overview of all workshops on the conference website prior to the conference. All other submitted materials for accepted workshop proposal submissions will be kept confidential until the publication of the Mensch und Computer Extended Abstracts proceedings.<\/li>\n\n\n\n<li class=\"translation-block\"><strong>Bewerbung Ihres Workshops:<\/strong>\nOrganisatoren eines akzeptierten Workshops m\u00fcssen eine eigene Website einrichten und pflegen, um weiterf\u00fchrende und aktuelle Informationen zum Workshop bereitzustellen. F\u00fcr einen erfolgreichen und gut besuchten Workshop empfehlen wir, den Aufruf zur Teilnahme fr\u00fchzeitig und breit zu verbreiten (z.\u202fB. \u00fcber soziale Medien und relevante Mailinglisten wie FB-MCI und CHI-ANNOUNCEMENTS).<\/li>\n\n\n\n<li class=\"translation-block\"><strong>Werbung um Einreichungen von potenziellen Teilnehmern:<\/strong>\nW\u00e4hrend einige Organisatoren alternative Formate w\u00e4hlen k\u00f6nnen, umrei\u00dft ein Positionspapier in der Regel die Sichtweise des Autors zum Workshop-Thema und die Gr\u00fcnde f\u00fcr das Interesse.<\/li>\n\n\n\n<li class=\"translation-block\"><strong>Auswahl der Teilnehmer:<\/strong>\nW\u00e4hlen Sie die Teilnehmer basierend auf den eingereichten Positionspapieren und Ihren Zielen f\u00fcr den Workshop aus. Die Teilnehmerzahl der Workshops wird vorl\u00e4ufig begrenzt, um die Durchf\u00fchrung am Konferenzort zu erm\u00f6glichen. In solchen F\u00e4llen l\u00e4sst das Registrierungssystem nicht zu, dass sich mehr Teilnehmer f\u00fcr Ihren Workshop anmelden. Bei besonderen Umst\u00e4nden kontaktieren Sie bitte die Workshop-Vorsitzenden, um zu erfragen, ob eine gr\u00f6\u00dfere Teilnehmerzahl m\u00f6glich ist.<\/li>\n\n\n\n<li class=\"translation-block\"><strong>Verteilung der akzeptierten Workshop-Beitr\u00e4ge und Vorab-Materialien:<\/strong>\nMaterialien und akzeptierte Einreichungen sollten den Teilnehmern mindestens 1 Woche vor dem Workshop-Tag zug\u00e4nglich gemacht werden.<\/li>\n\n\n\n<li class=\"translation-block\"><strong>Erstellung einer endg\u00fcltigen Agenda der Workshop-Aktivit\u00e4ten:<\/strong>\nBeachten Sie, dass bestimmte Aktivit\u00e4ten voraussetzen k\u00f6nnen, dass Ihre Teilnehmer \u00fcber spezielle F\u00e4higkeiten verf\u00fcgen (z.\u202fB. Stehen, Herumlaufen, \u00fcber l\u00e4ngere Zeit konzentriert bleiben). Erw\u00e4gen Sie im Vorfeld Alternativen oder L\u00f6sungen und teilen Sie die detaillierte Agenda sowie eine Bitte um Feedback mit Ihren Teilnehmern, damit Sie sich gemeinsam vorbereiten k\u00f6nnen.<\/li>\n\n\n\n<li><strong><strong>Planung von Folgeaktivit\u00e4ten:<\/strong> Entwickeln Sie einen Plan f\u00fcr etwaige Anschlussaktivit\u00e4ten.<\/strong>  <\/li>\n<\/ul>\n\n\n\n<h3 class=\"wp-block-heading\">Auf der Konferenz<\/h3>\n\n\n\n<p>Alle Workshop-Organisatoren und Teilnehmer, die am Workshop teilnehmen, m\u00fcssen f\u00fcr die Konferenz registriert sein. Von den Organisatoren wird erwartet, dass sie die Diskussion moderieren, produktive Interaktionen f\u00f6rdern und die Teilnahme anregen. Der Schwerpunkt sollte auf Gruppendiskussionen liegen und weniger auf der Pr\u00e4sentation einzelner Positionspapiere. Vielfalt der Perspektiven sollte aktiv gef\u00f6rdert und die Diskussionen entsprechend moderiert werden. Alle Organisatoren m\u00fcssen (physisch) beim Workshop anwesend sein. Zudem d\u00fcrfen Organisatoren nicht an mehr als zwei Einreichungen beteiligt sein, um ihre Teilnahme am Workshop zu erm\u00f6glichen.<\/p>\n\n\n\n<h3 class=\"wp-block-heading\">Nach der Konferenz<\/h3>\n\n\n\n<p class=\"translation-block\">Akzeptierte Workshop-Einreichungen werden in den <strong>Mensch und Computer Conference Extended Abstracts<\/strong> ver\u00f6ffentlicht. Sie werden zudem in der  <a href=\"https:\/\/dl.gi.de\/\" target=\"_self\">GI library<\/a> abgelegt, die f\u00fcr Tausende von Forschern und Praktikern weltweit zug\u00e4nglich bleibt.<\/p>\n\n\n\n<p><\/p>","protected":false},"excerpt":{"rendered":"<p>Info at a Glance Contact for any questions: workshops@mensch-und-computer.de All times are in Anywhere on Earth (AoE) time zone. When the deadline [&hellip;]<\/p>","protected":false},"author":11,"featured_media":0,"parent":745,"menu_order":0,"comment_status":"closed","ping_status":"closed","template":"","meta":{"footnotes":""},"class_list":["post-603","page","type-page","status-publish","hentry"],"_links":{"self":[{"href":"https:\/\/muc2025.mensch-und-computer.de\/de\/wp-json\/wp\/v2\/pages\/603","targetHints":{"allow":["GET"]}}],"collection":[{"href":"https:\/\/muc2025.mensch-und-computer.de\/de\/wp-json\/wp\/v2\/pages"}],"about":[{"href":"https:\/\/muc2025.mensch-und-computer.de\/de\/wp-json\/wp\/v2\/types\/page"}],"author":[{"embeddable":true,"href":"https:\/\/muc2025.mensch-und-computer.de\/de\/wp-json\/wp\/v2\/users\/11"}],"replies":[{"embeddable":true,"href":"https:\/\/muc2025.mensch-und-computer.de\/de\/wp-json\/wp\/v2\/comments?post=603"}],"version-history":[{"count":20,"href":"https:\/\/muc2025.mensch-und-computer.de\/de\/wp-json\/wp\/v2\/pages\/603\/revisions"}],"predecessor-version":[{"id":1582,"href":"https:\/\/muc2025.mensch-und-computer.de\/de\/wp-json\/wp\/v2\/pages\/603\/revisions\/1582"}],"up":[{"embeddable":true,"href":"https:\/\/muc2025.mensch-und-computer.de\/de\/wp-json\/wp\/v2\/pages\/745"}],"wp:attachment":[{"href":"https:\/\/muc2025.mensch-und-computer.de\/de\/wp-json\/wp\/v2\/media?parent=603"}],"curies":[{"name":"wp","href":"https:\/\/api.w.org\/{rel}","templated":true}]}}