{"id":711,"date":"2025-03-06T12:34:03","date_gmt":"2025-03-06T12:34:03","guid":{"rendered":"https:\/\/muc2025.mensch-und-computer.de\/?page_id=711"},"modified":"2025-03-21T13:17:39","modified_gmt":"2025-03-21T13:17:39","slug":"tutorials","status":"publish","type":"page","link":"https:\/\/muc2025.mensch-und-computer.de\/de\/hci\/tutorials\/","title":{"rendered":"Tutorials"},"content":{"rendered":"<div class=\"wp-block-ideabox-toc ib-block-toc\" data-anchors='h2,h3' data-collapsable='true' ><div class=\"ib-toc-container ib-toc-list-style-numbers ib-toc-hierarchical ib-toc-expanded\"><div class=\"ib-toc-header\"><div class=\"ib-toc-header-title\">Inhaltsverzeichnis<\/div><div class=\"ib-toc-header-right\"><span class=\"ib-toc-icon-collapse\"><span class=\"dashicon dashicons dashicons-minus\"><\/span><\/span><span class=\"ib-toc-icon-expand\"><span class=\"dashicon dashicons dashicons-plus\"><\/span><\/span><\/div><\/div><div class=\"ib-toc-separator\" style=\"height:2px\"><\/div><div class=\"ib-toc-body\"><ol class=\"ib-toc-anchors\"><\/ol><\/div><\/div><\/div>\n\n\n\n<h2 class=\"wp-block-heading\">Infos auf einen Blick<\/h2>\n\n\n\n<p>Kontakt f\u00fcr alle Fragen: <a href=\"mailto:workshops@mensch-und-computer.de\">workshops@mensch-und-computer.de<\/a><\/p>\n\n\n\n<p class=\"translation-block\">Alle Zeiten sind in der Zeitzone Anywhere on Earth (AoE) angegeben. Wenn die Frist am Tag D endet, ist der letztm\u00f6gliche Zeitpunkt f\u00fcr die Einreichung der Tag, an dem D AoE endet. \u00dcberpr\u00fcfen Sie Ihre Ortszeit in AoE - <a href=\"https:\/\/time.is\/Anywhere_on_Earth\" target=\"_self\">Anywhere on Earth (AoE) time zone.<\/a><\/p>\n\n\n\n<ul class=\"wp-block-list\">\n<li>Submission deadline: 2025-06-11<\/li>\n\n\n\n<li>Notification: 2025-07-09<\/li>\n\n\n\n<li>Publication-ready deadline: 2025-07-30<\/li>\n<\/ul>\n\n\n\n<h2 class=\"wp-block-heading\">Nachricht der Tutorial-Vorsitzenden<\/h2>\n\n\n\n<p>Tutorials erm\u00f6glichen es den Konferenzteilnehmenden, ihr Wissen \u00fcber ihre aktuellen Fachgebiete hinaus zu erweitern. Die Tutorials helfen dabei, neue Methoden, Techniken und Praktiken zu erkunden, neue F\u00e4higkeiten zu entwickeln, um Innovationen zu f\u00f6rdern, und sich inspirieren zu lassen, neue Ideen zu verfolgen.<\/p>\n\n\n\n<p>Die meisten Tutorials finden w\u00e4hrend der gesamten Konferenz statt. Teilnehmende der Tutorials umfassen erfahrene Akademikerinnen, Branchenf\u00fchrerinnen und Praktikerinnen, Studierende, Nachwuchsforscherinnen sowie ein breiteres, allgemein interessiertes Publikum. Bitte geben Sie in Ihrem Vorschlag klar an, welches Publikum erwartet wird.<\/p>\n\n\n\n<p>Tutorials k\u00f6nnen (aber sind nicht darauf beschr\u00e4nkt) die folgenden Bereiche abdecken:\n<br>\n<ul>\n<li>Forschungsmethoden, Design, Ingenieurwesen und berufliche Kompetenzen.\nBeispielsweise k\u00f6nnte ein Tutorial folgende Themen beinhalten:<\/li>\n<\/ul><\/p>\n\n\n\n<ul class=\"wp-block-list\">\n<li>Grundlegende Konzepte der HCI-Forschung und -Praxis<\/li>\n\n\n\n<li>Spezialisierte Tutorials, die sich in etablierte und\/oder aufstrebende Bereiche der Forschung und Praxis vertiefen \u2013 einschlie\u00dflich der verschiedenen Teilbereiche, die f\u00fcr die SIGCHI-Community relevant sind<\/li>\n\n\n\n<li>Tutorials zu Werkzeugen und Methoden, die praxisnahe F\u00e4higkeiten in Methodologien, Technologien, Forschungs-\/Design-\/Entwicklungsans\u00e4tzen etc. vermitteln<\/li>\n\n\n\n<li>Akademische oder berufliche Meta-Kompetenzen<\/li>\n<\/ul>\n\n\n\n<p>Wir laden insbesondere zu grundlegenden Tutorials \u00fcber HCI-Forschung und -Design ein \u2013 sowie zu allen Tutorials, die f\u00fcr Konferenzteilnehmende, vor allem aber auch f\u00fcr Praktiker*innen, relevant und interessant sind. Vorrang erhalten Tutorials mit klar definierten Lernzielen, die f\u00fcr die Teilnehmenden von hoher und unmittelbarer Relevanz sind.<\/p>\n\n\n\n<h2 class=\"wp-block-heading\">Erstellung und Einreichung Ihres Tutorial-Vorschlags<\/h2>\n\n\n\n<h3 class=\"wp-block-heading\">Einreichungsdetails<\/h3>\n\n\n\n<ul class=\"wp-block-list\">\n<li>Einreichung \u00fcber:&nbsp; <a href=\"https:\/\/www.conftool.pro\/muc2025\/\">https:\/\/www.conftool.pro\/muc2025\/&nbsp;&nbsp;<\/a><\/li>\n\n\n\n<li>Einreichungen und druckfertige Versionen m\u00fcssen den entsprechenden <a href=\"https:\/\/www.acm.org\/publications\/proceedings-template\">ACM-Vorlagen<\/a> <b>(Achtung: Bitte verwenden Sie die 2-Spalten-Vorlage!)<\/b> <a href=\"https:\/\/sigchi.org\/conferences\/author-resources\/accessibility-guide\/\">sowie den SIGCHI-Zug\u00e4nglichkeitsrichtlinien.<\/a><\/li>\n<\/ul>\n\n\n\n<h3 class=\"wp-block-heading\">Einreichungsformat<\/h3>\n\n\n\n<ul class=\"wp-block-list\">\n<li>Ausf\u00fchrliche Tutorial-Beschreibung, 3 Seiten (2-Spalten, ohne Referenzen)<\/li>\n\n\n\n<li>Einreichungen sind nicht anonym und m\u00fcssen alle Namen der Autor*innen, Zugeh\u00f6rigkeiten und Kontaktinformationen enthalten.<\/li>\n<\/ul>\n\n\n\n<h3 class=\"wp-block-heading\">Tutorial-Vorschlag<\/h3>\n\n\n\n<p>Die Tutorial-Beschreibung ist der wichtigste Teil Ihres Vorschlags. Die Vorsitzenden werden das Tutorial haupts\u00e4chlich anhand dieser Beschreibung bewerten. Dieser Teil des Vorschlags darf 3 Seiten (2-Spalten, ohne Referenzen) nicht \u00fcberschreiten. Idealerweise sollte der Vorschlag folgende Punkte beinhalten:<\/p>\n\n\n\n<ul class=\"wp-block-list\">\n<li><strong>Titel des Tutorials:<\/strong> (Bitte kurz, aber aussagekr\u00e4ftig)<\/li>\n\n\n\n<li><strong>Namen und Zugeh\u00f6rigkeiten der Dozent*innen.<\/strong><\/li>\n\n\n\n<li><strong>100 W\u00f6rter Abstract\/Tutorial-Beschreibung:&nbsp;<\/strong>Dieser Text erscheint auch auf der Konferenz-Website, um Ihr Tutorial zu bewerben.<\/li>\n\n\n\n<li><strong>Vorteile:<\/strong> Die Lernergebnisse, also die F\u00e4higkeiten und Kenntnisse, die die Teilnehmenden durch die Teilnahme am Tutorial erwerben. Dies sollte auch die Gr\u00fcnde umfassen, weshalb Teilnehmende Ihr Tutorial besuchen sollten.<\/li>\n\n\n\n<li><strong>Zielpublikum<\/strong> Welche Zielgruppen (Forschende, Studierende, Praktiker*innen etc.) von dem Tutorial profitieren.<\/li>\n\n\n\n<li><strong>Voraussetzungen (optional):<\/strong> Beschreiben Sie notwendige Vorkenntnisse, die zum Verst\u00e4ndnis des Tutorials erforderlich sind, einschlie\u00dflich etwaiger Teilnahme an anderen Tutorials des Programms, sofern dies verlangt wird.<\/li>\n\n\n\n<li><strong>Inhalt<\/strong> Detaillierte Beschreibung des Inhalts (z.\u202fB. praxisbezogen) und des Aufbaus des Tutorials.<\/li>\n\n\n\n<li><strong>Hintergrund der Dozent*innen:<\/strong> Kurze biografische Angaben zu jeder Dozent*in (z.\u202fB. aktuelle T\u00e4tigkeit, bisherige berufliche Erfahrungen, relevante Publikationen).<\/li>\n\n\n\n<li><strong>Organisatorische Details:&nbsp;<\/strong>Gew\u00fcnschter Tag, Dauer, Raumvorgaben, etc. Bitte nennen Sie die Sprache deutlich.<\/li>\n\n\n\n<li><strong>Beispielmaterial zum Tutorial (optional):<\/strong> Legen Sie ein Muster des Materials bei, das Sie im Tutorial pr\u00e4sentieren m\u00f6chten. Dies kann Handouts, Folien oder anderes relevantes Material umfassen, das Sie in Tutorials, Vortr\u00e4gen oder \u00e4hnlichen Lehrveranstaltungen nutzen oder bereits genutzt haben. Solches Beispielmaterial ist im Auswahlprozess der Vorsitzenden sehr hilfreich.<\/li>\n<\/ul>\n\n\n\n<p>Das Dokument mit der ausf\u00fchrlichen Tutorial-Beschreibung muss dem ACM Master Article Submission Template entsprechen (bereits im 2-Spalten-Format vorbereitet). Bitte stellen Sie sicher, dass alle oben genannten Abschnitte enthalten sind und dass auch Ihre Strategien zur Barrierefreiheit dargestellt werden.<\/p>\n\n\n\n<h3 class=\"wp-block-heading\">Barrierefreiheit&nbsp;<\/h3>\n\n\n\n<p>Von den Autor*innen wird erwartet, dass sie den SIGCHI-Leitfaden f\u00fcr eine barrierefreie Einreichung befolgen - <a href=\"https:\/\/sigchi.org\/conferences\/author-resources\/accessibility-guide\/\">SIGCHI Guide to an Accessible Submission<\/a>befolgen. Sollten Sie Fragen oder Bedenken zur Erstellung barrierefreier Einreichungen haben, wenden Sie sich bitte fr\u00fchzeitig im Schreibprozess an die DEI &amp; Accessibility Chairs unter <a href=\"mailto:accessibility@mensch-und-computer.de\">accessibility@mensch-und-computer.de<\/a>&nbsp; \u2013 je n\u00e4her am Abgabetermin, desto weniger Zeit hat das Team, um auf individuelle Anfragen zu reagieren.&nbsp;<\/p>\n\n\n\n<h3 class=\"wp-block-heading\">Inklusivit\u00e4t<\/h3>\n\n\n\n<p class=\"translation-block\">Bei der Vorbereitung der Beitr\u00e4ge sollte aktiv auf einen respektvollen Sprachgebrauch geachtet werden, insbesondere gegen\u00fcber Randgruppen, vor allem in Bezug auf <a href=\"https:\/\/www.morgan-klaus.com\/gender-guidelines.html\" target=\"_self\">Geschlecht<\/a> oder <a href=\"https:\/\/www.sigaccess.org\/welcome-to-sigaccess\/resources\/accessible-writing-guide\/\" target=\"_self\">Behinderung<\/a>.<\/p>\n\n\n\n<h2 class=\"wp-block-heading\">Auswahlverfahren<\/h2>\n\n\n\n<p>Tutorials werden mittels eines<a href=\"https:\/\/www.acm.org\/publications\/policies\/pre-publication-evaluation\"> Begutachtungsverfahrens<\/a> ausgew\u00e4hlt. Da Tutorials ein jurierter Track sind, w\u00e4hlen die Tutorial-Vorsitzenden die Beitr\u00e4ge nach eigenem Ermessen aus. Die Annahmeentscheidungen basieren darauf, wie \u00fcberzeugend das Tutorial f\u00fcr die Konferenzteilnehmenden voraussichtlich sein wird. In der Annahme-\/Ablehnungsmitteilung werden keine Gutachten oder Bewertungswerte aufgef\u00fchrt.&nbsp;<\/p>\n\n\n\n<p>Tutorials d\u00fcrfen keine sensiblen, privaten oder propriet\u00e4ren Informationen enthalten, die bei der Ver\u00f6ffentlichung nicht offengelegt werden k\u00f6nnen. Tutorials, die Produkte oder Dienstleistungen (ausschlie\u00dflich zu Marketingzwecken) bewerben, werden nicht ber\u00fccksichtigt. Zwar d\u00fcrfen Techniken oder Produkte im Kontext gr\u00f6\u00dferer Zusammenh\u00e4nge diskutiert werden, jedoch sollten Einreichungen nicht anonym erfolgen. Die Vertraulichkeit der Einreichungen wird jedoch w\u00e4hrend des Auswahlprozesses gewahrt.<\/p>\n\n\n\n<h2 class=\"wp-block-heading\">Nach Annahme Ihres Tutorials<\/h2>\n\n\n\n<p>Nach der Annahme erhalten die Dozent*innen weitere Informationen zum erwarteten Format der Tutorial-Notizen sowie zu logistischen Details (z.\u202fB. A\/V-Ausstattung, Empfehlungen). Die Tutorial-Notizen sollten in barrierefreien Formaten vorliegen (d.\u202fh. PDFs, die mit Screenreadern kompatibel sind, Videos mit Untertiteln, Audiodateien mit Transkripten) und folgende Materialien beinhalten:<\/p>\n\n\n\n<ul class=\"wp-block-list\">\n<li>\u00dcbersicht und klarer Zeitplan f\u00fcr Ihre Einheiten (bitte denken Sie daran, Pausen einzuplanen)<\/li>\n\n\n\n<li>Kopien des Pr\u00e4sentationsmaterials, z.\u202fB. Folien<\/li>\n\n\n\n<li>Kommentierte Bibliographie und\/oder Lekt\u00fcreempfehlungen<\/li>\n\n\n\n<li>Kopien des relevanten Hintergrundmaterials oder wissenschaftlicher Arbeiten (f\u00fcr die die Dozent*innen die erforderlichen Wiedergaberechte eingeholt haben)<\/li>\n\n\n\n<li>Tutorial-\u00dcbungen, sofern angebracht<\/li>\n<\/ul>\n\n\n\n<h3 class=\"wp-block-heading\">Auf der Konferenz<\/h3>\n\n\n\n<p>Alle Organisatorinnen, die das Pr\u00e4senz-Tutorial auf der Konferenz durchf\u00fchren, m\u00fcssen sich f\u00fcr die Konferenz anmelden. Die Tutorials finden in Pr\u00e4senz statt und sollten nicht l\u00e4nger als einen halben Tag dauern, k\u00f6nnen aber in ein oder zwei Sitzungen von jeweils 90 Minuten aufgeteilt werden. Die Tutorial-Vorsitzenden und lokalen Vorsitzenden werden die Audio\/Video-Anforderungen mit den angenommenen Dozentinnen abstimmen.&nbsp;&nbsp;<\/p>\n\n\n\n<h3 class=\"wp-block-heading\">Nach der Konferenz<\/h3>\n\n\n\n<p>Angenommene Tutorial-Vorschl\u00e4ge werden in den Mensch Und Computer Extended Abstracts Proceedings ver\u00f6ffentlicht. Sie werden in der <a href=\"https:\/\/dl.gi.de\/\">GI library<\/a>aufgenommen, wo sie Tausenden von Forschern und Praktikern weltweit zur Verf\u00fcgung stehen.&nbsp;<\/p>\n\n\n\n<p><\/p>","protected":false},"excerpt":{"rendered":"<p>Info at a Glance Contact for any questions: workshops@mensch-und-computer.de All times are in Anywhere on Earth (AoE) time zone. When the deadline [&hellip;]<\/p>","protected":false},"author":11,"featured_media":0,"parent":745,"menu_order":0,"comment_status":"closed","ping_status":"closed","template":"","meta":{"footnotes":""},"class_list":["post-711","page","type-page","status-publish","hentry"],"_links":{"self":[{"href":"https:\/\/muc2025.mensch-und-computer.de\/de\/wp-json\/wp\/v2\/pages\/711","targetHints":{"allow":["GET"]}}],"collection":[{"href":"https:\/\/muc2025.mensch-und-computer.de\/de\/wp-json\/wp\/v2\/pages"}],"about":[{"href":"https:\/\/muc2025.mensch-und-computer.de\/de\/wp-json\/wp\/v2\/types\/page"}],"author":[{"embeddable":true,"href":"https:\/\/muc2025.mensch-und-computer.de\/de\/wp-json\/wp\/v2\/users\/11"}],"replies":[{"embeddable":true,"href":"https:\/\/muc2025.mensch-und-computer.de\/de\/wp-json\/wp\/v2\/comments?post=711"}],"version-history":[{"count":3,"href":"https:\/\/muc2025.mensch-und-computer.de\/de\/wp-json\/wp\/v2\/pages\/711\/revisions"}],"predecessor-version":[{"id":809,"href":"https:\/\/muc2025.mensch-und-computer.de\/de\/wp-json\/wp\/v2\/pages\/711\/revisions\/809"}],"up":[{"embeddable":true,"href":"https:\/\/muc2025.mensch-und-computer.de\/de\/wp-json\/wp\/v2\/pages\/745"}],"wp:attachment":[{"href":"https:\/\/muc2025.mensch-und-computer.de\/de\/wp-json\/wp\/v2\/media?parent=711"}],"curies":[{"name":"wp","href":"https:\/\/api.w.org\/{rel}","templated":true}]}}