{"id":732,"date":"2025-03-11T14:50:15","date_gmt":"2025-03-11T14:50:15","guid":{"rendered":"https:\/\/muc2025.mensch-und-computer.de\/?page_id=732"},"modified":"2025-07-04T14:57:01","modified_gmt":"2025-07-04T14:57:01","slug":"up","status":"publish","type":"page","link":"https:\/\/muc2025.mensch-und-computer.de\/de\/up\/","title":{"rendered":"UP \u2013 Practitioner Track"},"content":{"rendered":"<figure class=\"wp-block-image size-large is-resized\"><img loading=\"lazy\" decoding=\"async\" width=\"1024\" height=\"313\" src=\"https:\/\/muc2025.mensch-und-computer.de\/wp-content\/uploads\/2025\/03\/logo-germanupa-berufsverband-orange-1024x313.png\" alt=\"\" class=\"wp-image-768\" style=\"width:550px\" srcset=\"https:\/\/muc2025.mensch-und-computer.de\/wp-content\/uploads\/2025\/03\/logo-germanupa-berufsverband-orange-1024x313.png 1024w, https:\/\/muc2025.mensch-und-computer.de\/wp-content\/uploads\/2025\/03\/logo-germanupa-berufsverband-orange-300x92.png 300w, https:\/\/muc2025.mensch-und-computer.de\/wp-content\/uploads\/2025\/03\/logo-germanupa-berufsverband-orange-768x235.png 768w, https:\/\/muc2025.mensch-und-computer.de\/wp-content\/uploads\/2025\/03\/logo-germanupa-berufsverband-orange-1536x469.png 1536w, https:\/\/muc2025.mensch-und-computer.de\/wp-content\/uploads\/2025\/03\/logo-germanupa-berufsverband-orange-18x5.png 18w, https:\/\/muc2025.mensch-und-computer.de\/wp-content\/uploads\/2025\/03\/logo-germanupa-berufsverband-orange-1000x306.png 1000w, https:\/\/muc2025.mensch-und-computer.de\/wp-content\/uploads\/2025\/03\/logo-germanupa-berufsverband-orange-230x70.png 230w, https:\/\/muc2025.mensch-und-computer.de\/wp-content\/uploads\/2025\/03\/logo-germanupa-berufsverband-orange-350x107.png 350w, https:\/\/muc2025.mensch-und-computer.de\/wp-content\/uploads\/2025\/03\/logo-germanupa-berufsverband-orange-480x147.png 480w, https:\/\/muc2025.mensch-und-computer.de\/wp-content\/uploads\/2025\/03\/logo-germanupa-berufsverband-orange.png 2000w\" sizes=\"auto, (max-width: 1024px) 100vw, 1024px\" \/><\/figure>\n\n\n\n<p class=\"translation-block\">Der Praktiker-Track \u201cUsability Professionals\u201d(UP) wird durch den Berufsverband der Deutschen Usability und User Experience Professionals \u2013 <a href=\"https:\/\/germanupa.de\/\" target=\"_self\">German UPA e.V.<\/a> \u2013 organisiert. Der Track bietet dir als UX Praktiker*in die M\u00f6glichkeit, aktuelle Themen basierend auf deinen Projekterfahrungen zu diskutieren. Ebenso freuen wir uns \u00fcber spannende Erkenntnisse im Themenfeld Usability &amp; UX und m\u00f6chten Raum f\u00fcr Diskussion, gemeinsamen Wissensgewinn und Netzwerken bieten.<\/p>\n\n\n\n<p>F\u00fcr die Mensch und Computer 2025 kannst du f\u00fcr diese Formate einen Beitrag einreichen<\/p>\n\n\n\n<ul class=\"wp-block-list\">\n<li>Pr\u00e4sentation<\/li>\n\n\n\n<li>Workshop<\/li>\n\n\n\n<li>Tutorials<\/li>\n\n\n\n<li>Arbeitskreis Session<\/li>\n<\/ul>\n\n\n\n<h2 class=\"wp-block-heading\">Termine<\/h2>\n\n\n\n<p>Bitte beachte, dass alle Termine endg\u00fcltig sind. Es wird keine Terminverschiebungen geben<\/p>\n\n\n\n<figure class=\"wp-block-table table-new\"><table><thead><tr><th class=\"has-text-align-left\" data-align=\"left\"><strong>Track<\/strong><\/th><th class=\"has-text-align-left\" data-align=\"left\"><strong>Beitrag<\/strong><\/th><th class=\"has-text-align-left\" data-align=\"left\"><strong>Einreichung Abstract<\/strong><\/th><th class=\"has-text-align-left\" data-align=\"left\"><strong>Benachrichtigung<\/strong><\/th><th class=\"has-text-align-left\" data-align=\"left\"><strong>Frist Paper*<\/strong><\/th><\/tr><\/thead><tbody><tr><td class=\"has-text-align-left\" data-align=\"left\">UP<\/td><td class=\"has-text-align-left\" data-align=\"left\"><a href=\"#workshops\" data-type=\"internal\" data-id=\"#workshops\">Workshops\/Tutorials<\/a><\/td><td class=\"has-text-align-left\" data-align=\"left\">30. Juni 2025<\/td><td class=\"has-text-align-left\" data-align=\"left\">14. Juli 2025<\/td><td class=\"has-text-align-left\" data-align=\"left\">18. August 2025** (optional)<\/td><\/tr><tr><td class=\"has-text-align-left\" data-align=\"left\">UP<\/td><td class=\"has-text-align-left\" data-align=\"left\"><a href=\"#presentation\" data-type=\"internal\" data-id=\"#presentation\">Pr\u00e4sentation<\/a><\/td><td class=\"has-text-align-left\" data-align=\"left\">30. Juni 2025<\/td><td class=\"has-text-align-left\" data-align=\"left\">14. Juli 2025<\/td><td class=\"has-text-align-left\" data-align=\"left\">18. August 2025** (optional)<\/td><\/tr><tr><td class=\"has-text-align-left\" data-align=\"left\">UP<\/td><td class=\"has-text-align-left\" data-align=\"left\"><a href=\"#working-groups\">Arbeitskreise<\/a><\/td><td class=\"has-text-align-left\" data-align=\"left\">30. Juni 2025<\/td><td class=\"has-text-align-left\" data-align=\"left\">14. Juli 2025<\/td><td class=\"has-text-align-left\" data-align=\"left\">18. August 2025** (optional)<\/td><\/tr><tr><td class=\"has-text-align-left\" data-align=\"left\">UP<\/td><td class=\"has-text-align-left\" data-align=\"left\"><a href=\"https:\/\/muc2025.mensch-und-computer.de\/de\/barcamp\/\" data-type=\"page\" data-id=\"743\">Barcamp<\/a><\/td><td class=\"has-text-align-left\" data-align=\"left\">vor Ort<\/td><td class=\"has-text-align-left\" data-align=\"left\">vor Ort<\/td><td class=\"has-text-align-left\" data-align=\"left\">18. August 2025** (optional)<\/td><\/tr><\/tbody><\/table><figcaption class=\"wp-element-caption\">*All deadlines are AoE<br>** f\u00fcr 2025 wird es keine&nbsp;<strong>verl\u00e4ngerten Fristen&nbsp;<\/strong>f\u00fcr Einreichungen geben<\/figcaption><\/figure>\n\n\n\n<ul class=\"wp-block-list\">\n<li><\/li>\n<\/ul>\n\n\n\n<h2 class=\"wp-block-heading\" id=\"workshops\">Workshop<\/h2>\n\n\n\n<ul class=\"wp-block-list\">\n<li>Hier kannst du ein Thema mit anderen Teilnehmenden gemeinsam erarbeiten und diskutieren.<\/li>\n\n\n\n<li>Workshop auf der Konferenz (90 Min.)<\/li>\n\n\n\n<li>Eine Publikation in der Digital Library der GI ist optional m\u00f6glich<\/li>\n\n\n\n<li>Ablauf der Einreichung:\n<ol class=\"wp-block-list\">\n<li><a href=\"http:\/\/bit.ly\/up25_ws_tut\" data-type=\"link\" data-id=\"http:\/\/bit.ly\/up25_ws_tut\">Formular herunterladen<\/a><\/li>\n\n\n\n<li>Formular ausf\u00fcllen<\/li>\n\n\n\n<li class=\"translation-block\">Im <a href=\"https:\/\/www.conftool.pro\/muc2025\/\" target=\"_self\">Conftool<\/a> registrieren und das Abstract hochladen<\/li>\n<\/ol>\n<\/li>\n<\/ul>\n\n\n\n<h2 class=\"wp-block-heading\">Tutorial<\/h2>\n\n\n\n<ul class=\"wp-block-list\">\n<li>Hier kannst du anderen Teilnehmenden Wissen und Erfahrungen theoretisch und praktisch vermitteln.<\/li>\n\n\n\n<li>Tutorial auf der Konferenz als Session (90 Min.) oder als Halbtages-Tutorial (180 Min. + Kaffeepause)<\/li>\n\n\n\n<li>Eine Publikation in der Digital Library der GI ist optional m\u00f6glich<\/li>\n\n\n\n<li>Ablauf der Einreichung:\n<ol class=\"wp-block-list\">\n<li><a href=\"http:\/\/bit.ly\/up25_ws_tut\">Formular herunterladen<\/a><\/li>\n\n\n\n<li>Formular ausf\u00fcllen<\/li>\n\n\n\n<li class=\"translation-block\">Im <a href=\"https:\/\/www.conftool.pro\/muc2025\/\" target=\"_self\">Conftool<\/a> registrieren und das Abstract hochladen<\/li>\n<\/ol>\n<\/li>\n<\/ul>\n\n\n\n<h2 class=\"wp-block-heading\" id=\"presentation\">Pr\u00e4sentation<\/h2>\n\n\n\n<ul class=\"wp-block-list\">\n<li>Hier kannst du deine spannenden Arbeitsergebnisse, neue Interaktionstechniken, neue Usability\/UX Methoden oder auch unternehmensspezifische Prozesse vorstellen sowie kontroverse Themen zur Diskussion stellen.<\/li>\n\n\n\n<li>Vortrag auf der Konferenz (25 Min. + 5 Min. f\u00fcr Diskussion)<\/li>\n\n\n\n<li>Eine Publikation in der Digital Library der GI ist optional m\u00f6glich<\/li>\n\n\n\n<li>Ablauf der Einreichung:\n<ol class=\"wp-block-list\">\n<li><a href=\"http:\/\/bit.ly\/up25_presentation\" data-type=\"link\" data-id=\"http:\/\/bit.ly\/up25_presentation\">Formular herunterladen<\/a><\/li>\n\n\n\n<li>Formular ausf\u00fcllen<\/li>\n\n\n\n<li class=\"translation-block\">Im <a href=\"https:\/\/www.conftool.pro\/muc2025\/\" target=\"_self\">Conftool<\/a> registrieren und das Abstract hochladen<\/li>\n<\/ol>\n<\/li>\n<\/ul>\n\n\n\n<h2 class=\"wp-block-heading\" id=\"working-groups\">Arbeitskreis Session<\/h2>\n\n\n\n<p class=\"translation-block\">Die German UPA hat mehrere themenbezogene Arbeitskreise (<a href=\"https:\/\/germanupa.de\/arbeitskreise\" target=\"_self\">https:\/\/germanupa.de\/arbeitskreise<\/a>), die die inhaltliche Arbeit im Berufsverband vorantreiben. Im Rahmen von Workshops stellen die Arbeitskreise ihre Arbeit vor. Alle Konfererenzteilnehmenden sind zur Diskussion und der Erarbeitung neuer Erkenntnisse eingeladen. Sollten Arbeitskreise einen internen Workshop planen, werden wir das im Programm kenntlich machen.<\/p>\n\n\n\n<p>Informationen f\u00fcr Arbeitskreise<\/p>\n\n\n\n<ul class=\"wp-block-list\">\n<li>F\u00fcr jeden Arbeitskreis ist jeweils ein Zeitfenster von 90 Minuten im Programm vorgemerkt.<\/li>\n\n\n\n<li>Pro Arbeitskreis kann eine Session angemeldet werden &amp; es findet kein Review statt.<\/li>\n\n\n\n<li>Ihr k\u00f6nnt \u00f6ffentliche oder interne Sessions abhalten.<\/li>\n\n\n\n<li>Bitte reicht das Anmeldeformular ein:\n<ul class=\"wp-block-list\">\n<li><a href=\"https:\/\/bit.ly\/up25_ak-name_schlagwort\">Formular herunteraden<\/a><\/li>\n\n\n\n<li>Formular ausf\u00fcllen<\/li>\n\n\n\n<li class=\"translation-block\">Im <a href=\"https:\/\/www.conftool.pro\/muc2025\/\" target=\"_self\">Conftool<\/a> registrieren und das Abstract hochladen<\/li>\n<\/ul>\n<\/li>\n<\/ul>\n\n\n\n<p>Es wird im Rahmen der Mensch und Computer ein Barcamp geben. Was das ist und wie das Barcamp abl\u00e4uft, findest du hier.&nbsp;<\/p>\n\n\n\n<h2 class=\"wp-block-heading\">Teilnahme \/ Tagungsgeb\u00fchr f\u00fcr Referierende<\/h2>\n\n\n\n<p>Die Mensch und Computer Konferenz ist keine Industriekonferenz und somit nicht gewinnorientiert. Dadurch k\u00f6nnen im Verh\u00e4ltnis zu anderen Konferenzen die Tagungsgeb\u00fchren f\u00fcr alle Teilnehmenden entsprechend niedrig gehalten werden. F\u00fcr Autorinnen und Autoren von zur Pr\u00e4sentation angenommenen Tagungsbeitr\u00e4gen gelten daher die gleichen Tagungsgeb\u00fchren, wie f\u00fcr alle anderen Teilnehmenden!<\/p>\n\n\n\n<h2 class=\"wp-block-heading\">Kontakt<\/h2>\n\n\n\n<p class=\"translation-block\">Solltest du Fragen zur Einreichung haben oder Unterst\u00fctzung ben\u00f6tigen, schreib uns einfach eine Mail an <a href=\"mailto:up25@germanupa.de\" target=\"_self\">up25@germanupa.de<\/a><\/p>","protected":false},"excerpt":{"rendered":"<p>The practitioner track &#8220;Usability Professionals&#8221;(UP) is organized by the professional association of German Usability and User Experience Professionals &#8211; German UPA e.V.. [&hellip;]<\/p>","protected":false},"author":6,"featured_media":0,"parent":0,"menu_order":0,"comment_status":"closed","ping_status":"closed","template":"","meta":{"footnotes":""},"class_list":["post-732","page","type-page","status-publish","hentry"],"_links":{"self":[{"href":"https:\/\/muc2025.mensch-und-computer.de\/de\/wp-json\/wp\/v2\/pages\/732","targetHints":{"allow":["GET"]}}],"collection":[{"href":"https:\/\/muc2025.mensch-und-computer.de\/de\/wp-json\/wp\/v2\/pages"}],"about":[{"href":"https:\/\/muc2025.mensch-und-computer.de\/de\/wp-json\/wp\/v2\/types\/page"}],"author":[{"embeddable":true,"href":"https:\/\/muc2025.mensch-und-computer.de\/de\/wp-json\/wp\/v2\/users\/6"}],"replies":[{"embeddable":true,"href":"https:\/\/muc2025.mensch-und-computer.de\/de\/wp-json\/wp\/v2\/comments?post=732"}],"version-history":[{"count":27,"href":"https:\/\/muc2025.mensch-und-computer.de\/de\/wp-json\/wp\/v2\/pages\/732\/revisions"}],"predecessor-version":[{"id":1203,"href":"https:\/\/muc2025.mensch-und-computer.de\/de\/wp-json\/wp\/v2\/pages\/732\/revisions\/1203"}],"wp:attachment":[{"href":"https:\/\/muc2025.mensch-und-computer.de\/de\/wp-json\/wp\/v2\/media?parent=732"}],"curies":[{"name":"wp","href":"https:\/\/api.w.org\/{rel}","templated":true}]}}