{"id":743,"date":"2025-03-11T14:53:40","date_gmt":"2025-03-11T14:53:40","guid":{"rendered":"https:\/\/muc2025.mensch-und-computer.de\/?page_id=743"},"modified":"2025-03-21T13:18:31","modified_gmt":"2025-03-21T13:18:31","slug":"barcamp","status":"publish","type":"page","link":"https:\/\/muc2025.mensch-und-computer.de\/de\/up\/barcamp\/","title":{"rendered":"Barcamp"},"content":{"rendered":"<h2 class=\"wp-block-heading\">Was ist ein Barcamp?<\/h2>\n\n\n\n<p>Ein Barcamp ist eine offene Tagung. Inhalte und Ablauf werden von den Teilnehmenden zu Beginn der Tagung selbst entwickelt und im weiteren Verlauf gestaltet. Und dies stets nach der Devise \u201aGeben und Nehmen\u2018. Jede teilnehmende Person ist aufgefordert ein \u201aGeschenk\u2018 in Form eines Beitrages (Pr\u00e4sentation, Vortrag, Beispiel, Diskussionsbeitrag, Workshop) zur Veranstaltung mitzubringen.<\/p>\n\n\n\n<h2 class=\"wp-block-heading\">Was kann ich vorab tun?<\/h2>\n\n\n\n<p>Du kannst dir dein Thema gerne vorab durchdenken. Um deinen Beitrag vorzustellen solltest du diese Infos parat haben:<\/p>\n\n\n\n<ul class=\"wp-block-list\">\n<li>Eing\u00e4ngiger und schnell verst\u00e4ndlicher Titel (z.B. 5 Wege mit KI effizienter User Research zu machen)<\/li>\n\n\n\n<li>Eine detaillierte Beschreibung mit der du deine Session in 1-2 Minuten vorstellen kannst und was dir daran am Herzen liegt (Pitch)<\/li>\n\n\n\n<li>Format (Diskussion, Pr\u00e4sentation\u2026)<\/li>\n\n\n\n<li>Zielgruppe (Erfahrene UX Professionals, Einsteiger:innen etc.)<\/li>\n<\/ul>\n\n\n\n<p>Solltest du einen Beitrag haben, der nach Ablauf der Einreichungsfrist entstanden ist, dann stelle den im Barcamp vor. So hast du im Barcamp die Chance, eine Session auf der Mensch und Computer zu halten.&nbsp;&nbsp;<\/p>\n\n\n\n<h2 class=\"wp-block-heading\">Wie l\u00e4uft das auf der Konferenz ab?<\/h2>\n\n\n\n<p>Am Dienstag der Konferenz wird es eine ca. 90-min\u00fctige Barcamp Opening Session geben. Auf dieser Opening Session erh\u00e4lt jede\/r Beitragende die Gelegenheit, dein Thema innerhalb einer Minute zu Pitchen Bei entsprechendem Anklang bei den anderen Teilnehmenden wird der Beitrag einem Raum und einem Zeitslot zugewiesen (einer sogenannten Session), indem deine Beitrags-Vorlage auf dem Sessionplan vor Ort aufgeh\u00e4ngt wird.<\/p>\n\n\n\n<p>Sessions, die bereits im vorgeplanten Konferenzprogramm am Sonntag oder Montag abgehalten wurden, k\u00f6nnen gerne aufgegriffen, fortgef\u00fchrt oder in Kurzform wiederholt werden.&nbsp;<\/p>\n\n\n\n<p>Des Weiteren wird es ebenfalls ein paar freie Slots f\u00fcr spontan aufkommende Themen und Diskussion als Open Spaces geben.<\/p>\n\n\n\n<h2 class=\"wp-block-heading\">Kann etwas schriftlich ver\u00f6ffentlicht werden?<\/h2>\n\n\n\n<p class=\"translation-block\">Ja. Wenn du deine Session auf der Konferenz gehalten hast, kannst du bis zum 15. Oktober 2025 dein Paper \u00fcber das Konferenzmanagementsystem <a href=\"https:\/\/www.conftool.pro\/muc2025\/\" target=\"_self\">https:\/\/www.conftool.pro\/muc2025\/<\/a> einreichen.<\/p>\n\n\n\n<p>Daf\u00fcr stellen wir dir eine entsprechende Vorlage bereit, damit die Beitr\u00e4ge sp\u00e4ter alle dasselbe Format besitzen. Deinem Paper wird dann zur Qualit\u00e4tssicherung gegengelesen&nbsp;<\/p>\n\n\n\n<p>Die Paper werden mit je einem DOI (Digital Object Identifier) versehen, sodass deren Zitierf\u00e4higkeit gew\u00e4hrleistet ist und in die Digital Library (DL) der Mensch &amp; Computer eingestellt. Auf der Konferenz zum Vortrag bzw. zur Durchf\u00fchrung angenommene Beitr\u00e4ge erhalten ein entsprechend sichtbares Pr\u00e4dikat \u201eAccepted\u201c. Weitere Informationen zur Ver\u00f6ffentlichung findest du auf dieser Seite.<\/p>\n\n\n\n<h2 class=\"wp-block-heading\">Teilnahme \/ Tagungsgeb\u00fchr f\u00fcr Barcamp Referierende<\/h2>\n\n\n\n<p>Die Mensch und Computer Konferenz ist keine Industriekonferenz und somit nicht gewinnorientiert. Dadurch k\u00f6nnen im Verh\u00e4ltnis zu anderen Konferenzen die Tagungsgeb\u00fchren f\u00fcr alle Teilnehmenden entsprechend niedrig gehalten werden. F\u00fcr Autorinnen und Autoren von zur Pr\u00e4sentation angenommenen Tagungsbeitr\u00e4gen gelten daher die gleichen Tagungsgeb\u00fchren, wie f\u00fcr alle anderen Teilnehmenden!<\/p>\n\n\n\n<h2 class=\"wp-block-heading\">Kontakt<\/h2>\n\n\n\n<p class=\"translation-block\">Solltest du Fragen zur Einreichung haben oder Unterst\u00fctzung ben\u00f6tigen, schreib uns einfach eine Mail an <a href=\"mailto:up25@germanupa.de\" target=\"_self\">up25@germanupa.de<\/a><\/p>","protected":false},"excerpt":{"rendered":"<p>What is a Barcamp? A barcamp is an open conference. The content and schedule are developed by the participants themselves at the [&hellip;]<\/p>","protected":false},"author":6,"featured_media":0,"parent":732,"menu_order":0,"comment_status":"closed","ping_status":"closed","template":"","meta":{"footnotes":""},"class_list":["post-743","page","type-page","status-publish","hentry"],"_links":{"self":[{"href":"https:\/\/muc2025.mensch-und-computer.de\/de\/wp-json\/wp\/v2\/pages\/743","targetHints":{"allow":["GET"]}}],"collection":[{"href":"https:\/\/muc2025.mensch-und-computer.de\/de\/wp-json\/wp\/v2\/pages"}],"about":[{"href":"https:\/\/muc2025.mensch-und-computer.de\/de\/wp-json\/wp\/v2\/types\/page"}],"author":[{"embeddable":true,"href":"https:\/\/muc2025.mensch-und-computer.de\/de\/wp-json\/wp\/v2\/users\/6"}],"replies":[{"embeddable":true,"href":"https:\/\/muc2025.mensch-und-computer.de\/de\/wp-json\/wp\/v2\/comments?post=743"}],"version-history":[{"count":1,"href":"https:\/\/muc2025.mensch-und-computer.de\/de\/wp-json\/wp\/v2\/pages\/743\/revisions"}],"predecessor-version":[{"id":744,"href":"https:\/\/muc2025.mensch-und-computer.de\/de\/wp-json\/wp\/v2\/pages\/743\/revisions\/744"}],"up":[{"embeddable":true,"href":"https:\/\/muc2025.mensch-und-computer.de\/de\/wp-json\/wp\/v2\/pages\/732"}],"wp:attachment":[{"href":"https:\/\/muc2025.mensch-und-computer.de\/de\/wp-json\/wp\/v2\/media?parent=743"}],"curies":[{"name":"wp","href":"https:\/\/api.w.org\/{rel}","templated":true}]}}