{"id":834,"date":"2025-03-21T12:47:50","date_gmt":"2025-03-21T12:47:50","guid":{"rendered":"https:\/\/muc2025.mensch-und-computer.de\/?page_id=834"},"modified":"2025-07-26T22:09:59","modified_gmt":"2025-07-26T22:09:59","slug":"hci","status":"publish","type":"page","link":"https:\/\/muc2025.mensch-und-computer.de\/de\/publication-ready-author-instructions\/hci\/","title":{"rendered":"HCI \u2013 Camera-Ready Instruktionen"},"content":{"rendered":"<div class=\"wp-block-ideabox-toc ib-block-toc\" data-anchors='h2,h3,h4,h5,h6' data-collapsable='true' ><div class=\"ib-toc-container ib-toc-list-style-numbers ib-toc-hierarchical ib-toc-expanded\"><div class=\"ib-toc-header\"><div class=\"ib-toc-header-title\">Inhaltsverzeichnis<\/div><div class=\"ib-toc-header-right\"><span class=\"ib-toc-icon-collapse\"><span class=\"dashicon dashicons dashicons-minus\"><\/span><\/span><span class=\"ib-toc-icon-expand\"><span class=\"dashicon dashicons dashicons-plus\"><\/span><\/span><\/div><\/div><div class=\"ib-toc-separator\" style=\"height:2px\"><\/div><div class=\"ib-toc-body\"><ol class=\"ib-toc-anchors\"><\/ol><\/div><\/div><\/div>\n\n\n\n<h2 class=\"wp-block-heading\">Allgemeiner Ablauf<\/h2>\n\n\n\n<p><strong>Hinweis:<\/strong> Diese Anweisungen gelten f\u00fcr die folgenden Veranstaltungen: <a href=\"https:\/\/muc2025.mensch-und-computer.de\/de\/call-for-papers\/hci\/workshops\/\">Workshops<\/a>, <a href=\"https:\/\/muc2025.mensch-und-computer.de\/de\/call-for-papers\/hci\/tutorials\/\">Tutorials<\/a>, <a href=\"https:\/\/muc2025.mensch-und-computer.de\/de\/call-for-papers\/hci\/demos\/\">Demos<\/a>, <a href=\"https:\/\/muc2025.mensch-und-computer.de\/de\/call-for-papers\/hci\/doctoral-consortium\/\">Doctoral Consortiums<\/a>, <a href=\"https:\/\/muc2025.mensch-und-computer.de\/de\/call-for-papers\/hci\/student-research-competition\/\">Student Research Competitions<\/a>, and Work in progress (by invitation).<\/p>\n\n\n\n<p>Sobald Sie die Benachrichtigung \u00fcber Ihre bedingte Annahme erhalten haben, m\u00fcssen Sie die notwendigen Schritte zur Vorbereitung Ihrer endg\u00fcltigen Einreichung f\u00fcr die Ver\u00f6ffentlichung durchf\u00fchren. Alle Konferenzorte, die Beitr\u00e4ge und erweiterte Zusammenfassungen in der GI Digital Library (GI DL) ver\u00f6ffentlichen, folgen diesem Verfahren. Bei Fragen wenden Sie sich bitte an die Proceedings Chairs (<a href=\"mailto:publications@mensch-und-computer.de\">publications@mensch-und-computer.de<\/a>).<\/p>\n\n\n\n<p>Nachdem die Autoren eine Benachrichtigung \u00fcber die bedingte Annahme erhalten haben, bekommen sie eine E-Mail mit Informationen \u00fcber die Lizenzbestimmungen f\u00fcr die Ver\u00f6ffentlichung. Die Lizenzerkl\u00e4rung muss dem Quellcode der Einreichung hinzugef\u00fcgt werden. Dazu m\u00fcssen die Autoren entscheiden, ob sie das Copyright beibehalten oder eine Creative-Commons-Lizenz hinzuf\u00fcgen m\u00f6chten. Au\u00dferdem m\u00fcssen die Autoren die von den Gutachtern geforderten \u00c4nderungen vornehmen und ihre Arbeit gem\u00e4\u00df den Anweisungen in diesem Dokument formatieren.<\/p>\n\n\n\n<p>After successfully generating the final PDF, if the authors want to publish in the GI DL, they add tags for accessibility to the PDF file. The accessible PDF, source files, and all supplemental material (e.g., videos) must be uploaded to ConfTool. This step must be completed in ConfTool before the \u201cPublication-ready Deadline.\u201d The Associated Chairs (ACs) or venue chairs will decide the final acceptance of the submission. Finally, the authors will receive the final acceptance notification of their submission. After this time, no changes will be required or accepted.<\/p>\n\n\n\n<h2 class=\"wp-block-heading\">Finale Materialien zur Ver\u00f6ffentlichung<\/h2>\n\n\n\n<p><strong>Quelldateien f\u00fcr die Ver\u00f6ffentlichung (erforderlich)<\/strong><br>Die Quelldateien f\u00fcr Ihren Beitrag (.docx-Datei oder .zip-Archiv des LaTeX-Quelltextes). Die Quelldateien sind nur f\u00fcr die Organisatoren sichtbar; sie m\u00fcssen nicht bereinigt oder anonymisiert werden.<\/p>\n\n\n\n<p><strong>Finale PDF-Datei (erforderlich)<\/strong><br>Die endg\u00fcltige, kamerataugliche und zug\u00e4ngliche PDF-Datei, die die Autoren erstellt haben.<\/p>\n\n\n\n<p><strong>Erg\u00e4nzende Materialien (optional)<\/strong><br>Erg\u00e4nzende Materialien sind optional, m\u00fcssen aber als einzelne ZIP-Datei hochgeladen werden. Dieses Material wird nur in der GI DL erscheinen. Die ZIP-Datei kann Umfragematerial, Quellcode, Daten, Bilder, zus\u00e4tzliche Videos, Folien usw. enthalten. Die Weitergabe von Forschungsmaterial zur Erleichterung der Reproduzierbarkeit ist optional, wird aber empfohlen. Wenn Sie zus\u00e4tzliches Material einreichen, muss eine README.md genannte Readme-Datei bereitgestellt werden, in der die in der ZIP-Datei enthaltenen Dateien beschrieben werden. Diese Beschreibung sollte z. B. die in der ZIP-Datei enthaltenen Dateitypen, die zum Anzeigen oder Ausf\u00fchren der Dateien ben\u00f6tigte Software und andere relevante Informationen enthalten, die erkl\u00e4ren, wie das erg\u00e4nzende Material mit der Einreichung zusammenh\u00e4ngt und diese unterst\u00fctzt. Wenn Sie zus\u00e4tzliches Material hochgeladen haben, aber keine README.md-Datei bereitgestellt haben, wird das zus\u00e4tzliche Material nicht in der GI DL erscheinen.<\/p>\n\n\n\n<h2 class=\"wp-block-heading\">Vorbereiten der finalen Quelldateien<\/h2>\n\n\n\n<p>Bitte beachten Sie, dass die Urheberrechte f\u00fcr Komponenten Dritter in Ihrer Arbeit beachtet werden m\u00fcssen.<\/p>\n\n\n\n<h3 class=\"wp-block-heading\">LaTeX-Autoren<\/h3>\n\n\n\n<p>Der LaTeX-Quelltext muss f\u00fcr die endg\u00fcltige Einreichung vorbereitet werden; bitte lesen Sie die Richtlinien der ACM f\u00fcr die LaTeX<a href=\"https:\/\/www.acm.org\/publications\/taps\/latex-best-practices\"> Best-Practice-Leitlinien<\/a>. Bitte stellen Sie sicher, dass Ihr Quelltext diesen Anforderungen entspricht:<\/p>\n\n\n\n<ul class=\"wp-block-list\">\n<li>Sie m\u00fcssen die folgende Datei \u201eacmart.cls\u201c (<a href=\"https:\/\/muc2025.mensch-und-computer.de\/wp-content\/uploads\/2025\/03\/acmart-muc.zip\">https:\/\/muc2025.mensch-und-computer.de\/wp-content\/uploads\/2025\/03\/acmart-muc.zip<\/a>) verwenden, eine modifizierte Version der neuesten (v2.12) acmart-Vorlage. Ein Arbeitsbeispiel finden Sie im<a href=\"https:\/\/www.overleaf.com\/read\/xvhwmshdfrpv#e2b814\"> Overleaf-Projekt<\/a>.<\/li>\n\n\n\n<li class=\"translation-block\">SIGCHI-Publikationen verwenden den visuellen Stil \u201esigconf\u201c. Dieser wird mit dem Befehl document class festgelegt. Sie sollten <strong><code>\\documentclass[sigconf]{acmart}<\/code> <\/strong> verwenden (und andere Tags wie \u201emanuscript\u201c, \u201eauthordraft\u201c, \u201eanonymous\u201c und \u201ereview\u201c entfernen).<\/li>\n\n\n\n<li class=\"translation-block\">SIGCHI-Publikationen verwenden das \u201e<strong>ACM-Reference-Format<\/strong>\u201c f\u00fcr nummerierte Bibliographien.<\/li>\n\n\n\n<li>F\u00fcgen Sie die Konferenzinformationen und die DOI, die Sie per E-Mail erhalten haben, dem Quellcode hinzu.<\/li>\n\n\n\n<li>Stellen Sie sicher, dass Ihr Quellcode fehlerfrei kompiliert werden kann. Einige Editoren, wie z. B. Overleaf, tolerieren Fehler und generieren ein PDF, was aber f\u00fcr die endg\u00fcltige Ver\u00f6ffentlichung nicht zul\u00e4ssig ist. Bitte \u00fcberpr\u00fcfen Sie das Fehlerprotokoll und korrigieren Sie alle Kompilierungsfehler, bevor Sie Ihren endg\u00fcltigen Quelltext einreichen.<\/li>\n\n\n\n<li>Vergewissern Sie sich, dass Ihr Literaturverzeichnis kompiliert ist. Korrekte Bibliographien sind f\u00fcr die Ver\u00f6ffentlichung erforderlich. Wenn Ihre Bibliographie fehlende Eintr\u00e4ge oder andere Fehler aufweist, wird Ihre Quelle nicht zur Ver\u00f6ffentlichung angenommen. Bitte \u00fcberpr\u00fcfen Sie das Warnprotokoll und korrigieren Sie alle Warnungen und Fehler in Bezug auf Ihr Literaturverzeichnis, bevor Sie Ihre endg\u00fcltige Quelle einreichen.<\/li>\n\n\n\n<li>Alle Bilder sind von angemessener Qualit\u00e4t.<\/li>\n\n\n\n<li class=\"translation-block\"><a href=\"https:\/\/sigchi.org\/conferences\/author-resources\/accessibility-guide\/\" target=\"_self\">Geben Sie Beschreibungen<\/a> f\u00fcr alle Abbildungen an (Anweisungen sind in der Vorlage enthalten).<\/li>\n\n\n\n<li class=\"translation-block\">Von den Autoren wird erwartet, dass sie einen oder mehrere Deskriptoren (oder \u201eKonzepte\u201c) aus dem Computing Classification System der ACM ausw\u00e4hlen und ihrem Dokument hinzuf\u00fcgen. CCS ist eine Taxonomie f\u00fcr den Computerbereich. Eine Liste von CCS-Deskriptoren kann f\u00fcr Ihren Artikel aus<a href=\"https:\/\/dl.acm.org\/ccs\/ccs.cfm\" target=\"_self\"> https:\/\/dl.acm.org\/ccs\/ccs.cfm<\/a> erstellt werden. Die Autoren k\u00f6nnen einen oder mehrere Deskriptoren ausw\u00e4hlen und ihnen eine Priorit\u00e4t zuweisen. Wenn eine Liste von CCS-Deskriptoren erstellt wurde, m\u00fcssen diese Informationen zu Ihrem Dokument hinzugef\u00fcgt werden. W\u00e4hlen Sie \u201eview CCS TeX Code\u201c und markieren Sie das K\u00e4stchen \u201eShow the XML only\u201c, kopieren Sie die XML und f\u00fcgen Sie den Code unter der Zusammenfassung ein.<\/li>\n<\/ul>\n\n\n\n<p class=\"translation-block\">Overleaf-Benutzer k\u00f6nnen LaTeX-Quelldateien im ZIP-Format herunterladen, indem sie auf die Schaltfl\u00e4che \u201eMen\u00fc\u201c in der oberen linken Ecke und dann auf das Symbol \u201eQuelle\u201c im Abschnitt \u201eDownload\u201c klicken. Beachten Sie, dass alle Beispiele und alten tex-Dateien auf Overleaf gel\u00f6scht werden sollten. Klicken Sie dazu mit der rechten Maustaste auf jede \u00fcberfl\u00fcssige Datei und w\u00e4hlen Sie dann die Option \u201eL\u00f6schen\u201c. Autoren, die technische Unterst\u00fctzung zu Overleaf ben\u00f6tigen, wenden sich bitte an <a href=\"mailto:support@overleaf.com\" target=\"_self\">support@overleaf.com<\/a>.<\/p>\n\n\n\n<h3 class=\"wp-block-heading\">Word Autoren<\/h3>\n\n\n\n<p>The ACM Master template that Mensch und Computer is using does not support an easy conversion from single-column to double-column for Word. As such, if you wish to publish your work in double-column, the only option is to switch to LaTeX (see instructions above).<\/p>\n\n\n\n<ul class=\"wp-block-list\">\n<li class=\"translation-block\">Alle Autoren sollten sicherstellen, dass sie die neueste Version der Vorlage auf der <a href=\"https:\/\/www.acm.org\/publications\/authors\/submissions\" target=\"_self\"> ACM-Vorlagenseite<\/a> verwenden, siehe <a href=\"https:\/\/www.acm.org\/binaries\/content\/assets\/publications\/taps\/acm_submission_template.docx\" target=\"_self\">Template.docx<\/a>.<\/li>\n\n\n\n<li>F\u00fcgen Sie die Konferenzinformationen und die DOI, die Sie per E-Mail erhalten haben, in den Copyright-Abschnitt des Dokuments ein.<\/li>\n\n\n\n<li class=\"translation-block\">Bitte stellen Sie sicher, dass ALLE Inhalte in Ihrem Word-Dokument in der richtigen Formatvorlage gestaltet sind. Befolgen Sie dazu den offiziellen <a href=\"https:\/\/www.acm.org\/binaries\/content\/assets\/publications\/taps\/acm_primary_article_template_instructions.pdf\" target=\"_self\">ACM Leitfaden<\/a>. <strong>Hinweis:<\/strong> F\u00fchren Sie die \u201eManuscript Validation\u201c nicht aus, da die Beitr\u00e4ge nicht durch die ACM-Systeme laufen.<\/li>\n<\/ul>\n\n\n\n<h2 class=\"wp-block-heading\">Auswahl der Lizenz<\/h2>\n\n\n\n<p class=\"translation-block\">Die Autorinnen und Autoren haben die M\u00f6glichkeit, entweder a) das Urheberrecht zu behalten oder b) das Urheberrecht zu behalten, aber das Werk unter eine <a href=\"https:\/\/creativecommons.org\/share-your-work\/\" target=\"_self\">Creative Commons<\/a>-Lizenz zu stellen.<\/p>\n\n\n\n<ul class=\"wp-block-list\">\n<li class=\"translation-block\">Im Falle der Option a) m\u00fcssen die Autoren der <a href=\"https:\/\/gi.de\/\" target=\"_self\">Gesellschaft f\u00fcr Informatik<\/a> (GI) noch Rechte erteilen, damit sie ihr Werk in der <a href=\"https:\/\/dl.gi.de\/\" target=\"_self\">Digitalen Bibliothek der GI<\/a> hosten k\u00f6nnen. LaTex-Autoren verwenden den Befehl \u201e<code>\\setcopyright{rightsretained}<\/code>\u201c, um festzulegen, ob sie das Copyright behalten wollen. Word-Autoren f\u00fcgen zus\u00e4tzlich zum DOI und den Konferenzdaten \u201e\u00a9 2024 Copyright held by the owner\/author(s). Publication rights licensed to GI.\u201c manuell in den Copyright-Abschnitt des Papiers ein.<\/li>\n\n\n\n<li class=\"translation-block\">Im Falle von Option b) k\u00f6nnen die Autoren zwischen folgenden Lizenzen w\u00e4hlen: <a href=\"https:\/\/creativecommons.org\/licenses\/by\/4.0\/\" target=\"_self\">CC by<\/a>, <a href=\"https:\/\/creativecommons.org\/licenses\/by-sa\/4.0\/\" target=\"_self\">CC by-sa<\/a>, <a href=\"https:\/\/creativecommons.org\/licenses\/by-nd\/4.0\/\" target=\"_self\">CC by-nd<\/a>, <a href=\"https:\/\/creativecommons.org\/licenses\/by-nc\/4.0\/\" target=\"_self\">CC by-nc<\/a>, <a href=\"https:\/\/creativecommons.org\/licenses\/by-nc-sa\/4.0\/\" target=\"_self\">CC by-nc-sa<\/a>, <a href=\"https:\/\/creativecommons.org\/licenses\/by-nc-nd\/4.0\/\" target=\"_self\">CC by-nc-nd<\/a>, und  <a href=\"https:\/\/creativecommons.org\/public-domain\/cc0\/\" target=\"_self\">CC0<\/a>. Wenn Sie sich nicht sicher sind, welche Option f\u00fcr Sie am besten geeignet ist, sehen Sie sich den \u201e<a href=\"https:\/\/chooser-beta.creativecommons.org\/\" target=\"_self\">License Chooser<\/a>\u201c an. LaTeX-Autoren k\u00f6nnen den Befehl \u201e<code>\\setcopyright{cc}<\/code>\u201c in Kombination mit \u201e<code>\\setcctype{XX}<\/code>\u201c verwenden, wobei XX by, by-sa, by-nd, by-nc, by-nc-sa, by-nc-nd oder Null sein kann. Word-Autoren k\u00f6nnen die Lizenzbilder aus dieser Liste in den Copyright-Abschnitt der Word-Datei kopieren und dabei auch die Version angeben, z. B: \u201eDieses Werk ist lizenziert unter einer <a href=\"https:\/\/creativecommons.org\/licenses\/by\/4.0\/legalcode\" target=\"_self\">Creative Commons Attribution 4.0 International License<\/a>.\u201c<\/li>\n<\/ul>\n\n\n\n<h2 class=\"wp-block-heading\">Barrierefreiheit<\/h2>\n\n\n\n<p class=\"translation-block\">Unsere Ver\u00f6ffentlichungen m\u00fcssen dem folgenden Leitfaden f\u00fcr eine barrierefreie Einreichung entsprechen: <a href=\"https:\/\/sigchi.org\/resources\/guides-for-authors\/accessibility\/\" target=\"_self\">Guide to an Accessible Submission<\/a>. Daher m\u00fcssen Sie nach der Erstellung Ihres endg\u00fcltigen Camera-Ready-PDFs ein barrierefreies PDF erstellen (Bitte beachten Sie besonders den Abschnitt: <em>4. Adding Accessibility Metadata to a PDF<\/em>).<\/p>\n\n\n\n<h2 class=\"wp-block-heading\">Hochladen Ihrer finalen und genehmigten Dokumente in ConfTool<\/h2>\n\n\n\n<p>Im letzten Schritt muss die barrierefreie PDF-Datei in ConfTool hochgeladen werden, damit die Veranstaltungsleiter sie pr\u00fcfen k\u00f6nnen. Auf der Grundlage der endg\u00fcltigen Version treffen sie die endg\u00fcltige Entscheidung \u00fcber die Annahme der Einreichung, woraufhin die endg\u00fcltige Annahme-E-Mail versandt wird.<\/p>","protected":false},"excerpt":{"rendered":"<p>Overall Process Note: These instructions are for the following venues: Workshops, Tutorials, Demos, Doctoral Consortiums, Student Research Competitions, and Work in progress [&hellip;]<\/p>","protected":false},"author":6,"featured_media":0,"parent":836,"menu_order":0,"comment_status":"closed","ping_status":"closed","template":"","meta":{"footnotes":""},"class_list":["post-834","page","type-page","status-publish","hentry"],"_links":{"self":[{"href":"https:\/\/muc2025.mensch-und-computer.de\/de\/wp-json\/wp\/v2\/pages\/834","targetHints":{"allow":["GET"]}}],"collection":[{"href":"https:\/\/muc2025.mensch-und-computer.de\/de\/wp-json\/wp\/v2\/pages"}],"about":[{"href":"https:\/\/muc2025.mensch-und-computer.de\/de\/wp-json\/wp\/v2\/types\/page"}],"author":[{"embeddable":true,"href":"https:\/\/muc2025.mensch-und-computer.de\/de\/wp-json\/wp\/v2\/users\/6"}],"replies":[{"embeddable":true,"href":"https:\/\/muc2025.mensch-und-computer.de\/de\/wp-json\/wp\/v2\/comments?post=834"}],"version-history":[{"count":5,"href":"https:\/\/muc2025.mensch-und-computer.de\/de\/wp-json\/wp\/v2\/pages\/834\/revisions"}],"predecessor-version":[{"id":1362,"href":"https:\/\/muc2025.mensch-und-computer.de\/de\/wp-json\/wp\/v2\/pages\/834\/revisions\/1362"}],"up":[{"embeddable":true,"href":"https:\/\/muc2025.mensch-und-computer.de\/de\/wp-json\/wp\/v2\/pages\/836"}],"wp:attachment":[{"href":"https:\/\/muc2025.mensch-und-computer.de\/de\/wp-json\/wp\/v2\/media?parent=834"}],"curies":[{"name":"wp","href":"https:\/\/api.w.org\/{rel}","templated":true}]}}