{"id":870,"date":"2025-03-31T08:19:35","date_gmt":"2025-03-31T08:19:35","guid":{"rendered":"https:\/\/muc2025.mensch-und-computer.de\/?page_id=870"},"modified":"2025-03-31T08:20:22","modified_gmt":"2025-03-31T08:20:22","slug":"call-for-student-volunteers","status":"publish","type":"page","link":"https:\/\/muc2025.mensch-und-computer.de\/de\/call-for-papers\/call-for-student-volunteers\/","title":{"rendered":"Call f\u00fcr Student Volunteers"},"content":{"rendered":"<p>Mit mehr als 600 Teilnehmenden in den vergangenen Jahren ist die \u201eMensch und Computer\u201c (MuC) eine der gr\u00f6\u00dften HCI-Konferenzen in Europa. Jedes Jahr zieht die Konferenz Teilnehmende aus Wissenschaft und Industrie an.<\/p>\n\n\n\n<p>Wir suchen motivierte Studierende und Doktorand*innen, die die Konferenz als Student Volunteers (SV) unterst\u00fctzen. Als SV erh\u00e4ltst du eine kostenlose Konferenz Registrierung, die dir Zugang zu Seminaren, Workshops und allen gesellschaftlichen Veranstaltungen verschafft. Auf diese Weise erh\u00e4ltst du einen \u00dcberblick \u00fcber aktuelle Forschungsthemen, kn\u00fcpfst Kontakte zu Wissenschaftler*innen und Praktiker*innen und erh\u00e4ltst einen Blick hinter die Kulissen des Konferenzbetriebs. Au\u00dferdem wirst du am Ende der Konferenz in den Genuss einer speziellen SV-Dankesch\u00f6n-Party kommen!<\/p>\n\n\n\n<p><strong>Datum der Benachrichtigung \u00fcber die Annahme: <\/strong>sp\u00e4testens am 08.07.2025<\/p>\n\n\n\n<h2 class=\"wp-block-heading\"><strong>Was muss ich als Student Volunteer (SV) tun?<\/strong><\/h2>\n\n\n\n<p>Von Student Volunteers wird erwartet, dass sie etwa 20 Stunden f\u00fcr die allgemeine Unterst\u00fctzung des reibungslosen Ablaufs der Konferenz aufwenden. Zu den spezifischen T\u00e4tigkeiten geh\u00f6ren die Betreuung der Registrierung, die technische Unterst\u00fctzung w\u00e4hrend der Sitzungen, die Bereitstellung von Informationen f\u00fcr die Konferenzteilnehmenden und vieles mehr.<\/p>\n\n\n\n<p>Du solltest zwischen Samstag, 30.08.2025 (12 Uhr) bis Mittwoch, 03.09.2025 (Nachmittag\/Abend) in Chemnitz vor Ort sein.&nbsp;<\/p>\n\n\n\n<h2 class=\"wp-block-heading\"><strong>Was bekomme ich als Gegenleistung?<\/strong><\/h2>\n\n\n\n<p class=\"translation-block\">Du hast die M\u00f6glichkeit, kostenlos an der Konferenz teilzunehmen, die Fachvortr\u00e4ge, Workshops, Demonstrationen und Ausstellungen umfasst. Vor allem aber hast du die M\u00f6glichkeit, andere Forschende und die HCI Community kennen zu lernen. Du kannst auch eigene Beitr\u00e4ge f\u00fcr die \u201eMensch und Computer 2025\u201c einreichen, insbesondere f\u00fcr die \u201eStudent Research Competition\u201d, die mit einem Reisestipendium verbunden ist (siehe den \u00dcberblick \u00fcber alle  Deadlines).<\/p>\n\n\n\n<h2 class=\"wp-block-heading\"><strong>Wie kann ich mich bewerben?<\/strong><\/h2>\n\n\n\n<p>Alle Bewerber*innen m\u00fcssen das folgende Formular bis zum 24.06.2025 ausf\u00fcllen:&nbsp;<br><a href=\"https:\/\/bildungsportal.sachsen.de\/umfragen\/limesurvey\/index.php\/742933?lang=de\">https:\/\/bildungsportal.sachsen.de\/umfragen\/limesurvey\/index.php\/742933?lang=de<\/a><\/p>\n\n\n\n<p>Wenn du weitere Fragen zum Student-Volunteering hast, kannst du dich gerne an die SV-Chairs wenden (E-Mail: <a href=\"mailto:studentvolunteer@mensch-und-computer.de\">studentvolunteer@mensch-und-computer.de<\/a>).<\/p>\n\n\n\n<p>Lena Nischwitz und Rosa van Koningsbruggen<br><em>Student Volunteer Co-Chairs<\/em><\/p>\n\n\n\n<p>Wir freuen uns darauf, dich kennenzulernen!<\/p>","protected":false},"excerpt":{"rendered":"<p>With more than 600 participants in the past years, the \u201cMensch und Computer\u201d (MuC) is one of the largest HCI conferences in [&hellip;]<\/p>","protected":false},"author":11,"featured_media":0,"parent":91,"menu_order":0,"comment_status":"closed","ping_status":"closed","template":"","meta":{"footnotes":""},"class_list":["post-870","page","type-page","status-publish","hentry"],"_links":{"self":[{"href":"https:\/\/muc2025.mensch-und-computer.de\/de\/wp-json\/wp\/v2\/pages\/870","targetHints":{"allow":["GET"]}}],"collection":[{"href":"https:\/\/muc2025.mensch-und-computer.de\/de\/wp-json\/wp\/v2\/pages"}],"about":[{"href":"https:\/\/muc2025.mensch-und-computer.de\/de\/wp-json\/wp\/v2\/types\/page"}],"author":[{"embeddable":true,"href":"https:\/\/muc2025.mensch-und-computer.de\/de\/wp-json\/wp\/v2\/users\/11"}],"replies":[{"embeddable":true,"href":"https:\/\/muc2025.mensch-und-computer.de\/de\/wp-json\/wp\/v2\/comments?post=870"}],"version-history":[{"count":2,"href":"https:\/\/muc2025.mensch-und-computer.de\/de\/wp-json\/wp\/v2\/pages\/870\/revisions"}],"predecessor-version":[{"id":872,"href":"https:\/\/muc2025.mensch-und-computer.de\/de\/wp-json\/wp\/v2\/pages\/870\/revisions\/872"}],"up":[{"embeddable":true,"href":"https:\/\/muc2025.mensch-und-computer.de\/de\/wp-json\/wp\/v2\/pages\/91"}],"wp:attachment":[{"href":"https:\/\/muc2025.mensch-und-computer.de\/de\/wp-json\/wp\/v2\/media?parent=870"}],"curies":[{"name":"wp","href":"https:\/\/api.w.org\/{rel}","templated":true}]}}