{"id":892,"date":"2025-04-09T08:04:18","date_gmt":"2025-04-09T08:04:18","guid":{"rendered":"https:\/\/muc2025.mensch-und-computer.de\/?page_id=892"},"modified":"2025-07-10T12:00:19","modified_gmt":"2025-07-10T12:00:19","slug":"demos","status":"publish","type":"page","link":"https:\/\/muc2025.mensch-und-computer.de\/de\/demos\/","title":{"rendered":"Demos"},"content":{"rendered":"<h2 class=\"wp-block-heading\">Infos auf einen Blick<\/h2>\n\n\n\n<p>Kontakt f\u00fcr alle Fragen: <a href=\"mailto:demos@mensch-und-computer.de\">demos@mensch-und-computer.de<\/a>&nbsp;<\/p>\n\n\n\n<p class=\"translation-block\">Alle Zeiten sind in der Zeitzone Anywhere on Earth (AoE) angegeben. Wenn die Frist am Tag D endet, ist der letztm\u00f6gliche Zeitpunkt f\u00fcr die Einreichung der Tag, an dem D AoE endet. \u00dcberpr\u00fcfen Sie Ihre Ortszeit in AoE - <a href=\"https:\/\/time.is\/Anywhere_on_Earth\" target=\"_self\">Anywhere on Earth (AoE) time zone.<\/a><\/p>\n\n\n\n<ul class=\"wp-block-list\">\n<li>Einreichung: 13. Juli 2025 <strong>(verl\u00e4ngert)<\/strong><\/li>\n\n\n\n<li>Benachrichtigung: 17. Juli 2025<\/li>\n\n\n\n<li>Deadline f\u00fcr die finale Version: 30. Juli 2025<\/li>\n\n\n\n<li class=\"translation-block\">Einreichung \u00fcber: <a href=\"https:\/\/www.conftool.pro\/muc2025\/\" target=\"_self\">ConfTool <\/a><\/li>\n<\/ul>\n\n\n\n<h2 class=\"wp-block-heading\">Erstellung und Einreichung Ihrer Demo<\/h2>\n\n\n\n<p>In dieser Kategorie k\u00f6nnen Demos von innovativen Technologien, neuartige Interaktionsformen sowie interaktive k\u00fcnstlerische Arbeiten eingereicht werden. Die Demos werden in einer separaten Demo-Session pr\u00e4sentiert und sollen den Austausch zwischen Teilnehmenden f\u00f6rdern, indem sie ausprobiert, diskutiert und weiterentwickelt werden. In einem vorangehenden Demo-Slam schaffen die Vortragenden die Aufmerksamkeit des Publikums f\u00fcr ihre Demo.<\/p>\n\n\n\n<h3 class=\"wp-block-heading\">Beitragsarten&nbsp;<\/h3>\n\n\n\n<ul class=\"wp-block-list\">\n<li><strong>Interaktive Systeme:<\/strong> Dies k\u00f6nnen neue Hardwarel\u00f6sungen, Interaktionskonzepte oder interessante Softwarel\u00f6sungen aus verschiedenen Anwendungsbereichen sein. Die einzige Bedingung ist, dass die Beitr\u00e4ge nicht-kommerziell sind. Auch Demonstratoren, die ein f\u00fcr das wissenschaftliche Programm eingereichten Langbeitrag begleiten, sind willkommen.<\/li>\n\n\n\n<li><strong>Design-Artefakte:<\/strong> Innovative Beispiele f\u00fcr digitale Medien oder interaktive Systeme sowie interaktive, multimediale oder k\u00fcnstlerische Werke (z. B. Kunstinstallationen, Spiele).<\/li>\n<\/ul>\n\n\n\n<h3 class=\"wp-block-heading\">Einreichung<\/h3>\n\n\n\n<p>Die Einreichung muss die folgenden Komponenten enthalten:<\/p>\n\n\n\n<ul class=\"wp-block-list\">\n<li>Eine kurze Beschreibung des Systems oder der k\u00fcnstlerischen Arbeit. Die L\u00e4nge der Einreichung darf maximal 4 Seiten (ohne Referenzen) betragen.<\/li>\n\n\n\n<li>Demo-Video (optional, aber \u00e4u\u00dferst empfohlen), max. 5 Minuten, Full-HD oder 4K, mp4-Format, max. 150 MB.<\/li>\n\n\n\n<li>Vorschaubild f\u00fcr die \u00dcbersichtsseite (Aufl\u00f6sung: 1920 \u00d7 1080 px, Format: jpg).<\/li>\n\n\n\n<li>F\u00fcr die Einreichungen ist keine Anonymisierung erforderlich.<\/li>\n\n\n\n<li class=\"translation-block\">Technisches Demo Zusatzmaterial (optional; <a href=\"https:\/\/muc2025.mensch-und-computer.de\/wp-content\/uploads\/2025\/07\/DemoInformationSheet_MuC_2025.docx\" target=\"_self\">Download der Vorlage hier<\/a>).<\/li>\n<\/ul>\n\n\n\n<h3 class=\"wp-block-heading\">Formatierung<\/h3>\n\n\n\n<p>Die Einreichung muss mit den <a href=\"https:\/\/www.acm.org\/publications\/proceedings-template\">&nbsp;LaTeX und Word-Vorlagen der ACM<\/a>erstellt werden. Die korrekte Vorlage f\u00fcr die Einreichung ist entweder die einspaltige Word-Submission-Vorlage oder die einspaltige LaTeX-Vorlage mit <code>\\documentclass[manuscript,review]{acmart}<\/code>.<\/p>\n\n\n\n<h3 class=\"wp-block-heading\">Erg\u00e4nzende Materialien<\/h3>\n\n\n\n<p>Videos k\u00f6nnen beliebig lang sein, sollten jedoch Untertitel und Audiobeschreibungen enthalten (siehe <a href=\"https:\/\/www.sigaccess.org\/welcome-to-sigaccess\/resources\/accessible-presentation-guide\/\">Accessible Presentation Guide<\/a>). Weitere erg\u00e4nzende Materialien (z. B. Umfragetexte, Versuchsprotokolle, Quellcode, Daten) sollten als einzelne .zip-Datei eingereicht werden, die eine README-Datei mit einer Beschreibung der Inhalte enth\u00e4lt. Das Haupt-PDF der Einreichung muss unabh\u00e4ngig verst\u00e4ndlich sein \u2013 erg\u00e4nzende Materialien dienen nur zur zus\u00e4tzlichen Kontextualisierung.<\/p>\n\n\n\n<h3 class=\"wp-block-heading\">Einreichung<\/h3>\n\n\n\n<p>Die Einreichung erfolgt \u00fcber das <a href=\"https:\/\/www.conftool.pro\/muc2025\/\">ConfTool<\/a>. Autor:innen k\u00f6nnen ihre Materialien bis zur Einreichungsfrist hochladen und bearbeiten. Bei Fragen oder technischen Problemen wenden Sie sich an die Demo Chairs unter <a href=\"http:\/\/\tdemos@mensch-und-computer.de\">&nbsp;demos@mensch-und-computer.de<\/a>.<\/p>\n\n\n\n<h3 class=\"wp-block-heading\">Barrierefreiheit<\/h3>\n\n\n\n<p>Von den Autor*innen wird erwartet, dass sie den SIGCHI-Leitfaden f\u00fcr eine barrierefreie Einreichung befolgen - <a href=\"https:\/\/sigchi.org\/conferences\/author-resources\/accessibility-guide\/\">SIGCHI Guide to an Accessible Submission<\/a>. Wenn Sie Fragen oder Bedenken bez\u00fcglich der Erstellung barrierefreier Beitr\u00e4ge haben, wenden Sie sich bitte fr\u00fchzeitig an die DEI &amp; Accessibility Chairs unter <a href=\"mailto:accessibility@mensch-und-computer.de\">accessibility@mensch-und-computer.de<\/a> (je n\u00e4her der Abgabetermin r\u00fcckt, desto weniger Zeit hat das Team, um auf individuelle Anfragen zu reagieren). Beitr\u00e4ge, die von einem*einer Gutachter*in als nicht  barrierefrei werden, m\u00fcssen neu zugewiesen werden. Bitte beachten Sie, dass wir uns zwar bem\u00fchen, jeden Beitrag den besten Gutachter*innen zuzuordnen, dass aber die besten Gutachter*innen f\u00fcr eine Arbeit m\u00f6glicherweise nicht in der Lage sind, einen nicht barrierefreien Beitrag zu begutachten.<\/p>\n\n\n\n<h3 class=\"wp-block-heading\">Inklusivit\u00e4t<\/h3>\n\n\n\n<p class=\"translation-block\">Bei der Vorbereitung der Beitr\u00e4ge sollte aktiv auf einen respektvollen Sprachgebrauch geachtet werden, insbesondere gegen\u00fcber Randgruppen, vor allem in Bezug auf <a href=\"https:\/\/www.morgan-klaus.com\/gender-guidelines.html\" target=\"_self\">Geschlecht<\/a> oder <a href=\"https:\/\/www.sigaccess.org\/welcome-to-sigaccess\/resources\/accessible-writing-guide\/\" target=\"_self\">Behinderung<\/a>.<\/p>\n\n\n\n<h3 class=\"wp-block-heading\">Forschung mit menschlichen Teilnehmer*innen<\/h3>\n\n\n\n<p>Als Forscher*in haben Sie die vorrangige Verpflichtung, das Wohlergehen und die Sicherheit der Teilnehmer*innen zu sch\u00fctzen und sicherzustellen, dass sie fair und mit Respekt behandelt werden. F\u00fcr ein breiteres und tieferes Verst\u00e4ndnis der zugrunde liegenden ethischen Prinzipien empfehlen wir die folgenden Dokumente der Europ\u00e4ischen Kommission zu<a href=\"https:\/\/ec.europa.eu\/info\/funding-tenders\/opportunities\/docs\/2021-2027\/horizon\/guidance\/ethics-in-social-science-and-humanities_he_en.pdf\">\u201eEthics in Social Science and Humanities\u201c<\/a>und<a href=\"https:\/\/ec.europa.eu\/info\/funding-tenders\/opportunities\/docs\/2021-2027\/horizon\/guidance\/research-ethics-in-ethnography-anthropology_he_en.pdf\">\u201eResearch Ethics in Ethnography\/Anthropology\"<\/a>. Dazu geh\u00f6rt, Gutes zu tun (beneficence), Schaden zu vermeiden (non-malificence) und die Autonomie, das Wohlbefinden, die Sicherheit und die W\u00fcrde aller Forschungsteilnehmer*innen zu sch\u00fctzen. Dar\u00fcber hinaus m\u00fcssen alle Forscher*innen, die mit Teilnehmer*innen forschen, angemessene ethische und rechtliche Standards einhalten, wie im folgenden Dokument dargelegt: <a href=\"https:\/\/www.acm.org\/publications\/policies\/research-involving-human-participants-and-subjects\">ACM Publications Policy on Research Involving Human Participants and Subjects dargelegt.<\/a>.<\/p>\n\n\n\n<h3 class=\"wp-block-heading\">Verwendung generativer KI-Werkzeuge<\/h3>\n\n\n\n<p>Alle Autor*innen sollten sich der <a href=\"https:\/\/www.acm.org\/publications\/policies\/new-acm-policy-on-authorship\">ACM-Richtlinie zur Autorenschaft<\/a>&nbsp;halten. Jeglicher Text, der von gro\u00dfen KI-Spachmodellen (LLM) wie ChatGPT oder Deepseek generiert wurde, muss deutlich gekennzeichnet werden, wenn er \u00fcber reine Textbearbeitung hinausgeht. Generative KI-Tools d\u00fcrfen nicht als Autor:innen gelistet werden. Autor:innen sind verantwortlich f\u00fcr Verst\u00f6\u00dfe wie Plagiate, falsche Darstellungen, F\u00e4lschungen oder Verf\u00e4lschungen von Inhalten und\/oder Referenzen, die durch den Einsatz von generativen KI-Tools erzeugt wurden, was mit Sanktionen wie einem Ver\u00f6ffentlichungsverbot geahndet werden kann. Wir werden Einreichungen untersuchen, die uns zur Kenntnis gebracht werden, und werden Arbeiten ablehnen, bei denen die Verwendung von LLM nicht eindeutig gekennzeichnet ist.<\/p>\n\n\n\n<h2 class=\"wp-block-heading\">Auswahlverfahren<\/h2>\n\n\n\n<p>Die Einreichungen werden <a href=\"https:\/\/www.acm.org\/publications\/policies\/pre-publication-evaluation\">reviewed<\/a> und k\u00f6nnen Arbeiten enthalten, die eingeladen oder aus anderen Einreichungen ausgew\u00e4hlt wurden. Das Auswahlverfahren umfasst Pr\u00fcfungen durch die Co-Vorsitzenden und die Demo-Jury. Bitte beachten Sie, dass Sie aufgrund der kurzen Bearbeitungszeit au\u00dfer der Entscheidung \u00fcber die Annahme keine formelle R\u00fcckmeldung zu Ihrer Einreichung erhalten werden. Wir wollen sicherstellen, dass der Demo-Track spannend ist und eine Reihe von Projekten aus verschiedenen MuC-Gemeinschaften repr\u00e4sentiert. Bei der Auswahl werden auch die Machbarkeit, der verf\u00fcgbare Platz auf der Konferenz und andere relevante Informationen ber\u00fccksichtigt.<\/p>\n\n\n\n<h2 class=\"wp-block-heading\">Nach der Annahme<\/h2>\n\n\n\n<p>Der korrespondierende Autor einer angenommenen Einreichung unter Bedingungen muss die&nbsp;<a href=\"https:\/\/muc2025.mensch-und-computer.de\/de\/publication-ready-author-instructions\/hci\/\" data-type=\"page\" data-id=\"834\">Anweisungen<\/a>&nbsp;zur Erstellung und Einreichung der endg\u00fcltigen Fassung bis zum Abgabetermin befolgen. Wenn die Autoren diese Anforderungen nicht bis zur Ver\u00f6ffentlichungsfrist erf\u00fcllen k\u00f6nnen, werden die Veranstaltungsleiter benachrichtigt und k\u00f6nnen m\u00f6glicherweise aufgefordert werden, Ihren Beitrag aus dem Programm zu streichen. Die publikationsreife Fassung muss der ACM-Vorlage entsprechen. Sollten Sie technische Unterst\u00fctzung ben\u00f6tigen, richten Sie Ihre Anfrage bitte an <a href=\"mailto:publications@mensch-und-computer.de\">publications@mensch-und-computer.de<\/a>.<\/p>\n\n\n\n<h2 class=\"wp-block-heading\">Pr\u00e4sentation auf der Konferenz<\/h2>\n\n\n\n<p>F\u00fcr jeden angenommenen Beitrag muss sich mindestens ein Autor f\u00fcr die gesamte Konferenz anmelden und seine Arbeit pers\u00f6nlich und synchron pr\u00e4sentieren. Die Pr\u00e4sentationen sollten den <a href=\"https:\/\/www.sigaccess.org\/welcome-to-sigaccess\/resources\/accessible-presentation-guide\/\">ACM SIGACCESS-Empfehlungen f\u00fcr barrierefreie Pr\u00e4sentationen<\/a>&nbsp;entsprechen. Die Autoren k\u00f6nnen auf Englisch und Deutsch pr\u00e4sentieren, wir empfehlen jedoch, englische Folien zu verwenden.<\/p>\n\n\n\n<h2 class=\"wp-block-heading\">Nach der Konferenz<\/h2>\n\n\n\n<p>Akzeptierte Demonstrationen werden in den Mensch und Computer-Konferenzproceedings ver\u00f6ffentlicht, die in der <a href=\"https:\/\/dl.gi.de\/\">GI library<\/a>verf\u00fcgbar sind und somit tausenden Forschenden und Praktikern weltweit zug\u00e4nglich bleiben. Die Videopr\u00e4sentationen der angenommenen Demos werden in der GI-Bibliothek und auf YouTube archiviert.<\/p>\n\n\n\n<p><\/p>","protected":false},"excerpt":{"rendered":"<p>Info at a Glance Contact for any questions: demos@mensch-und-computer.de&nbsp; All times are in Anywhere on Earth (AoE) time zone. When the deadline [&hellip;]<\/p>","protected":false},"author":11,"featured_media":0,"parent":0,"menu_order":0,"comment_status":"closed","ping_status":"closed","template":"","meta":{"footnotes":""},"class_list":["post-892","page","type-page","status-publish","hentry"],"_links":{"self":[{"href":"https:\/\/muc2025.mensch-und-computer.de\/de\/wp-json\/wp\/v2\/pages\/892","targetHints":{"allow":["GET"]}}],"collection":[{"href":"https:\/\/muc2025.mensch-und-computer.de\/de\/wp-json\/wp\/v2\/pages"}],"about":[{"href":"https:\/\/muc2025.mensch-und-computer.de\/de\/wp-json\/wp\/v2\/types\/page"}],"author":[{"embeddable":true,"href":"https:\/\/muc2025.mensch-und-computer.de\/de\/wp-json\/wp\/v2\/users\/11"}],"replies":[{"embeddable":true,"href":"https:\/\/muc2025.mensch-und-computer.de\/de\/wp-json\/wp\/v2\/comments?post=892"}],"version-history":[{"count":4,"href":"https:\/\/muc2025.mensch-und-computer.de\/de\/wp-json\/wp\/v2\/pages\/892\/revisions"}],"predecessor-version":[{"id":1319,"href":"https:\/\/muc2025.mensch-und-computer.de\/de\/wp-json\/wp\/v2\/pages\/892\/revisions\/1319"}],"wp:attachment":[{"href":"https:\/\/muc2025.mensch-und-computer.de\/de\/wp-json\/wp\/v2\/media?parent=892"}],"curies":[{"name":"wp","href":"https:\/\/api.w.org\/{rel}","templated":true}]}}