{"id":908,"date":"2025-04-11T16:13:20","date_gmt":"2025-04-11T16:13:20","guid":{"rendered":"https:\/\/muc2025.mensch-und-computer.de\/?page_id=908"},"modified":"2025-04-11T16:13:20","modified_gmt":"2025-04-11T16:13:20","slug":"student-research-competition","status":"publish","type":"page","link":"https:\/\/muc2025.mensch-und-computer.de\/de\/student-research-competition\/","title":{"rendered":"Student Research Competition"},"content":{"rendered":"<h2 class=\"wp-block-heading\">Infos auf einen Blick<\/h2>\n\n\n\n<p>Der studentische Forschungswettbewerb - die Student Research Competition - ist ein Forum f\u00fcr Studierende, um ihre Forschungsarbeiten zu pr\u00e4sentieren, Ideen auszutauschen und ihre Kommunikationsf\u00e4higkeiten zu verbessern.<\/p>\n\n\n\n<p class=\"translation-block\">Alle Zeiten sind in der Zeitzone Anywhere on Earth (AoE) angegeben. Wenn die Frist am Tag D endet, ist der letztm\u00f6gliche Zeitpunkt f\u00fcr die Einreichung der Tag, an dem D AoE endet. \u00dcberpr\u00fcfen Sie Ihre Ortszeit in AoE - <a href=\"https:\/\/time.is\/Anywhere_on_Earth\" target=\"_self\">Anywhere on Earth (AoE) time zone.<\/a><\/p>\n\n\n\n<ul class=\"wp-block-list\">\n<li>Einsendeschluss: 10. Juli 2025<\/li>\n\n\n\n<li>Benachrichtigung: 17. Juli 2025<\/li>\n\n\n\n<li>Deadline f\u00fcr die finale Version: 30. Juli 2025<\/li>\n\n\n\n<li class=\"translation-block\">Einreichung \u00fcber: <a href=\"https:\/\/www.conftool.pro\/muc2025\/\" target=\"_self\">ConfTool <\/a><\/li>\n<\/ul>\n\n\n\n<h2 class=\"wp-block-heading\">Vorbereitung der Einreichung<\/h2>\n\n\n\n<p>Eine Einreichung f\u00fcr den Wettbewerb f\u00fcr studentische Forschung sollte eine k\u00fcrzlich abgeschlossene oder laufende studentische Forschungsarbeit in einem der Themenbereiche von  \u201eMensch und Computer\u201c beschreiben. Es sollte es sich um Originalarbeiten handeln, die noch nicht anderweitig eingereicht oder  bereits auf der MuC oder einer anderen Konferenz oder Zeitschrift ver\u00f6ffentlicht wurden. Der Kurzbeitrags soll  die folgenden Punkte beinhalten:&nbsp;<\/p>\n\n\n\n<ul class=\"wp-block-list\">\n<li>Das Forschungsproblem und die Motivation f\u00fcr die Arbeit\u00a0<\/li>\n\n\n\n<li>Hintergrund und verwandte Arbeiten\u00a0<\/li>\n\n\n\n<li>Neuartigkeit der Forschungsarbeit\u00a0<\/li>\n\n\n\n<li>Forschungsansatz\u00a0<\/li>\n\n\n\n<li>Ergebnisse\u00a0<\/li>\n\n\n\n<li>Beitr\u00e4ge zum Bereich der HCI<\/li>\n<\/ul>\n\n\n\n<h3 class=\"wp-block-heading\">Die SRC-Einreichung<\/h3>\n\n\n\n<p>Die Einreichung umfasst die folgenden Teile:<\/p>\n\n\n\n<ul class=\"wp-block-list\">\n<li>Einen Kurzbeitrag (Abstract) unter Verwendung der <a href=\"https:\/\/www.acm.org\/publications\/proceedings-template\">ACM Master Article Submission Templates<\/a> (einspaltig, maximal 4 Seiten ohne Referenzen)<\/li>\n\n\n\n<li>Ein Video, welches das Projekt in 3-5 Minuten beschreibt und zeigt. Das Video sollte nicht l\u00e4nger als 5 Minuten sein (.mp4 | 16:9)\u00a0<\/li>\n\n\n\n<li>Ein Nachweis des Studierendenstatus mit Universit\u00e4tsstempel. Dieser Nachweis kann erbracht werden durch:\n<ul class=\"wp-block-list\">\n<li>Ein vom akademischen Betreuer oder von der akademischen Betreuerin unterschriebenes Schreiben mit den folgenden Angaben: Best\u00e4tigung Ihres Status, Name der Universit\u00e4t\/Hochschule, die Angabe ob Sie zum Zeitpunkt der Arbeit einen Abschluss (z. B. Master) oder ein Grundstudium (z. B. Bachelor) absolviert haben, und die Best\u00e4tigung, dass Sie entweder derzeit in einem akademischen Programm in Vollzeit eingeschrieben sind oder in den kommenden 180 Tagen (Beginn der Einreichungsfrist) wieder als Studierende\/r eingeschrieben sein werden.\u00a0<\/li>\n\n\n\n<li>ein offizielles Dokument der Universit\u00e4t (z. B. ein Transcript of Records, eine Semesterbescheinigung usw.), aus dem eindeutig hervorgeht, dass Sie zum Zeitpunkt der Einreichung eingeschrieben waren.\u00a0<\/li>\n<\/ul>\n<\/li>\n<\/ul>\n\n\n\n<h3 class=\"wp-block-heading\">Formatierung und Regeln<\/h3>\n\n\n\n<ul class=\"wp-block-list\">\n<li>Alle Beitr\u00e4ge m\u00fcssen einen klaren HCI-Bezug haben. Einreichungen ohne HCI-Bezug, z.B. \u00fcber Implementierungen oder Systemarchitekturen, k\u00f6nnen nicht ber\u00fccksichtigt werden.<\/li>\n\n\n\n<li>Die Einreichungen k\u00f6nnen in deutscher oder englischer Sprache verfasst sein. Die Sprache sollte aber \u00fcber die Einreichungsformate (pdf, Video) hinweg einheitlich sein.\u00a0\u00a0<\/li>\n\n\n\n<li>Die Ersteinreichung ist *nicht* anonymisiert. Bitte geben Sie den Namen der Autor*innen und die Danksagung so an, wie sie in der druckfertigen Fassung des Kurzbeitrags (Abstracts)  erscheinen sollen.<\/li>\n\n\n\n<li>Die Studierenden m\u00fcssen zum Zeitpunkt der Einreichung an einer Universit\u00e4t oder Hochschule eingeschrieben sein, nicht unbedingt zum Zeitpunkt der Konferenz.\u00a0\u00a0<\/li>\n\n\n\n<li>Eingereicht werden k\u00f6nnen Beitr\u00e4ge von Studierenden im Grund- (Bachelor) oder Hauptstudium (Master). Vorausgehende Forschungserfahrungen werden bei der Begutachtung der Beitr\u00e4ge ber\u00fccksichtigt.\u00a0<\/li>\n\n\n\n<li>Studierende k\u00f6nnen ein Einzel- oder Teamprojekt mit einem bzw. einer benannten Vortragende*r  einreichen. Mindestens der*die benannte Vortragende*r  muss sich f\u00fcr die Konferenz anmelden und an ihr teilnehmen.\u00a0<\/li>\n\n\n\n<li>Betreuer*innen sind als Co-Autor*innen zugelassen, die Pr\u00e4sentation muss aber von einem\/einer Studierenden gehalten  werden.\u00a0<\/li>\n\n\n\n<li>Online-Einreichung: <a href=\"https:\/\/www.conftool.pro\/muc2025\/\">https:\/\/www.conftool.pro\/muc2025\/<\/a>\u00a0<\/li>\n<\/ul>\n\n\n\n<h3 class=\"wp-block-heading\">Einreichung<\/h3>\n\n\n\n<p>Die Einreichung der Beitr\u00e4ge erfolgt \u00fcber die Kategorie Student Research Competition in Contool - <a href=\"https:\/\/www.conftool.pro\/muc2025\/\">https:\/\/www.conftool.pro\/muc2025<\/a>. Die Autor*innen k\u00f6nnen ihre Materialien bis zur Einreichungsfrist einreichen und bearbeiten. Bei Schwierigkeiten, technische Problemen oder Fragen zu diesem Verfahren wenden Sie sich bitte an die SRC-Chairs  unter <a href=\"mailto:src@mensch-und-computer.de\">src@mensch-und-computer.de<\/a>.&nbsp;<\/p>\n\n\n\n<h3 class=\"wp-block-heading\">Barrierefreiheit&nbsp;<\/h3>\n\n\n\n<p>Von den Autor*innen wird erwartet, dass sie den SIGCHI-Leitfaden f\u00fcr eine barrierefreie Einreichung befolgen - <a href=\"https:\/\/sigchi.org\/conferences\/author-resources\/accessibility-guide\/\">SIGCHI Guide to an Accessible Submission<\/a>. Wenn Sie Fragen oder Bedenken bez\u00fcglich der Erstellung barrierefreier Beitr\u00e4ge haben, wenden Sie sich bitte fr\u00fchzeitig an die DEI &amp; Accessibility Chairs unter <a href=\"mailto:accessibility@mensch-und-computer.de\">accessibility@mensch-und-computer.de<\/a> (je n\u00e4her der Abgabetermin r\u00fcckt, desto weniger Zeit hat das Team, um auf individuelle Anfragen zu reagieren). Beitr\u00e4ge, die von einem*einer Gutachter*in als nicht  barrierefrei werden, m\u00fcssen neu zugewiesen werden. Bitte beachten Sie, dass wir uns zwar bem\u00fchen, jeden Beitrag den besten Gutachter*innen zuzuordnen, dass aber die besten Gutachter*innen f\u00fcr eine Arbeit m\u00f6glicherweise nicht in der Lage sind, einen nicht barrierefreien Beitrag zu begutachten.<\/p>\n\n\n\n<h3 class=\"wp-block-heading\">Inklusivit\u00e4t<\/h3>\n\n\n\n<p class=\"translation-block\">Bei der Vorbereitung der Beitr\u00e4ge sollte aktiv auf einen respektvollen Sprachgebrauch geachtet werden, insbesondere gegen\u00fcber Randgruppen, vor allem in Bezug auf <a href=\"https:\/\/www.morgan-klaus.com\/gender-guidelines.html\" target=\"_self\">Geschlecht<\/a> oder <a href=\"https:\/\/www.sigaccess.org\/welcome-to-sigaccess\/resources\/accessible-writing-guide\/\" target=\"_self\">Behinderung<\/a>.<\/p>\n\n\n\n<h3 class=\"wp-block-heading\">Forschung mit menschlichen Teilnehmer*innen<\/h3>\n\n\n\n<p>Als Forscher*in haben Sie die vorrangige Verpflichtung, das Wohlergehen und die Sicherheit der Teilnehmer*innen zu sch\u00fctzen und sicherzustellen, dass sie fair und mit Respekt behandelt werden. F\u00fcr ein breiteres und tieferes Verst\u00e4ndnis der zugrunde liegenden ethischen Prinzipien empfehlen wir die folgenden Dokumente der Europ\u00e4ischen Kommission zu<a href=\"https:\/\/ec.europa.eu\/info\/funding-tenders\/opportunities\/docs\/2021-2027\/horizon\/guidance\/ethics-in-social-science-and-humanities_he_en.pdf\">\u201eEthics in Social Science and Humanities\u201c<\/a>und<a href=\"https:\/\/ec.europa.eu\/info\/funding-tenders\/opportunities\/docs\/2021-2027\/horizon\/guidance\/research-ethics-in-ethnography-anthropology_he_en.pdf\">\u201eResearch Ethics in Ethnography\/Anthropology\"<\/a>. Dazu geh\u00f6rt, Gutes zu tun (beneficence), Schaden zu vermeiden (non-malificence) und die Autonomie, das Wohlbefinden, die Sicherheit und die W\u00fcrde aller Forschungsteilnehmer*innen zu sch\u00fctzen. Dar\u00fcber hinaus m\u00fcssen alle Forscher*innen, die mit Teilnehmer*innen forschen, angemessene ethische und rechtliche Standards einhalten, wie im folgenden Dokument dargelegt: <a href=\"https:\/\/www.acm.org\/publications\/policies\/research-involving-human-participants-and-subjects\">ACM Publications Policy on Research Involving Human Participants and Subjects dargelegt.<\/a>.<\/p>\n\n\n\n<h3 class=\"wp-block-heading\">Verwendung von generativer AI<\/h3>\n\n\n\n<p>Alle Autor*innen sollten sich der <a href=\"https:\/\/www.acm.org\/publications\/policies\/new-acm-policy-on-authorship\">ACM-Richtlinie zur Autorenschaft<\/a>&nbsp;bewusst sein, in der die zul\u00e4ssige Verwendung von generativer KI in eingereichten Arbeiten dargelegt ist. Text, der von einem Large Language Model (LLM) wie ChatGPT generiert wurde, muss deutlich gekennzeichnet werden, wenn solche Werkzeuge f\u00fcr Zwecke verwendet werden, die \u00fcber die Bearbeitung des Originaltextes der Autor*in hinausgehen. Alle Autor*innen sind f\u00fcr die von diesen Tools erstellten Inhalte verantwortlich, die Verwendung der Tools muss offengelegt werden (z. B. in der Danksagung), und das Tool kann nicht als Autor*in genannt werden. Daher sind die Autor*innen f\u00fcr Plagiate, falsche Darstellungen, F\u00e4lschungen oder Verf\u00e4lschungen von Inhalten und\/oder Referenzen, die durch den Einsatz von generativen KI-Tools erstellt wurden, verantwortlich und k\u00f6nnen mit Sanktionen, wie z.B. einem Ver\u00f6ffentlichungsverbot, belegt werden. Wir werden Einreichungen, die uns zur Kenntnis gebracht werden, pr\u00fcfen und Arbeiten ablehnen, bei denen die Verwendung von LLM nicht eindeutig gekennzeichnet ist.<\/p>\n\n\n\n<h2 class=\"wp-block-heading\">Auswahlverfahren&nbsp;<\/h2>\n\n\n\n<p>Alle Einreichungen werden von den Mitgliedern des \u201eStudent Research Committees\u201c begutachtet (lt. ACM - <a href=\"https:\/\/www.acm.org\/publications\/policies\/pre-publication-evaluation\">reviewed<\/a> ) und nach den folgenden Kriterien bewertet:<\/p>\n\n\n\n<ul class=\"wp-block-list\">\n<li>Problemstellung und Motivation: 5 Punkte\u00a0<\/li>\n\n\n\n<li>Hintergrund und verwandte Arbeiten: 5 Punkte\u00a0<\/li>\n\n\n\n<li>Herangehensweise und Einzigartigkeit: 10 Punkte\u00a0<\/li>\n\n\n\n<li>Ergebnisse und Beitrag: 10 Punkte\u00a0<\/li>\n\n\n\n<li>M\u00f6gliche Gesamtpunktzahl: 30 Punkte\u00a0<\/li>\n<\/ul>\n\n\n\n<p>Die Vertraulichkeit der eingereichten Beitr\u00e4ge wird w\u00e4hrend des Begutachtungsverfahrens gewahrt. Alle abgelehnten Beitr\u00e4ge werden dauerhaft vertraulich behandelt. Die Beitr\u00e4ge d\u00fcrfen keine sensiblen, privaten oder gesch\u00fctzten Informationen enthalten, die zum Zeitpunkt der Ver\u00f6ffentlichung nicht offengelegt werden k\u00f6nnen.&nbsp;<\/p>\n\n\n\n<p>Die Autor*innen aller angenommenen Beitr\u00e4ge erhalten Anweisungen, wie sie die finale  (camera-ready) Kopie ihrer Zusammenfassung einreichen k\u00f6nnen. Die Fristen und Anweisungen f\u00fcr die Einreichung von ver\u00f6ffentlichungsreifen Beitr\u00e4gen werden den angenommenen Autor*innen per E-Mail zugesandt. Diese E-Mail enth\u00e4lt auch Anweisungen, wie die Lehrst\u00fchle f\u00fcr studentische Forschungswettbewerbe und Barrierefreiheit \u00fcber notwendige Anpassungen informiert werden k\u00f6nnen. Die Autor*innen erhalten au\u00dferdem per E-Mail Anweisungen zur Gestaltung des Posters f\u00fcr die Pr\u00e4sentation auf der Konferenz. Wenn die Autor*innen diese Anforderungen bis zur Ver\u00f6ffentlichungsfrist nicht erf\u00fcllen k\u00f6nnen, k\u00f6nnen sie aufgefordert werden, den Beitrag aus dem Programm zu nehmen.&nbsp;<\/p>\n\n\n\n<p>Insgesamt werden bis zu zehn Beitr\u00e4ge f\u00fcr den Wettbewerb auf der Konferenz ausgew\u00e4hlt.&nbsp;<\/p>\n\n\n\n<h2 class=\"wp-block-heading\">Nach der Annahme<\/h2>\n\n\n\n<p>Der\/die korrespondierende Autor*in eines bedingt angenommenen (conditionally accepted) Beitrags muss die <a href=\"https:\/\/muc2025.mensch-und-computer.de\/de\/publication-ready-author-instructions\/hci\/\">Anweisungen<\/a> zur Erstellung und Einreichung einer endg\u00fcltigen Fassung bis zum Abgabetermin befolgen.&nbsp;<\/p>\n\n\n\n<p>Wir werden Sie bitten, ein Poster vorzubereiten, das Sie bei der offiziellen Posterpr\u00e4sentation der Konferenz vorstellen werden. Die Poster k\u00f6nnen auch QR-Codes enthalten, die auf Online-Materialien (z. B. Szenario-Videos und interaktive Prototypen) verweisen. Das Poster sollte die Gr\u00f6\u00dfe A0 haben. Poster sollten (1) den Titel, die Namen der Autoren und ihre Verbindungen, (2) einen kurzen \u00dcberblick \u00fcber die Forschung, (3) klare Illustrationen der wichtigsten Aspekte der Arbeit und (4) ein \u00fcberzeugendes visuelles Design enthalten.&nbsp;<\/p>\n\n\n\n<p class=\"translation-block\">Eine Anleitung f\u00fcr die Erstellung eines Forschungsposters finden Sie in diesem <a href=\"https:\/\/dl.acm.org\/doi\/10.1145\/332132.332138\" target=\"_self\">XRDS article by Lorrie Cranor<\/a> von Lorrie Cranor..\u00a0<\/p>\n\n\n\n<h2 class=\"wp-block-heading\">Auf der Konferenz&nbsp;<\/h2>\n\n\n\n<p>F\u00fcr angenommene Einreichungen h\u00e4lt einer der Autor*innen eine Pr\u00e4sentation vor ausgew\u00e4hlten Juroren und bereitet ein Poster f\u00fcr das Konferenzpublikum vor.&nbsp;<\/p>\n\n\n\n<h2 class=\"wp-block-heading\">Nach der Konferenz&nbsp;<\/h2>\n\n\n\n<p>Die akzeptierten Kurzbeitr\u00e4ge der Student Research Competition werden in den Mensch und Computer Extended Abstracts Proceedings ver\u00f6ffentlicht. Sie werden in die <a href=\"https:\/\/dl.gi.de\/\">GI library<\/a>aufgenommen, wo sie Tausenden von Forschern und Praktikern weltweit zur Verf\u00fcgung stehen.\u00a0<\/p>\n\n\n\n<h2 class=\"wp-block-heading\">Preise und Auszeichnungen&nbsp;<\/h2>\n\n\n\n<p>Studierende, deren SRC-Beitrag angenommen wurde, werden eingeladen, ihre Arbeit auf der Konferenz zu pr\u00e4sentieren. Wir garantieren f\u00fcr SRC Teilnehmer:innen je einen Platz als Student Volunteers (SVs), was eine kostenlose Registrierung beinhaltet. Dar\u00fcber hinaus steht pro pr\u00e4sentierender Person ein einmaliges Stipendium in H\u00f6he von 300 EUR zur Deckung von Reise- und Unterkunftskosten zur Verf\u00fcgung. Die drei besten Arbeiten werden w\u00e4hrend des Konferenzdinners bekannt gegeben.<\/p>\n\n\n\n<p>Die drei besten Arbeiten werden w\u00e4hrend des Konferenzdinners bekannt gegeben.&nbsp;<\/p>\n\n\n\n<h2 class=\"wp-block-heading\">Beispiele der vergangen Jahre:<\/h2>\n\n\n\n<ul class=\"wp-block-list\">\n<li class=\"translation-block\">Bott, Myriam; Wolf, Sara (2023): <a href=\"https:\/\/dl.gi.de\/items\/b78d2a19-eb0f-4887-bfee-787b51c39e64\" target=\"_self\">SustainTourism \u2013 Experiencing Tourism From Home<\/a> (1. Platz)<\/li>\n\n\n\n<li class=\"translation-block\">Hyesoo Jeon, Jule Sophie Ebeling, Margarita Osipova (2023): <a href=\"https:\/\/dl.gi.de\/items\/a4e5a281-e993-47f8-81c9-ed9d08a4e5fb\" target=\"_self\">Empowering Safety Technology for Women\u2019s Solo Journeys: Insights from a Story Completion Study<\/a> (2. Platz)<\/li>\n\n\n\n<li>Daria Zhukova, Urszula Kulon (2023): <a href=\"https:\/\/dl.gi.de\/items\/00f9a797-2735-439c-ad8b-f36e7c25ea42\">Designing The Technology For Pet Owners&#8217; Psychological Safety And Pet Physical Safety: identifying the challenges, needs and conceptualizing solutions for pet location tracking<\/a> \u00a0(3. Platz)<\/li>\n\n\n\n<li>Vedder, Helen; Stano, Fabio; Knierim, Michael (2024): <a href=\"https:\/\/dl.gi.de\/items\/f3e7d5be-db36-466a-98fe-c07e7ed7cda4\">Classification of Music Preferences Using EEG Data in Machine Learning Models<\/a>&nbsp;(2. Platz)<\/li>\n<\/ul>\n\n\n\n<p><\/p>\n\n\n\n<p><\/p>","protected":false},"excerpt":{"rendered":"<p>Info at a Glance The Student Research Competition is a forum for undergraduate and graduate students to showcase their research, exchange ideas, [&hellip;]<\/p>","protected":false},"author":11,"featured_media":0,"parent":0,"menu_order":0,"comment_status":"closed","ping_status":"closed","template":"","meta":{"footnotes":""},"class_list":["post-908","page","type-page","status-publish","hentry"],"_links":{"self":[{"href":"https:\/\/muc2025.mensch-und-computer.de\/de\/wp-json\/wp\/v2\/pages\/908","targetHints":{"allow":["GET"]}}],"collection":[{"href":"https:\/\/muc2025.mensch-und-computer.de\/de\/wp-json\/wp\/v2\/pages"}],"about":[{"href":"https:\/\/muc2025.mensch-und-computer.de\/de\/wp-json\/wp\/v2\/types\/page"}],"author":[{"embeddable":true,"href":"https:\/\/muc2025.mensch-und-computer.de\/de\/wp-json\/wp\/v2\/users\/11"}],"replies":[{"embeddable":true,"href":"https:\/\/muc2025.mensch-und-computer.de\/de\/wp-json\/wp\/v2\/comments?post=908"}],"version-history":[{"count":2,"href":"https:\/\/muc2025.mensch-und-computer.de\/de\/wp-json\/wp\/v2\/pages\/908\/revisions"}],"predecessor-version":[{"id":910,"href":"https:\/\/muc2025.mensch-und-computer.de\/de\/wp-json\/wp\/v2\/pages\/908\/revisions\/910"}],"wp:attachment":[{"href":"https:\/\/muc2025.mensch-und-computer.de\/de\/wp-json\/wp\/v2\/media?parent=908"}],"curies":[{"name":"wp","href":"https:\/\/api.w.org\/{rel}","templated":true}]}}