{"id":955,"date":"2025-06-11T09:49:10","date_gmt":"2025-06-11T09:49:10","guid":{"rendered":"https:\/\/muc2025.mensch-und-computer.de\/?page_id=955"},"modified":"2025-08-27T08:34:03","modified_gmt":"2025-08-27T08:34:03","slug":"inclusion-and-accessibility","status":"publish","type":"page","link":"https:\/\/muc2025.mensch-und-computer.de\/de\/inclusion-and-accessibility\/","title":{"rendered":"Zugang und Inklusion"},"content":{"rendered":"<p>Im Sinne der Digitalen Diversit\u00e4t versuchen wir bei der MuC 2025, m\u00f6glichst zug\u00e4ngliche R\u00e4ume und ein respektvolles Miteinander zu schaffen, um der Diversit\u00e4t unserer Gemeinschaft gerecht zu werden. Wir tolerieren keine Diskriminierung oder \u00dcbergriffigkeit, und verlassen uns darauf, dass sich unsere Teilnehmer*innen unseren Bem\u00fchungen, die MuC als safer space f\u00fcr marginalisierte Personen zu gestalten, anschlie\u00dfen.<\/p>\n\n\n\n<figure class=\"wp-block-image is-resized\"><img decoding=\"async\" src=\"https:\/\/lh7-rt.googleusercontent.com\/docsz\/AD_4nXdcfYL6FI6_VU3QHwQBs-7oE6fZRrAGomT5W4g2NOrqrHItqBVtDwcH9Pq0KowyUF-JYcTOM_arro8e34xNoUa3AmstxD4aTjF7bAAKb-Zdb33y_PZ53MQ_g4Ehj378Aslgg98I0w?key=XL-KOLpYioF1XK62XHjKHvAe\" alt=\"Image of the Intersex-Inclusive Pride Flag.\" style=\"width:386px;height:auto\"\/><figcaption class=\"wp-element-caption\">Quelle: <a href=\"https:\/\/www.globalinclusiveprideflag.com\/\">https:\/\/www.globalinclusiveprideflag.com\/<\/a><\/figcaption><\/figure>\n\n\n\n<p>Wir geben unser Bestes, um eine m\u00f6glichst weite Bandbreite an unterschiedlichen Zugangsanforderungen abzudecken. Um Euch bei der individuellen Entscheidungsfindung zu helfen, haben wir auf dieser Seite Informationen zu den Zugangsunterst\u00fctzungen, die wir anbieten k\u00f6nnen, sowie zu potentiellen Barrieren, gesammelt.&nbsp; <strong>Damit wir diese Informationen m\u00f6glichst fr\u00fchzeitig kommunizieren k\u00f6nnen, und im Sinne der Transparenz, sind hier auch einige Dinge aufgelistet, die noch in Arbeit sind bzw. au\u00dferhalb unserer Kontrolle liegen. Daher ist es eine gute Idee, sp\u00e4ter noch einmal vorbeizuschauen, wenn etwas noch unklar ist\u2014wir halten diese Seite aktuell.<\/strong> Oder: schreibt uns einfach eine E-mail, und wir halten Euch am Laufenden.<\/p>\n\n\n\n<p>Bei Fragen oder Zugangsanforderungen, die untenstehend nicht aufgelistet sind, sind wir per E-mail erreichbar unter: <a href=\"mailto:accessibility@mensch-und-computer.de\">accessibility@mensch-und-computer.de<\/a>.<\/p>\n\n\n\n<div class=\"wp-block-ideabox-toc ib-block-toc\" data-anchors='h2,h3,h4,h5,h6' data-collapsable='true' ><div class=\"ib-toc-container ib-toc-list-style-numbers ib-toc-hierarchical ib-toc-expanded\"><div class=\"ib-toc-header\"><div class=\"ib-toc-header-title\">Inhaltsverzeichnis<\/div><div class=\"ib-toc-header-right\"><span class=\"ib-toc-icon-collapse\"><span class=\"dashicon dashicons dashicons-minus\"><\/span><\/span><span class=\"ib-toc-icon-expand\"><span class=\"dashicon dashicons dashicons-plus\"><\/span><\/span><\/div><\/div><div class=\"ib-toc-separator\" style=\"background-color:#aaaaaa;height:2px\"><\/div><div class=\"ib-toc-body\"><ol class=\"ib-toc-anchors\"><\/ol><\/div><\/div><\/div>\n\n\n\n<h2 class=\"wp-block-heading\">Mobilit\u00e4t und Zugang<\/h2>\n\n\n\n<p class=\"translation-block\"><a href=\"https:\/\/www.tu-chemnitz.de\/tu\/lageplan\/campusfinder\/campusfinder.html?id=749\" data-type=\"link\" data-id=\"https:\/\/www.tu-chemnitz.de\/tu\/lageplan\/campusfinder\/campusfinder.html?id=749\" target=\"_blank\" rel=\"noreferrer noopener\">Hier<\/a> ist ein Geb\u00e4udeplan zu finden.<\/p>\n\n\n\n<p>Es gibt nur einen recht kleinen, funktionierenden Aufzug im Geb\u00e4ude, und nur eine zug\u00e4ngliche Toilette im Erdgeschoss, auf der rechten Seite des Geb\u00e4udes (beschildert). Wir werden alle Teilnehmer, welche die Stiegen ben\u00fctzen k\u00f6nnen, bitten, dies zu tun. Rolltreppen gibt es leider keine.<\/p>\n\n\n\n<p>Die Eingangst\u00fcren k\u00f6nnen nur manuell ge\u00f6ffnet werden und sind recht schwer, aber k\u00f6nnen, wenn sie einmal offen sind, problemlos mit dem Rollstuhl passiert werden. Es gibt auch eine Seitent\u00fcre, die rollstuhltauglich \u00f6ffnet, auf der linken Seite des Geb\u00e4udes (beschildert).<\/p>\n\n\n\n<p>In den Pr\u00e4sentationsr\u00e4umen werden Rollstuhlpl\u00e4tze, Sitzpl\u00e4tze mit zus\u00e4tzlichem Platz f\u00fcr Mobilit\u00e4tshilfen, und breitere Sitze in leicht zug\u00e4nglichen Bereichen vorne, seitlich oder entlang der Durchg\u00e4nge zur Verf\u00fcgung gestellt.<\/p>\n\n\n\n<p>F\u00fcr alle anderen Events und zu allen anderen Zeiten wird es ebenfalls Sitzm\u00f6glichkeiten geben.<\/p>\n\n\n\n<p>Wir haben vor, Parkpl\u00e4tze mit Priorit\u00e4t zur Verf\u00fcgung zu stellen, allerdings gibt es im Nebengeb\u00e4ude Bauarbeiten, die potentiell die Parkpl\u00e4tze blockieren k\u00f6nnen, also k\u00f6nnen wir das zu diesem Zeitpunkt noch nicht sagen.<\/p>\n\n\n\n<h2 class=\"wp-block-heading\">F\u00fcr Geh\u00f6rlose und H\u00f6rbehinderte Teilnehmer*innen<\/h2>\n\n\n\n<p class=\"translation-block\">Die R\u00e4ume, in denen der Practitioner Track haupts\u00e4chlich stattfinden wird (rooms C10.111, C10.112, C10.113)  werden mit  <a href=\"https:\/\/www.tu-chemnitz.de\/tu\/inklusion\/PDF\/Nutzung von MobileConnect von Sennheiser_08-2019.pdf\" target=\"_blank\" rel=\"noreferrer noopener\">Sennheiser Connect<\/a> Induktionsschlingen ausgestattet sein. F\u00fcr den Hauptpr\u00e4sentationsraum, in dem die Keynotes und der Scientific Track stattfinden werden, gibt es einen Audioguide, der \u00fcber die eigenen H\u00f6rger\u00e4ten funktioniert.<\/p>\n\n\n\n<p>Wir sind noch aktiv dabei zu er\u00f6rtern, ob wir DGS-Dolmetschung bieten k\u00f6nnen, oder alternativ Zusch\u00fcsse f\u00fcr selbst mitgebrachte Dolmetschende anbieten k\u00f6nnen. Wir werden diese Seite aktualisieren, sobald wir mehr wissen. Wir k\u00f6nnen aber auf jeden Fall Dolmetschende mit zus\u00e4tzlichen Ressourcen wie Bildschirmen ausstatten.&nbsp;<\/p>\n\n\n\n<p>Gerne begr\u00fc\u00dfen wir Signalhunde und bieten notwendige Ressourcen f\u00fcr ihre Anwesenheit.<\/p>\n\n\n\n<h2 class=\"wp-block-heading\">F\u00fcr Blinde und Sehbehinderte Teilnehmer*innen<\/h2>\n\n\n\n<p>Leider gibt es keine Braille-Beschilderung und kein taktiles Bodenleitsystem im Geb\u00e4ude.<\/p>\n\n\n\n<p>Stiegen werden mit Signalstreifen markiert sein, und  wir versuchen, unsere Beschilderung m\u00f6glichst zug\u00e4nglich f\u00fcr Sehbehinderte zu gestalten.<\/p>\n\n\n\n<p>Gerne begr\u00fc\u00dfen wir Blindenf\u00fchrhunde und bieten notwendige Ressourcen f\u00fcr ihre Anwesenheit.&nbsp;<\/p>\n\n\n\n<h2 class=\"wp-block-heading\" id=\"quiet-room\">Ruheraum<\/h2>\n\n\n\n<p>Es wird im Keller des Geb\u00e4udes einen Ruheraum (beschildert) mitsamt Beschilderung hinsichtlich der Nutzungsregeln geben. Dieser ist als R\u00fcckzugsort f\u00fcr Menschen gedacht, die entweder aufgrund von Reiz\u00fcberflutung oder anderen negativen Gef\u00fchlszust\u00e4nden, oder aber auch ohne Grund, einen ruhigen Ort ben\u00f6tigen.&nbsp;<\/p>\n\n\n\n<p>Mehrere Personen k\u00f6nnen gleichzeitig den Raum nutzen, allerdings wird entsprechend der Nutzungsregeln darauf hingewiesen, die Distanz zu anderen zu wahren, bei sich zu bleiben und Ger\u00e4usche, Lichter und starke Ger\u00fcche zu vermeiden. Leises Beten ist selbstverst\u00e4ndlich erlaubt.<\/p>\n\n\n\n<h2 class=\"wp-block-heading\">F\u00fcr Familien<\/h2>\n\n\n\n<p>F\u00fcr Teilnehmer*innen, welche Kinder mitnehmen, wird es einen Wickelraum geben.&nbsp;<\/p>\n\n\n\n<p class=\"translation-block\">Wir haben eine <a href=\"https:\/\/www.my-kidsbox.de\/\" data-type=\"link\" data-id=\"https:\/\/www.my-kidsbox.de\/\" target=\"_blank\" rel=\"noreferrer noopener\">KidsBox<\/a> reserviert. Wenn wir kurz vor Konferenzbeginn das Alter der besuchenden Kinder weiterleiten, kann die Box mit altersgerechten Spielzeugen und Bastelideen ausgestattet, bzw. eine zus\u00e4tzliche Spielzeugbox zur Verf\u00fcgung gestellt werden.<\/p>\n\n\n\n<p>Wir warten noch auf Antwort bez\u00fcglich der Verf\u00fcgbarkeit des Eltern-Kind-Raumes der Universit\u00e4t, aber werden auf jeden Fall in irgendeiner Form einen Kinderbereich einplanen.<\/p>\n\n\n\n<p>Wir hoffen, bald weitere Informationen bez\u00fcglich potentieller Kinderbetreuung auf der Konferenz zu haben.<\/p>\n\n\n\n<h2 class=\"wp-block-heading\">Pronomen auf den Namenschildern<\/h2>\n\n\n\n<p>Zus\u00e4tzlich zur Auswahl der eigenen Pronomen im Registrierungssystem werden wir vor Ort Pronomensticker anbieten, inklusive leerer Sticker, die individuell beschriftet werden k\u00f6nnen. Wer keine Pronomen angeben m\u00f6chte, muss auch keine Pronomen angeben.<\/p>\n\n\n\n<h2 class=\"wp-block-heading\">Unisex-Toiletten<\/h2>\n\n\n\n<p>Toiletten werden nicht nach Geschlechtern getrennt. Einige werden jedoch offene Pissoirs haben, an denen Teilnehmende vorbei m\u00fcssen, um zu den WC-Kabinen zu gelangen, w\u00e4hrend andere nur WC-Kabinen haben; diese Informationen werden wir auf Schildern anbringen.<\/p>\n\n\n\n<h2 class=\"wp-block-heading\">DEI+A chairs and SVs at the conference<\/h2>\n\n\n\n<p>Solltet Ihr w\u00e4hrend der Konferenz Zugangsprobleme oder Diskriminierung erfahren, sind die DEI+A chairs und Zugangs-SVs in Person und per E-mail erreichbar. Wir werden unser bestes geben, Euch zu unterst\u00fctzen:<br><a href=\"mailto:accessibility@mensch-und-computer.de\">accessibility@mensch-und-computer.de<\/a>.<\/p>\n\n\n\n<p><\/p>","protected":false},"excerpt":{"rendered":"<p>MuC 2025 aims to create an inclusive and respectful environment reflecting the diversity of our community. We will not tolerate discrimination and [&hellip;]<\/p>","protected":false},"author":11,"featured_media":0,"parent":0,"menu_order":0,"comment_status":"closed","ping_status":"closed","template":"","meta":{"footnotes":""},"class_list":["post-955","page","type-page","status-publish","hentry"],"_links":{"self":[{"href":"https:\/\/muc2025.mensch-und-computer.de\/de\/wp-json\/wp\/v2\/pages\/955","targetHints":{"allow":["GET"]}}],"collection":[{"href":"https:\/\/muc2025.mensch-und-computer.de\/de\/wp-json\/wp\/v2\/pages"}],"about":[{"href":"https:\/\/muc2025.mensch-und-computer.de\/de\/wp-json\/wp\/v2\/types\/page"}],"author":[{"embeddable":true,"href":"https:\/\/muc2025.mensch-und-computer.de\/de\/wp-json\/wp\/v2\/users\/11"}],"replies":[{"embeddable":true,"href":"https:\/\/muc2025.mensch-und-computer.de\/de\/wp-json\/wp\/v2\/comments?post=955"}],"version-history":[{"count":6,"href":"https:\/\/muc2025.mensch-und-computer.de\/de\/wp-json\/wp\/v2\/pages\/955\/revisions"}],"predecessor-version":[{"id":1534,"href":"https:\/\/muc2025.mensch-und-computer.de\/de\/wp-json\/wp\/v2\/pages\/955\/revisions\/1534"}],"wp:attachment":[{"href":"https:\/\/muc2025.mensch-und-computer.de\/de\/wp-json\/wp\/v2\/media?parent=955"}],"curies":[{"name":"wp","href":"https:\/\/api.w.org\/{rel}","templated":true}]}}