{"id":98,"date":"2024-07-30T10:57:46","date_gmt":"2024-07-30T10:57:46","guid":{"rendered":"https:\/\/muc2025.mensch-und-computer.de\/?page_id=98"},"modified":"2025-08-21T11:03:45","modified_gmt":"2025-08-21T11:03:45","slug":"accommodation","status":"publish","type":"page","link":"https:\/\/muc2025.mensch-und-computer.de\/de\/participation\/accommodation\/","title":{"rendered":"\u00dcbernachtung"},"content":{"rendered":"<p class=\"highlight-box\"><strong>Bitte beachten<\/strong>: Seit dem 01.01.2024 wird in Chemnitz die City Tax in H\u00f6he von 5 Prozent auf den \u00dcbernachtungspreis eingef\u00fchrt. Diese Steuer muss separat geleistet werden und ist im angegebenen Preis nicht enthalten.<\/p>\n\n\n\n<div style=\"position: relative; width: 100%; max-width: 1200px; margin: 0 auto;\">\n  <iframe loading=\"lazy\"\n    id=\"viata-event-iframe-muc-25\"\n    src=\"https:\/\/viata.ai\/event\/muc-25\"\n    width=\"100%\"\n    height=\"800\"\n    frameborder=\"0\"\n    allowfullscreen\n style=\"border-radius: 8px; overflow: hidden; display: block;\"\n  ><\/iframe>\n  <div style=\"display: flex; justify-content: flex-end; margin-top: 8px;\">\n    <a href=\"https:\/\/viata.ai\/event\/muc-25\" \n       target=\"_blank\"\n       rel=\"noopener noreferrer\"\n       style=\"display: inline-flex; align-items: center; gap: 8px; background-color: rgba(255, 255, 255, 0.8); color: #1f2937;               padding: 8px 16px; border-radius: 6px; text-decoration: none; font-family: -apple-system, BlinkMacSystemFont,               'Segoe UI', Roboto, Helvetica, Arial, sans-serif; font-size: 14px; font-weight: 500;               transition: all 0.2s ease; box-shadow: 0 1px 2px rgba(0, 0, 0, 0.05); border: 1px solid #e5e7eb;\">\n      <svg xmlns=\"http:\/\/www.w3.org\/2000\/svg\" width=\"16\" height=\"16\" viewbox=\"0 0 24 24\" fill=\"none\" \n           stroke=\"currentColor\" stroke-width=\"2\" stroke-linecap=\"round\" stroke-linejoin=\"round\" \n           style=\"color: #4b5563; transition: color 0.2s ease;\">\n        <polygon points=\"1 6 1 22 8 18 16 22 23 18 23 2 16 6 8 2 1 6\"><\/polygon>\n        <line x1=\"8\" y1=\"2\" x2=\"8\" y2=\"18\"><\/line>\n        <line x1=\"16\" y1=\"6\" x2=\"16\" y2=\"22\"><\/line>\n      <\/svg>\n      <span style=\"transition: color 0.2s ease;\">View larger map<\/span>\n    <\/a>\n  <\/div>\n<\/div>\n\n\n\n<div class=\"wp-block-media-text is-stacked-on-mobile\"><figure class=\"wp-block-media-text__media\"><img loading=\"lazy\" decoding=\"async\" width=\"1024\" height=\"640\" src=\"https:\/\/muc2025.mensch-und-computer.de\/wp-content\/uploads\/2024\/07\/co-56-Chemnitz-1600x1000-1-1024x640.jpg\" alt=\"Entrance of c\/o56 Hotel\" class=\"wp-image-163 size-full\" srcset=\"https:\/\/muc2025.mensch-und-computer.de\/wp-content\/uploads\/2024\/07\/co-56-Chemnitz-1600x1000-1-1024x640.jpg 1024w, https:\/\/muc2025.mensch-und-computer.de\/wp-content\/uploads\/2024\/07\/co-56-Chemnitz-1600x1000-1-300x188.jpg 300w, https:\/\/muc2025.mensch-und-computer.de\/wp-content\/uploads\/2024\/07\/co-56-Chemnitz-1600x1000-1-768x480.jpg 768w, https:\/\/muc2025.mensch-und-computer.de\/wp-content\/uploads\/2024\/07\/co-56-Chemnitz-1600x1000-1-1536x960.jpg 1536w, https:\/\/muc2025.mensch-und-computer.de\/wp-content\/uploads\/2024\/07\/co-56-Chemnitz-1600x1000-1-1000x625.jpg 1000w, https:\/\/muc2025.mensch-und-computer.de\/wp-content\/uploads\/2024\/07\/co-56-Chemnitz-1600x1000-1-230x144.jpg 230w, https:\/\/muc2025.mensch-und-computer.de\/wp-content\/uploads\/2024\/07\/co-56-Chemnitz-1600x1000-1-350x219.jpg 350w, https:\/\/muc2025.mensch-und-computer.de\/wp-content\/uploads\/2024\/07\/co-56-Chemnitz-1600x1000-1-480x300.jpg 480w, https:\/\/muc2025.mensch-und-computer.de\/wp-content\/uploads\/2024\/07\/co-56-Chemnitz-1600x1000-1.jpg 1600w\" sizes=\"auto, (max-width: 1024px) 100vw, 1024px\" \/><\/figure><div class=\"wp-block-media-text__content\">\n<p><a href=\"https:\/\/www.co56.de\">c\/o56<\/a><br>Salzstra\u00dfe 56<br>09113 Chemnitz<\/p>\n\n\n\n<p>Anfahrt: ca. 40 Min. mit \u00f6ffentlichen Verkehrsmitteln<\/p>\n<\/div><\/div>\n\n\n\n<details class=\"wp-block-details is-layout-flow wp-block-details-is-layout-flow\"><summary>Buchungsinformation \/ Kontingente<\/summary>\n<p><strong>Kontakt:<\/strong> Frau Laura Thierfelder<br><strong>Tel.:<\/strong> 0371 &#8211; 33 41 112<br><strong>Email:<\/strong> reservation@co56.de&nbsp;<br><strong>Stichwort:<\/strong> Mensch und Computer\/ MUC25<\/p>\n\n\n\n<p><br><strong>Kontingentablauf:<\/strong> 28.05.25<br>200 Zimmer<br>\u2013 Doppelbelegung 139,00 \u20ac\u00a0inkl. Fr\u00fchst\u00fcck und Mehrwertsteuer<br>\u2013 Einzelbelegung 119,00 \u20ac\u00a0inkl. Fr\u00fchst\u00fcck und Mehrwertsteuer<br><\/p>\n<\/details>\n\n\n\n<hr class=\"wp-block-separator has-alpha-channel-opacity\"\/>\n\n\n\n<div class=\"wp-block-media-text is-stacked-on-mobile\"><figure class=\"wp-block-media-text__media\"><img loading=\"lazy\" decoding=\"async\" width=\"1024\" height=\"559\" src=\"https:\/\/muc2025.mensch-und-computer.de\/wp-content\/uploads\/2025\/01\/Dorint-Hotel-Chemnitz_Aussenansicht-1-1024x559.jpg\" alt=\"Aerial view of Congress Hotel\" class=\"wp-image-537 size-full\" srcset=\"https:\/\/muc2025.mensch-und-computer.de\/wp-content\/uploads\/2025\/01\/Dorint-Hotel-Chemnitz_Aussenansicht-1-1024x559.jpg 1024w, https:\/\/muc2025.mensch-und-computer.de\/wp-content\/uploads\/2025\/01\/Dorint-Hotel-Chemnitz_Aussenansicht-1-300x164.jpg 300w, https:\/\/muc2025.mensch-und-computer.de\/wp-content\/uploads\/2025\/01\/Dorint-Hotel-Chemnitz_Aussenansicht-1-768x419.jpg 768w, https:\/\/muc2025.mensch-und-computer.de\/wp-content\/uploads\/2025\/01\/Dorint-Hotel-Chemnitz_Aussenansicht-1-1536x838.jpg 1536w, https:\/\/muc2025.mensch-und-computer.de\/wp-content\/uploads\/2025\/01\/Dorint-Hotel-Chemnitz_Aussenansicht-1-2048x1117.jpg 2048w, https:\/\/muc2025.mensch-und-computer.de\/wp-content\/uploads\/2025\/01\/Dorint-Hotel-Chemnitz_Aussenansicht-1-18x10.jpg 18w, https:\/\/muc2025.mensch-und-computer.de\/wp-content\/uploads\/2025\/01\/Dorint-Hotel-Chemnitz_Aussenansicht-1-1000x545.jpg 1000w, https:\/\/muc2025.mensch-und-computer.de\/wp-content\/uploads\/2025\/01\/Dorint-Hotel-Chemnitz_Aussenansicht-1-230x125.jpg 230w, https:\/\/muc2025.mensch-und-computer.de\/wp-content\/uploads\/2025\/01\/Dorint-Hotel-Chemnitz_Aussenansicht-1-350x191.jpg 350w, https:\/\/muc2025.mensch-und-computer.de\/wp-content\/uploads\/2025\/01\/Dorint-Hotel-Chemnitz_Aussenansicht-1-480x262.jpg 480w\" sizes=\"auto, (max-width: 1024px) 100vw, 1024px\" \/><\/figure><div class=\"wp-block-media-text__content\">\n<p><a href=\"https:\/\/www.gchhotelgroup.com\/de\/hotel\/congress-hotel-chemnitz\">Congress Hotel<\/a><br>Br\u00fcckenstra\u00dfe 19<br>09111 Chemnitz<\/p>\n\n\n\n<p>Anfahrt: ca. 20 Min. mit \u00f6ffentlichen Verkehrsmitteln<\/p>\n<\/div><\/div>\n\n\n\n<details class=\"wp-block-details is-layout-flow wp-block-details-is-layout-flow\"><summary>Buchungsinformation \/ Kontingente<\/summary>\n<p><strong>Kontakt:<\/strong> Frau Stefanie Warta<br><strong>Tel.:<\/strong> 0371 &#8211; 68 37 11<br><strong>Email:<\/strong> &nbsp;<a href=\"mailto:reservierung.che01@gchhotelgroup.com\">reservierung.che01@gchhotelgroup.com<\/a><br><strong>Stichwort:<\/strong> Mensch und Computer&nbsp;<\/p>\n\n\n\n<p><br><strong>Kontingentablauf:<\/strong> 16.08.2025<br>\u2013 30 Standard-Doppelzimmer 31.08.-03.09.25<br>\u2013 30 Economy Einzelzimmer 30.08.-03.09.25<br>  \u2013 Doppelzimmer Einzelbelegung 109,00 \u20ac\/Nacht inkl. Fr\u00fchst\u00fcck und Mehrwertsteuer<br>  \u2013 Doppelzimmer Doppelbelegung 119,00 \u20ac\/Nacht inkl. Fr\u00fchst\u00fcck und Mehrwertsteuer<br>  \u2013 Einzelzimmer 89,00 \u20ac\/Nacht inkl. Fr\u00fchst\u00fcck und Mehrwertsteuer<br><\/p>\n<\/details>\n\n\n\n<hr class=\"wp-block-separator has-alpha-channel-opacity\"\/>\n\n\n\n<div class=\"wp-block-media-text is-stacked-on-mobile\"><figure class=\"wp-block-media-text__media\"><img loading=\"lazy\" decoding=\"async\" width=\"1024\" height=\"425\" src=\"https:\/\/muc2025.mensch-und-computer.de\/wp-content\/uploads\/2024\/07\/biendo-1024x425.jpg\" alt=\"Inside View of a double room at Biendo Hotel\" class=\"wp-image-165 size-full\" srcset=\"https:\/\/muc2025.mensch-und-computer.de\/wp-content\/uploads\/2024\/07\/biendo-1024x425.jpg 1024w, https:\/\/muc2025.mensch-und-computer.de\/wp-content\/uploads\/2024\/07\/biendo-300x125.jpg 300w, https:\/\/muc2025.mensch-und-computer.de\/wp-content\/uploads\/2024\/07\/biendo-768x319.jpg 768w, https:\/\/muc2025.mensch-und-computer.de\/wp-content\/uploads\/2024\/07\/biendo-1536x638.jpg 1536w, https:\/\/muc2025.mensch-und-computer.de\/wp-content\/uploads\/2024\/07\/biendo-1000x415.jpg 1000w, https:\/\/muc2025.mensch-und-computer.de\/wp-content\/uploads\/2024\/07\/biendo-230x95.jpg 230w, https:\/\/muc2025.mensch-und-computer.de\/wp-content\/uploads\/2024\/07\/biendo-350x145.jpg 350w, https:\/\/muc2025.mensch-und-computer.de\/wp-content\/uploads\/2024\/07\/biendo-480x199.jpg 480w, https:\/\/muc2025.mensch-und-computer.de\/wp-content\/uploads\/2024\/07\/biendo.jpg 1922w\" sizes=\"auto, (max-width: 1024px) 100vw, 1024px\" \/><\/figure><div class=\"wp-block-media-text__content\">\n<p><a href=\"https:\/\/www.biendo-hotel.de\/\">Biendo<\/a><br>Stra\u00dfe der Nationen 12<br>09111 Chemnitz<\/p>\n\n\n\n<p>Anfahrt: ca. 15 Min. mit \u00f6ffentlichen Verkehrsmitteln<\/p>\n<\/div><\/div>\n\n\n\n<details class=\"wp-block-details is-layout-flow wp-block-details-is-layout-flow\"><summary>Buchungsinformation \/ Kontingente<\/summary>\n<p><strong>Kontakt:<\/strong> Herr Michael Lei\u00df<br><strong>Tel.:<\/strong> 0371 &#8211; 43 31 920<br><strong>Email:<\/strong> info@biendo-hotel.de<br><strong>Stichwort:<\/strong> 222272<\/p>\n\n\n\n<p><br><strong>Kontingentablauf:<\/strong> 29.06.25,\u00a012:00 Uhr<br>- 10 Doppelzimmer \u201eKomfort\u201c f\u00fcr je 2 Personen zum Preis von 129,00 \u20ac\/Nacht vom 30.08.2025 bis 03.09.2025 inkl. Fr\u00fchst\u00fcck und MwSt.<br>- 20 Einzelzimmer \u201eKomfort\u201c f\u00fcr je 1 Person zum Preis von 109,00 \u20ac\/Nacht vom 30.08.2025 bis 03.09.2025 inkl. Fr\u00fchst\u00fcck und MwSt.<\/p>\n<\/details>\n\n\n\n<hr class=\"wp-block-separator has-alpha-channel-opacity\"\/>\n\n\n\n<div class=\"wp-block-media-text is-stacked-on-mobile\"><figure class=\"wp-block-media-text__media\"><img loading=\"lazy\" decoding=\"async\" width=\"1024\" height=\"439\" src=\"https:\/\/muc2025.mensch-und-computer.de\/wp-content\/uploads\/2024\/07\/seaside-residenz-1024x439.jpg\" alt=\"Entrance view from Seaside Residenz Hotel\" class=\"wp-image-166 size-full\" srcset=\"https:\/\/muc2025.mensch-und-computer.de\/wp-content\/uploads\/2024\/07\/seaside-residenz-1024x439.jpg 1024w, https:\/\/muc2025.mensch-und-computer.de\/wp-content\/uploads\/2024\/07\/seaside-residenz-300x129.jpg 300w, https:\/\/muc2025.mensch-und-computer.de\/wp-content\/uploads\/2024\/07\/seaside-residenz-768x329.jpg 768w, https:\/\/muc2025.mensch-und-computer.de\/wp-content\/uploads\/2024\/07\/seaside-residenz-1536x658.jpg 1536w, https:\/\/muc2025.mensch-und-computer.de\/wp-content\/uploads\/2024\/07\/seaside-residenz-1000x429.jpg 1000w, https:\/\/muc2025.mensch-und-computer.de\/wp-content\/uploads\/2024\/07\/seaside-residenz-230x99.jpg 230w, https:\/\/muc2025.mensch-und-computer.de\/wp-content\/uploads\/2024\/07\/seaside-residenz-350x150.jpg 350w, https:\/\/muc2025.mensch-und-computer.de\/wp-content\/uploads\/2024\/07\/seaside-residenz-480x206.jpg 480w, https:\/\/muc2025.mensch-und-computer.de\/wp-content\/uploads\/2024\/07\/seaside-residenz.jpg 1920w\" sizes=\"auto, (max-width: 1024px) 100vw, 1024px\" \/><\/figure><div class=\"wp-block-media-text__content\">\n<p><a href=\"https:\/\/www.residenzhotelchemnitz.de\/\">Seaside Residenz<\/a><br>Bernsdorfer Stra\u00dfe 2<br>09126 Chemnitz<\/p>\n\n\n\n<p>Anfahrt: ca. 7 Min. mit \u00f6ffentlichen Verkehrsmitteln<\/p>\n<\/div><\/div>\n\n\n\n<details class=\"wp-block-details is-layout-flow wp-block-details-is-layout-flow\"><summary>Buchungsinformation \/ Kontingente<\/summary>\n<p><strong>Kontakt:<\/strong> Frau Elisa Thimm<br><strong>Tel.:<\/strong> 0371 \/ 3551-0<br><strong>Email:<\/strong> info@residenzhotelchemnitz.de<br><strong>Stichwort:<\/strong> MuC<\/p>\n\n\n\n<p><br><strong>Kontingentablauf:<\/strong> 10.08.25<br>\u2013 32 Einzelzimmer Standard 31.08.25 \u2013 03.09.25 60,00 \u20ac\/Nacht\u00a0inkl. Fr\u00fchst\u00fcck und Mehrwertsteuer<br>\u2013 18 Doppelzimmer Standard 31.08.25 \u2013 03.09.25 80,00 \u20ac\/Nacht\u00a0inkl. Fr\u00fchst\u00fcck und Mehrwertsteuer<br>\u2013 20 Einzelzimmer Premium 31.08.25 \u2013 03.09.25 62,00 \u20ac\/Nacht\u00a0inkl. Fr\u00fchst\u00fcck und Mehrwertsteuer<br>\u2013 10 Doppelzimmer Premium 31.08.25 \u2013 03.09.25 82,00 \u20ac\/Nacht\u00a0inkl. Fr\u00fchst\u00fcck und Mehrwertsteuer<br>\u2013 10 Einzelzimmer Deluxe 31.08.25 \u2013 03.09.25 80,00 \u20ac\u00a0\u00a0inkl. Fr\u00fchst\u00fcck und Mehrwertsteuer<br>\u2013 10 Doppelzimmer Deluxe 31.08.25 \u2013 03.09.25 100,00 \u20ac\/Nacht\u00a0inkl. Fr\u00fchst\u00fcck und Mehrwertsteuer<\/p>\n<\/details>\n\n\n\n<hr class=\"wp-block-separator has-alpha-channel-opacity\"\/>\n\n\n\n<div class=\"wp-block-media-text is-stacked-on-mobile\"><figure class=\"wp-block-media-text__media\"><img loading=\"lazy\" decoding=\"async\" width=\"1800\" height=\"1200\" src=\"https:\/\/muc2025.mensch-und-computer.de\/wp-content\/uploads\/2024\/07\/super_8.avif\" alt=\"Outside view on the Super 8 Hotel\" class=\"wp-image-167 size-full\"\/><\/figure><div class=\"wp-block-media-text__content\">\n<p><a href=\"https:\/\/www.wyndhamhotels.com\/de-de\/super-8\/chemnitz-germany\/super-8-chemnitz\/overview\">Super 8<\/a><br>Stefan Heym Platz 3<br>09111 Chemnitz<\/p>\n\n\n\n<p>Anfahrt: ca. 15 Min. mit \u00f6ffentlichen Verkehrsmitteln<\/p>\n<\/div><\/div>\n\n\n\n<details class=\"wp-block-details is-layout-flow wp-block-details-is-layout-flow\"><summary>Buchungsinformation \/ Kontingente<\/summary>\n<p><strong>Kontakt:<\/strong> Frau Stephanie Gottschall<br><strong>Tel.:<\/strong> 0371 &#8211; 91 28 970<br><strong>Email:<\/strong> 55369@super8chemnitz.de<br><strong>Stichwort:<\/strong> MuC &#8211; Mensch und Computer<\/p>\n\n\n\n<p><br><strong>Kontingentablauf:<\/strong> 8 Wochen vor Anreise<br>\u2013 75 Zimmereinheiten Standard<br>\u2013 \u00dcbernachtung im Doppelzimmer zur Einzelbelegung der vereinbarten Kategorie 79,00 \u20ac\/Nacht inkl. Fr\u00fchst\u00fcck und Mehrwertsteuer<br>\u2013 \u00dcbernachtung im Doppelzimmer der vereinbarten Kategorie 89,00 \u20ac\/Nacht\u00a0inkl. Fr\u00fchst\u00fcck und Mehrwertsteuer<br><\/p>\n<\/details>\n\n\n\n<hr class=\"wp-block-separator has-alpha-channel-opacity\"\/>\n\n\n\n<div class=\"wp-block-media-text is-stacked-on-mobile\"><figure class=\"wp-block-media-text__media\"><img loading=\"lazy\" decoding=\"async\" width=\"815\" height=\"363\" src=\"https:\/\/muc2025.mensch-und-computer.de\/wp-content\/uploads\/2024\/07\/B-B_HOTEL_CHEMNITZ_4_1080x482-15040.webp\" alt=\"Outside view of B&amp;B Hotel\" class=\"wp-image-168 size-full\" srcset=\"https:\/\/muc2025.mensch-und-computer.de\/wp-content\/uploads\/2024\/07\/B-B_HOTEL_CHEMNITZ_4_1080x482-15040.webp 815w, https:\/\/muc2025.mensch-und-computer.de\/wp-content\/uploads\/2024\/07\/B-B_HOTEL_CHEMNITZ_4_1080x482-15040-300x134.webp 300w, https:\/\/muc2025.mensch-und-computer.de\/wp-content\/uploads\/2024\/07\/B-B_HOTEL_CHEMNITZ_4_1080x482-15040-768x342.webp 768w, https:\/\/muc2025.mensch-und-computer.de\/wp-content\/uploads\/2024\/07\/B-B_HOTEL_CHEMNITZ_4_1080x482-15040-230x102.webp 230w, https:\/\/muc2025.mensch-und-computer.de\/wp-content\/uploads\/2024\/07\/B-B_HOTEL_CHEMNITZ_4_1080x482-15040-350x156.webp 350w, https:\/\/muc2025.mensch-und-computer.de\/wp-content\/uploads\/2024\/07\/B-B_HOTEL_CHEMNITZ_4_1080x482-15040-480x214.webp 480w\" sizes=\"auto, (max-width: 815px) 100vw, 815px\" \/><\/figure><div class=\"wp-block-media-text__content\">\n<p><a href=\"https:\/\/www.hotel-bb.com\/de\/hotel\/chemnitz\">B&amp;B<\/a><br>Zwickauer Stra\u00dfe 13<br>09112 Chemnitz<\/p>\n\n\n\n<p>Anfahrt: ca. 20 Min. mit \u00f6ffentlichen Verkehrsmitteln<\/p>\n<\/div><\/div>\n\n\n\n<details class=\"wp-block-details is-layout-flow wp-block-details-is-layout-flow\"><summary>Buchungsinformation \/ Kontingente<\/summary>\n<p><strong>Kontakt:<\/strong> Herr Sebastian Pauly&nbsp;<br><strong>Tel.:<\/strong> 0371 &#8211; 35 50 58 80&nbsp;<br><strong>Email:<\/strong> chemnitz@hotelbb.com&nbsp;<br><strong>Stichwort:<\/strong> Mensch und Computer<\/p>\n\n\n\n<p><br><strong>Kontingentablauf:<\/strong> \/<br>&#8211; Single room: 69,00 \u20ac\/night <strong>exkl.<\/strong> Fr\u00fchst\u00fcck<br>&#8211; Double room: 79,00 \u20ac\/night <strong>exkl.<\/strong> Fr\u00fchst\u00fcck<\/p>\n<\/details>\n\n\n\n<p><\/p>","protected":false},"excerpt":{"rendered":"<p>Please note: Since 01.01.2024, the City Tax of 5 percent on the overnight price will be introduced in Chemnitz. This tax must [&hellip;]<\/p>","protected":false},"author":6,"featured_media":0,"parent":94,"menu_order":0,"comment_status":"closed","ping_status":"closed","template":"","meta":{"footnotes":""},"class_list":["post-98","page","type-page","status-publish","hentry"],"_links":{"self":[{"href":"https:\/\/muc2025.mensch-und-computer.de\/de\/wp-json\/wp\/v2\/pages\/98","targetHints":{"allow":["GET"]}}],"collection":[{"href":"https:\/\/muc2025.mensch-und-computer.de\/de\/wp-json\/wp\/v2\/pages"}],"about":[{"href":"https:\/\/muc2025.mensch-und-computer.de\/de\/wp-json\/wp\/v2\/types\/page"}],"author":[{"embeddable":true,"href":"https:\/\/muc2025.mensch-und-computer.de\/de\/wp-json\/wp\/v2\/users\/6"}],"replies":[{"embeddable":true,"href":"https:\/\/muc2025.mensch-und-computer.de\/de\/wp-json\/wp\/v2\/comments?post=98"}],"version-history":[{"count":29,"href":"https:\/\/muc2025.mensch-und-computer.de\/de\/wp-json\/wp\/v2\/pages\/98\/revisions"}],"predecessor-version":[{"id":1474,"href":"https:\/\/muc2025.mensch-und-computer.de\/de\/wp-json\/wp\/v2\/pages\/98\/revisions\/1474"}],"up":[{"embeddable":true,"href":"https:\/\/muc2025.mensch-und-computer.de\/de\/wp-json\/wp\/v2\/pages\/94"}],"wp:attachment":[{"href":"https:\/\/muc2025.mensch-und-computer.de\/de\/wp-json\/wp\/v2\/media?parent=98"}],"curies":[{"name":"wp","href":"https:\/\/api.w.org\/{rel}","templated":true}]}}