{"id":1351,"date":"2025-07-24T07:47:04","date_gmt":"2025-07-24T07:47:04","guid":{"rendered":"https:\/\/muc2025.mensch-und-computer.de\/?page_id=1351"},"modified":"2026-03-10T12:40:28","modified_gmt":"2026-03-10T12:40:28","slug":"hci-sessions","status":"publish","type":"page","link":"https:\/\/muc2025.mensch-und-computer.de\/en\/programme\/hci-sessions\/","title":{"rendered":"HCI Sessions"},"content":{"rendered":"\n<figure class=\"wp-block-table table-new\"><table><thead><tr><th>Titel<\/th><th>Day, local time<\/th><th>Session Chairs<\/th><\/tr><\/thead><tbody><tr><td><a href=\"#session-1\"><strong>Session 01: UX, Usability, and Participation<\/strong><\/a><\/td><td>Monday, 11 am &#8211; 12:30 pm<\/td><td>Fiona Draxler<\/td><\/tr><tr><td><a href=\"#session-2\"><strong>Session 02: AI, Robots, and Humans<\/strong><\/a><\/td><td>Monday, 2 pm &#8211; 3:30 pm<\/td><td>Max Pascher<\/td><\/tr><tr><td><a href=\"#session-3\" data-type=\"internal\" data-id=\"#session-3\"><strong>Session 03: AR and VR for Health and User Needs<\/strong><\/a><\/td><td>Tuesday, 11 am &#8211; 12:30 pm<\/td><td>Christina Schneegass<\/td><\/tr><tr><td><a href=\"#session-4\"><strong>Session 04: Interaction, Modalities, and Sensing<\/strong><\/a><\/td><td>Tuesday, 2 pm &#8211; 3:30 pm<\/td><td>Giuseppe Sanseverino<\/td><\/tr><tr><td><a href=\"#session-5\"><strong>Session 05: Mobility and Extended Reality<\/strong><\/a><\/td><td>Tuesday, 4 pm &#8211; 5:45 pm<\/td><td>Florian Michahelles<\/td><\/tr><tr><td><a href=\"#session-6\"><strong>Session 06: Supporting Creativity<\/strong><\/a><\/td><td>Wednesday, 9 am &#8211; 10:30 am<\/td><td>Florian Bemmann<\/td><\/tr><\/tbody><\/table><\/figure>\n\n\n\n<h2 class=\"wp-block-heading\" id=\"session-1\">Session 01: UX, Usability, and Participation<\/h2>\n\n\n\n<p class=\"highlight-box\"><strong>Day:<\/strong> Monday, 01.09.2025<br><strong>Time:<\/strong> 11:00 am \u2013 12:30 pm<br><strong>Room:<\/strong> 2\/N115<br><strong>Session Chair:<\/strong> Fiona Draxler<\/p>\n\n\n\n<p><strong>LAURA: A Framework for Assessing the Usability of IT Security Policies Based on Learnability, Actionability, Understandability, Relevance, and Abstraction<\/strong><br>Mario Hoffmann, Francesca M\u00fcller, Arthur Fleig<br><a href=\"https:\/\/doi.org\/10.1145\/3743049.3743052\">https:\/\/doi.org\/10.1145\/3743049.3743052<\/a><\/p>\n\n\n\n<p><strong>A Systematic and Validated Translation of the Perceived Empathy of Technology Scale from English to German<\/strong><br>Matthias Schmidmaier, Lukas Sch\u00f6berl, Jonathan Rupp, Sven Mayer<br><a href=\"https:\/\/doi.org\/10.1145\/3743049.3743082\">https:\/\/doi.org\/10.1145\/3743049.3743082<\/a><\/p>\n\n\n\n<p><strong>Towards Adaptive Difficulty and Personalized Player Experience: A Data-Driven Approach Combining Game Analytics, Sensor Data, and Personality Traits<\/strong><br>Thinh Duc Tran, Manuel Heinzig, Holger Langner, Marc Ritter<br><a href=\"https:\/\/doi.org\/10.1145\/3743049.3743070\">https:\/\/doi.org\/10.1145\/3743049.3743070<\/a><\/p>\n\n\n\n<p><strong>Anchoring Human-Centeredness in Organizations: A Study on the Current State of UX Vision and UX Strategy<\/strong><br>Bj\u00f6rn Rohles, Julia Messerschmidt<br><a href=\"https:\/\/doi.org\/10.1145\/3743049.3743058\">https:\/\/doi.org\/10.1145\/3743049.3743058<\/a><\/p>\n\n\n\n<p><strong>Pop-Up Participatory Exhibitions: Combining Ideation, User Research, and Outreach in an Interactive Format<\/strong><br>Sarah Thanner, Marie Sautmann, Vitus Maierh\u00f6fer, Raphael Wimmer<br><a href=\"https:\/\/doi.org\/10.1145\/3743049.3743067\">https:\/\/doi.org\/10.1145\/3743049.3743067<\/a><\/p>\n\n\n\n<p><strong>The Impostor is Among Us: Can Large Language Models Capture the Complexity of Human Personas?<\/strong><br>Christopher Lazik, Christopher Katins, Charlotte Kauter, Jonas Jakob, Caroline Jay, Lars Grunske, Thomas Kosch<br><a href=\"https:\/\/doi.org\/10.1145\/3743049.3743057\">https:\/\/doi.org\/10.1145\/3743049.3743057<\/a><\/p>\n\n\n\n<h2 class=\"wp-block-heading\" id=\"session-2\">Session 02: AI, Robots, and Humans<\/h2>\n\n\n\n<p class=\"highlight-box\"><strong><strong>Day<\/strong>:<\/strong> Monday, 01.09.2025<br><strong>Time:<\/strong> 02:00 pm \u2013 03:30 pm<br><strong>Room:<\/strong> 2\/N115<br><strong>Session Chair:<\/strong> Max Pascher<\/p>\n\n\n\n<p><strong>Social Robots as Providers of Social Support?<\/strong><br>Erik Barsuhn, Bernd-Friedrich Voigt<br><a href=\"https:\/\/doi.org\/10.1145\/3743049.3743078\">https:\/\/doi.org\/10.1145\/3743049.3743078<\/a><\/p>\n\n\n\n<p><strong>Influence of Perceived Danger on Proxemics in Human-Robot Object Handovers<\/strong><br>Carl Oechsner, Jan Leusmann, Robin Welsch, Andreas Martin Butz, Sven Mayer<br><a href=\"https:\/\/doi.org\/10.1145\/3743049.3743064\">https:\/\/doi.org\/10.1145\/3743049.3743064<\/a><\/p>\n\n\n\n<p><strong>Explained or Certified? Examining the Influence of XAI and AI-Seals on Users\u2019 Trust and Understanding<\/strong><br>Natalia Szymczyk, Jessica M. Szczuka, Nicole Kr\u00e4mer, Magdalena Wischnewski<br><a href=\"https:\/\/doi.org\/10.1145\/3743049.3743072\">https:\/\/doi.org\/10.1145\/3743049.3743072<\/a><\/p>\n\n\n\n<p><strong>Bridging Explainability and Interactivity to foster Trust and increase Interpretability in AI-systems<\/strong><br>Marco Fries, Louisa Maria Sauter, Julia Nie\u00dfner, Markus Keyser, Thomas Ludwig<br><a href=\"https:\/\/doi.org\/10.1145\/3743049.3743053\">https:\/\/doi.org\/10.1145\/3743049.3743053<\/a><\/p>\n\n\n\n<p><strong>AI to the Rescue: Supporting Manual Annotation for Dataset Creation<\/strong><br>Carina Liebers, Metehan Ertas, Niklas Pf\u00fctzenreuter, Jonas Auda, Uwe Gruenefeld, Stefan Schneegass<br><a href=\"https:\/\/doi.org\/10.1145\/3743049.3743086\">https:\/\/doi.org\/10.1145\/3743049.3743086<\/a><\/p>\n\n\n\n<h2 class=\"wp-block-heading\" id=\"session-3\">Session 03: AR and VR for Health and User Needs<\/h2>\n\n\n\n<p class=\"highlight-box\"><strong><strong>Day<\/strong>:<\/strong> Tuesday, 02.09.2025<br><strong>Time:<\/strong> 11:00 am \u2013 12:30 pm<br><strong>Room:<\/strong> 2\/N115<br><strong>Session Chair:<\/strong> Christina Schneegass<\/p>\n\n\n\n<p><strong>Public Perceptions on Psychological and Social Impacts of Virtual and Augmented Reality<\/strong><br>Christopher Katins, Katja Chen, Christopher Lazik, Pascal Knierim, Karola Marky, Thomas Kosch<br><a href=\"https:\/\/doi.org\/10.1145\/3743049.3743079\">https:\/\/doi.org\/10.1145\/3743049.3743079<\/a><\/p>\n\n\n\n<p><strong>IVAs&#8217; Future in Therapy: Investigating the Impact of Intelligent Virtual Agents in VR on Psychological Self-Help Exercises and User Satisfaction<\/strong><br>Sebastian Rings, Lucie Kruse, Catharina Rudschies, Lara Rolvien, Gesche Schauenburg, J\u00fcrgen Gallinat, Ingrid Schneider, Frank Steinicke<br><a href=\"https:\/\/doi.org\/10.1145\/3743049.3743079\">https:\/\/doi.org\/10.1145\/3743049.3743079<\/a><\/p>\n\n\n\n<p><strong>The Stability of Plausibility and Presence in Claustrophobic Virtual Reality Exposure Therapy<\/strong><br>Joanna Grause, Larissa Br\u00fcbach, Franziska Westermeier, Carolin Wienrich, Marc Erich Latoschik<br><a href=\"https:\/\/doi.org\/10.1145\/3743049.3743068\">https:\/\/doi.org\/10.1145\/3743049.3743068<\/a><\/p>\n\n\n\n<p><strong>Understanding the Impact of Glaucoma Severities Through Virtual Reality Simulations<\/strong><br>Jesse W Grootjen, Sairam Narsimha Reddy Yadla, Sven Mayer<br><a href=\"https:\/\/doi.org\/10.1145\/3743049.3743084\">https:\/\/doi.org\/10.1145\/3743049.3743084<\/a><\/p>\n\n\n\n<p><strong>Combining Mixed Reality and 2D Displays for 3D Design: An Exploratory Study to Enhance User Needs<\/strong><br>Adrian Schr\u00f6der, Eike Langbehn<br><a href=\"https:\/\/doi.org\/10.1145\/3743049.3743066\">https:\/\/doi.org\/10.1145\/3743049.3743066<\/a><\/p>\n\n\n\n<p><strong>A Systematic Review of the Impact of a Standardized Embodiment Questionnaire on Virtual Reality Research<\/strong><br>Philipp Samuel Fabritius, Jan-Philipp Stein, Lewis L Chuang<br><a href=\"https:\/\/doi.org\/10.1145\/3743049.3743077\">https:\/\/doi.org\/10.1145\/3743049.3743077<\/a><\/p>\n\n\n\n<h2 class=\"wp-block-heading\" id=\"session-4\">Session 04: Interaction Modalities and Sensing<\/h2>\n\n\n\n<p class=\"highlight-box\"><strong><strong>Day<\/strong>:<\/strong> Tuesday, 02.09.2025<br><strong>Time:<\/strong> 02:00 pm \u2013 03:30 pm<br><strong>Room:<\/strong> 2\/N115<br><strong>Session Chair:<\/strong> Giuseppe Sanseverino<\/p>\n\n\n\n<p><strong>MovPad: Feeling Holes and Bumps using a Moving Touchpad<\/strong><br>Marco Kurzweg, Jan Willms, Adrien Chaffangeon Caillet, Katrin Wolf<br><a href=\"https:\/\/doi.org\/10.1145\/3743049.3743071\">https:\/\/doi.org\/10.1145\/3743049.3743071<\/a><\/p>\n\n\n\n<p><strong>MindSpace: Improving Relaxation Break and Performance Using a Device Exterting Tactile Sensation of Life-like Breathing Movement with Squeeze-like Deep Touch Pressure on Users&#8217; Upper Chest Area<\/strong><br>Misaki Kikuchi, Kanyu Chen, Rebecca Panskus, Dunya Chen, Keiko Okawa, Kai Kunze<br><a href=\"https:\/\/doi.org\/10.1145\/3743049.3743054\">https:\/\/doi.org\/10.1145\/3743049.3743054<\/a><\/p>\n\n\n\n<p><strong>Exploring Foot-Operated Input for Desktop Applications<\/strong><br>Nicole Sch\u00f6nwerth, Andreas Schmid, Raphael Wimmer, Niels Henze<br><a href=\"https:\/\/doi.org\/10.1145\/3743049.3743069\">https:\/\/doi.org\/10.1145\/3743049.3743069<\/a><\/p>\n\n\n\n<p><strong>Let the Door Handle It: Exploring Biometric User Recognition Embedded in Doors<\/strong><br>Sarah Delgado Rodriguez, Lukas Mecke, Ismael Prieto Romero, Melina Bregenzer, Florian Alt<br><a href=\"https:\/\/doi.org\/10.1145\/3743049.3743075\">https:\/\/doi.org\/10.1145\/3743049.3743075<\/a><\/p>\n\n\n\n<p><strong>Can&#8217;t (Midas) touch this: An Evaluation of clutching methods for Opportunistic Tangible Interfaces on Interactive Tabletops<\/strong><br>Maximilian Thomas Kilger, Elisabeth Philipp, Vitus Maierh\u00f6fer<br><a href=\"https:\/\/doi.org\/10.1145\/3743049.3743055\">https:\/\/doi.org\/10.1145\/3743049.3743055<\/a><\/p>\n\n\n\n<p><strong>Designing Safer Touch Displays: Digitally Distributing Physical Touch on a Public Display<\/strong> <strong>[remote]<\/strong><br>Lou Elah S\u00fcsslin, Ville M\u00e4kel\u00e4, Florian Alt, Linda Hirsch<br><a href=\"https:\/\/doi.org\/10.1145\/3743049.3743083\">https:\/\/doi.org\/10.1145\/3743049.3743083<\/a><\/p>\n\n\n\n<h2 class=\"wp-block-heading\" id=\"session-5\">Session 05: Mobility and Extended Reality<\/h2>\n\n\n\n<p class=\"highlight-box\"><strong><strong>Day<\/strong>:<\/strong> Tuesday, 02.09.2025<br><strong>Time:<\/strong> 04:00 pm \u2013 05:45 pm<br><strong>Room:<\/strong> 2\/N115<br><strong>Session Chair:<\/strong> Florian Michahelles<\/p>\n\n\n\n<p><strong>Route2Vec: Enabling Efficient Use of Driving Context through Contextualized Route Representations<\/strong><br>Philipp Hallgarten, Thomas Kosch, Tobias Grosse-Puppendahl, Enkelejda Kasneci<br><a href=\"https:\/\/doi.org\/10.1145\/3743049.3743056\">https:\/\/doi.org\/10.1145\/3743049.3743056<\/a><\/p>\n\n\n\n<p><strong>Diversity and Anticipated Acceptance of Automated Driving: The Impact of the Living Environment and Gender &#8211; Establishing Convergent and Discriminant Validity of the QAAD<\/strong><br>Klemens Weigl, Mira Scheuvens<br><a href=\"https:\/\/doi.org\/10.1145\/3743049.3743074\">https:\/\/doi.org\/10.1145\/3743049.3743074<\/a><\/p>\n\n\n\n<p><strong>Diverse Future Mobility: The Influence of Gender, Age, Ethics, Empathy, and Perceived Safety on the Anticipated Acceptance of Automated Driving<\/strong><br>Alida Eschenlohr, Klemens Weigl<br><a href=\"https:\/\/doi.org\/10.1145\/3743049.3743051\">https:\/\/doi.org\/10.1145\/3743049.3743051<\/a><\/p>\n\n\n\n<p><strong>Driving Together: An Analysis of Passengers&#8217; Needs and Desire for Cooperative Control in Automated Vehicles<\/strong><br>Jakob Peintner, Bhavana Malve, Shadan Sadeghian, Andreas Riener<br><a href=\"https:\/\/doi.org\/10.1145\/3743049.3743061\">https:\/\/doi.org\/10.1145\/3743049.3743061<\/a><\/p>\n\n\n\n<p><strong>EMG-based Confirmation of Gaze Selection in Extended Reality<\/strong><br>Judith Hartfill, Michael Arz, Frank Steinicke<br><a href=\"https:\/\/doi.org\/10.1145\/3743049.3743062\">https:\/\/doi.org\/10.1145\/3743049.3743062<\/a><\/p>\n\n\n\n<p><strong>Wrist-Powered Touch: Evaluating Smartwatch-Based Touch Gesture Recognition for Interaction in Extended Reality<\/strong><br>Pascal Knierim, Jacob H\u00f6ck, Thomas Kosch<br><a href=\"https:\/\/doi.org\/10.1145\/3743049.3743090\">https:\/\/doi.org\/10.1145\/3743049.3743090<\/a><\/p>\n\n\n\n<p><strong>The Effect of Interaction Language on Preferences for Communication Repair Strategies in Digital Voice Assistants (DVAs): A Comparative Study<\/strong> <strong>[remote]<\/strong><br>Essam Alghamdi, Martin Halvey, Emma Nicol<br><a href=\"https:\/\/doi.org\/10.1145\/3743049.3743050\">https:\/\/doi.org\/10.1145\/3743049.3743050<\/a><\/p>\n\n\n\n<h2 class=\"wp-block-heading\" id=\"session-6\">Session 06: Supporting Creativity<\/h2>\n\n\n\n<p class=\"highlight-box\"><strong><strong>Day<\/strong>:<\/strong> Wednesday, 03.09.2025<br><strong>Time:<\/strong> 09:00 am \u2013 10:30 am<br><strong>Room:<\/strong> 2\/N115<br><strong>Session Chair:<\/strong> Florian Bemmann<\/p>\n\n\n\n<p><strong>Groups and AI: How Access to Generative AI Influences Creative Teamwork<\/strong><br>Paul Miles Preuschoff, Raghad Zaghal, Oliver Nowak, Jan Borchers<br><a href=\"https:\/\/doi.org\/10.1145\/3743049.3743073\">https:\/\/doi.org\/10.1145\/3743049.3743073<\/a><\/p>\n\n\n\n<p><strong>Towards Creative VR Workspaces: Investigating Effects of Room Size and Object Presence on Creativity<\/strong><br>Johannes Klein, Alexander Kalus, Elisa Valletta, Katrin Wolf, Niels Henze<br><a href=\"https:\/\/doi.org\/10.1145\/3743049.3743059\">https:\/\/doi.org\/10.1145\/3743049.3743059<\/a><\/p>\n\n\n\n<p><strong><strong>Framing, Fixation, Filtering: A Literature Review on Metaphors for Creativity in HCI<\/strong><\/strong><br>Veronika Wei\u00df, Bernhard Preim<br><a href=\"https:\/\/doi.org\/10.1145\/3743049.3743080\">https:\/\/doi.org\/10.1145\/3743049.3743080<\/a><\/p>\n\n\n\n<p><strong>Human-AI Interaction Patterns in Creative Domains and Their Time-Based Visualization<\/strong><br>Rebecca Leger, Daniel Buschek<br><a href=\"https:\/\/doi.org\/10.1145\/3743049.3743081\">https:\/\/doi.org\/10.1145\/3743049.3743081<\/a><\/p>\n\n\n\n<p><strong>Beyond &#8220;Just&#8221; Text: Can an AI-Generated Graphic Novel Enhance the Reading Experience of Non-Native English Readers?<\/strong><br>Alice Vitali, Isaac Alpizar-Chacon, Christina Schneegass, Tilman Dingler, Ioanna Lykourentzou<br><a href=\"https:\/\/doi.org\/10.1145\/3743049.3743076\">https:\/\/doi.org\/10.1145\/3743049.3743076<\/a><\/p>\n\n\n\n<p><strong>\u201cWhat do they think about my idea?\u201d- Co-Designing an E-Participation Tool for Participatory Urban Planning in Germany<\/strong> <strong>[remote]<\/strong><br>Sonja Mei Wang, Jonathan Seim, Nicola Fricke<br><a href=\"https:\/\/doi.org\/10.1145\/3743049.3743065\">https:\/\/doi.org\/10.1145\/3743049.3743065<\/a><\/p>\n","protected":false},"excerpt":{"rendered":"<p>Titel Day, local time Session Chairs Session 01: UX, Usability, and Participation Monday, 11 am &#8211; 12:30 pm Fiona Draxler Session 02: [&hellip;]<\/p>\n","protected":false},"author":6,"featured_media":0,"parent":927,"menu_order":0,"comment_status":"closed","ping_status":"closed","template":"","meta":{"footnotes":""},"class_list":["post-1351","page","type-page","status-publish","hentry"],"_links":{"self":[{"href":"https:\/\/muc2025.mensch-und-computer.de\/en\/wp-json\/wp\/v2\/pages\/1351","targetHints":{"allow":["GET"]}}],"collection":[{"href":"https:\/\/muc2025.mensch-und-computer.de\/en\/wp-json\/wp\/v2\/pages"}],"about":[{"href":"https:\/\/muc2025.mensch-und-computer.de\/en\/wp-json\/wp\/v2\/types\/page"}],"author":[{"embeddable":true,"href":"https:\/\/muc2025.mensch-und-computer.de\/en\/wp-json\/wp\/v2\/users\/6"}],"replies":[{"embeddable":true,"href":"https:\/\/muc2025.mensch-und-computer.de\/en\/wp-json\/wp\/v2\/comments?post=1351"}],"version-history":[{"count":26,"href":"https:\/\/muc2025.mensch-und-computer.de\/en\/wp-json\/wp\/v2\/pages\/1351\/revisions"}],"predecessor-version":[{"id":2057,"href":"https:\/\/muc2025.mensch-und-computer.de\/en\/wp-json\/wp\/v2\/pages\/1351\/revisions\/2057"}],"up":[{"embeddable":true,"href":"https:\/\/muc2025.mensch-und-computer.de\/en\/wp-json\/wp\/v2\/pages\/927"}],"wp:attachment":[{"href":"https:\/\/muc2025.mensch-und-computer.de\/en\/wp-json\/wp\/v2\/media?parent=1351"}],"curies":[{"name":"wp","href":"https:\/\/api.w.org\/{rel}","templated":true}]}}